{"id":26989,"date":"2024-09-03T14:38:45","date_gmt":"2024-09-03T12:38:45","guid":{"rendered":"https:\/\/pawz.rs\/?post_type=product&#038;p=26989"},"modified":"2026-05-06T21:42:05","modified_gmt":"2026-05-06T19:42:05","slug":"animonda-carny-country-cat-adult-govedina-curetina-i-jelen","status":"publish","type":"product","link":"https:\/\/pawz.rs\/en\/animonda-carny-country-cat-adult-govedina-curetina-i-jelen\/","title":{"rendered":"Animonda Carny Country Cat Adult Govedina, \u0106uretina i Jelen"},"content":{"rendered":"<p><strong>Animonda Carny Country Cat Adult Govedina, \u0106uretina i Jelen<\/strong><\/p>\n<ul>\n<li>Kompletna hrana za ma\u010dke starosti od 1 do 6 godina<\/li>\n<li>100% sve\u017ei mesnati sastojci: \u0107uretina, govedina i divlja\u010d<\/li>\n<li>Bez \u017eitarica, soje ili \u0161e\u0107era<\/li>\n<li>Bez dodatih ve\u0161ta\u010dkih boja i zasla\u0111iva\u010da<\/li>\n<\/ul>\n<p>Ukusna \u0107uretina, gove\u0111a srca i jedinstveni ukus divlja\u010di: Carny Adult Country \u0106uretina, govedina + divlja\u010d donose odabrane 100% sve\u017ee, mesnate sastojke sa polja u \u010diniju Va\u0161e ma\u010dke.<br \/>\nMesnati sastojci i prepoznatljiv ukus mesa odu\u0161evi\u0107e ma\u010dke sa koli\u010dinom mesa koje sadr\u017ee.<br \/>\nObezbe\u0111uje ma\u010dku sa svim neophodnim nutritientima kao i sa taurinom koji im je potreban i ne sadr\u017ee poja\u010diva\u010de ukusa.<\/p>\n<p><strong>Sastav<\/strong>:<br \/>\n30% \u0107uretina (meso, jetra), 25% govedina (plu\u0107a, srca, vime), 8% meso jelena, kalcijum karbonat, natrijum hlorid.<\/p>\n<p><strong>Analiti\u010dki sastojci:<br \/>\n<\/strong>Protein\u00a010%, Sadr\u017eaj masti 6%, Sirova vlakna 0.3%, Sirov pepeo 1.7%, Vlaga 81%.<\/p>\n<p><strong>Dodaci po kg<\/strong>:<br \/>\n00 IE 3a671, 0,75 mg 3b202, 14 mg 3b503, 25 mg 3b605, 0,5 mg 3b405.<\/p>\n<p>Serve food in dry form with available fresh water.<br \/>\nFor your pet&#039;s health, consult a veterinarian regularly.<\/p>\n<p>Store the product in a dry, dark and cool place.<\/p>\n<p>Proizvo\u0111a\u010d: Rothenfelde<br \/>\nCountry of origin: Germany<\/p>\n\n    <div class=\"xs_social_share_widget xs_share_url after_content \t\tmain_content  wslu-style-1 wslu-share-box-shaped wslu-fill-colored wslu-none wslu-share-horizontal wslu-theme-font-no wslu-main_content\">\n\n\t\t\n        <ul>\n\t\t\t        <\/ul>\n    <\/div>","protected":false},"excerpt":{"rendered":"<p>Animonda Carny Country Cat Adult je pa\u0161teta namenjena odraslim ma\u010dkama<\/p>","protected":false},"featured_media":26480,"comment_status":"open","ping_status":"closed","template":"","meta":{"_acf_changed":false},"pwb-brand":[965],"product_cat":[23,21,150],"product_tag":[],"class_list":{"0":"post-26989","1":"product","2":"type-product","3":"status-publish","4":"has-post-thumbnail","6":"pwb-brand-animonda","7":"product_cat-macke","8":"product_cat-hrana-za-macke","9":"product_cat-vlazna-hrana-za-macke","11":"first","12":"outofstock","13":"taxable","14":"shipping-taxable","15":"purchasable","16":"product-type-variable","17":"has-default-attributes"},"acf":[],"brands":[{"id":965,"name":"Animonda","slug":"animonda"}],"_links":{"self":[{"href":"https:\/\/pawz.rs\/en\/wp-json\/wp\/v2\/product\/26989","targetHints":{"allow":["GET"]}}],"collection":[{"href":"https:\/\/pawz.rs\/en\/wp-json\/wp\/v2\/product"}],"about":[{"href":"https:\/\/pawz.rs\/en\/wp-json\/wp\/v2\/types\/product"}],"replies":[{"embeddable":true,"href":"https:\/\/pawz.rs\/en\/wp-json\/wp\/v2\/comments?post=26989"}],"wp:featuredmedia":[{"embeddable":true,"href":"https:\/\/pawz.rs\/en\/wp-json\/wp\/v2\/media\/26480"}],"wp:attachment":[{"href":"https:\/\/pawz.rs\/en\/wp-json\/wp\/v2\/media?parent=26989"}],"wp:term":[{"taxonomy":"pwb-brand","embeddable":true,"href":"https:\/\/pawz.rs\/en\/wp-json\/wp\/v2\/pwb-brand?post=26989"},{"taxonomy":"product_cat","embeddable":true,"href":"https:\/\/pawz.rs\/en\/wp-json\/wp\/v2\/product_cat?post=26989"},{"taxonomy":"product_tag","embeddable":true,"href":"https:\/\/pawz.rs\/en\/wp-json\/wp\/v2\/product_tag?post=26989"}],"curies":[{"name":"wp","href":"https:\/\/api.w.org\/{rel}","templated":true}]}}