{"id":26991,"date":"2024-09-03T14:38:47","date_gmt":"2024-09-03T12:38:47","guid":{"rendered":"https:\/\/pawz.rs\/?post_type=product&#038;p=26991"},"modified":"2026-05-06T21:41:59","modified_gmt":"2026-05-06T19:41:59","slug":"animonda-carny-cat-adult-kesice-multi-pakovanje-8-x-85-g","status":"publish","type":"product","link":"https:\/\/pawz.rs\/en\/animonda-carny-cat-adult-kesice-multi-pakovanje-8-x-85-g\/","title":{"rendered":"Animonda Carny Cat Adult Kesice Multi Pakovanje 8 x 85 g"},"content":{"rendered":"<p><strong>Animonda Carny Cat Adult Kesice Multi Pakovanje 8 x 85 g<\/strong><\/p>\n<ul>\n<li>Kompletna hrana za ma\u010dke starosti od 1 do 6 godina<\/li>\n<li>Mix pakovanje sa raznovrsnim varijantama<\/li>\n<li>Bez \u017eitarica, soje ili \u0161e\u0107era<\/li>\n<li>Bez dodatih ve\u0161ta\u010dkih boja i zasla\u0111iva\u010da<\/li>\n<\/ul>\n<p>Carny Adult Multipack pakovanje od 8 vre\u0107ica: Ukusne varijante u miks pakovanju za jednu porciju.<br \/>\nMa\u010dke \u0107e se radovati pakovanju od 8 vre\u0107ica ve\u0107 gotovog obroka mase 85 g<\/p>\n<p>Multipack pakovanje sadr\u017ei:<br \/>\n2x Teletina + Piletina<br \/>\n2x Raznovrsni mesni koktel<br \/>\n1x Govedina, \u0106uretina + \u0160kampi<br \/>\n1x Govedina + Noj<br \/>\n1x Govedina + Misirka<br \/>\n1x Govedina + Kengur<\/p>\n<p><strong>Sastav:<br \/>\n<\/strong>Mix koktel vre\u0107ice: 30% govedina (plu\u0107a, meso, srca, bubreg, vime), 29% piletina (jetra, stomak, vrat, meso),\u00a0 6% meso divlja\u010di, kalcijum karbonat, natrijum hlorid.<br \/>\n<strong>Govedina + piletina: <\/strong><br \/>\n35% govedina (plu\u0107a, srce, bubrezi, meso, vime), 30% chicken (jetra, meso, stomak, vrat), kalcijum karbonat, natrijum hlorid.<br \/>\n<strong>Govedina, \u0107uretina + \u0161kampi:<\/strong> 36% govedina (plu\u0107a, srce, meso, bubreg,vime), 25% \u0107uretina (jetra, srca), 4% \u0161kampi, kalcijum karbonat, natrijum hlorid.<br \/>\n<strong>Govedina + noj:<\/strong> 48% govedina (srce, meso, plu\u0107a, jetra, vime), 20% noj (iznutrice, meso), kalcijum karbonat, natrijum hlorid.<br \/>\n<strong>Govedina + kengur:<\/strong> 48% govedina (srce, meso, plu\u0107a, jetra, vime), 20% kengur (iznutrice, meso), kalcijum karbonat, natrijum hlorid.<br \/>\n<strong>Govedina + misirka:<\/strong> 48% govedina ( srce, meso, plu\u0107a, jetra, vime), 20% misirka (meso, kosti), natrijum hlorid.<\/p>\n<p><strong>Analiti\u010dki sastojci:<br \/>\n<\/strong>Protein 11%, Sadr\u017eaj masti 7%, Sirova vlakna 0.5%, Sirov pepeo 2.2%, Vlaga 76%.<\/p>\n<p><strong>Nutritivni dodaci:<\/strong><br \/>\n00 IE 3a671, 0,75 mg 3b202, 14 mg 3b503, 25 mg 3b605.<\/p>\n<p>Serve food in dry form with available fresh water.<br \/>\nFor your pet&#039;s health, consult a veterinarian regularly.<\/p>\n<p>Store the product in a dry, dark and cool place.<\/p>\n<p>Proizvo\u0111a\u010d: Rothenfelde<br \/>\nCountry of origin: Germany<\/p>\n\n    <div class=\"xs_social_share_widget xs_share_url after_content \t\tmain_content  wslu-style-1 wslu-share-box-shaped wslu-fill-colored wslu-none wslu-share-horizontal wslu-theme-font-no wslu-main_content\">\n\n\t\t\n        <ul>\n\t\t\t        <\/ul>\n    <\/div>","protected":false},"excerpt":{"rendered":"<p>Animonda Carny Cat Adult Kesice Multi Pakovanje predstavlja mix kesica razli\u010ditih ukusa, namenjene odraslim ma\u010dkama<\/p>","protected":false},"featured_media":26484,"comment_status":"open","ping_status":"closed","template":"","meta":{"_acf_changed":false},"pwb-brand":[965],"product_cat":[23,21,150],"product_tag":[],"class_list":{"0":"post-26991","1":"product","2":"type-product","3":"status-publish","4":"has-post-thumbnail","6":"pwb-brand-animonda","7":"product_cat-macke","8":"product_cat-hrana-za-macke","9":"product_cat-vlazna-hrana-za-macke","11":"first","12":"outofstock","13":"taxable","14":"shipping-taxable","15":"purchasable","16":"product-type-simple"},"acf":[],"brands":[{"id":965,"name":"Animonda","slug":"animonda"}],"_links":{"self":[{"href":"https:\/\/pawz.rs\/en\/wp-json\/wp\/v2\/product\/26991","targetHints":{"allow":["GET"]}}],"collection":[{"href":"https:\/\/pawz.rs\/en\/wp-json\/wp\/v2\/product"}],"about":[{"href":"https:\/\/pawz.rs\/en\/wp-json\/wp\/v2\/types\/product"}],"replies":[{"embeddable":true,"href":"https:\/\/pawz.rs\/en\/wp-json\/wp\/v2\/comments?post=26991"}],"wp:featuredmedia":[{"embeddable":true,"href":"https:\/\/pawz.rs\/en\/wp-json\/wp\/v2\/media\/26484"}],"wp:attachment":[{"href":"https:\/\/pawz.rs\/en\/wp-json\/wp\/v2\/media?parent=26991"}],"wp:term":[{"taxonomy":"pwb-brand","embeddable":true,"href":"https:\/\/pawz.rs\/en\/wp-json\/wp\/v2\/pwb-brand?post=26991"},{"taxonomy":"product_cat","embeddable":true,"href":"https:\/\/pawz.rs\/en\/wp-json\/wp\/v2\/product_cat?post=26991"},{"taxonomy":"product_tag","embeddable":true,"href":"https:\/\/pawz.rs\/en\/wp-json\/wp\/v2\/product_tag?post=26991"}],"curies":[{"name":"wp","href":"https:\/\/api.w.org\/{rel}","templated":true}]}}