{"id":26995,"date":"2024-09-03T14:38:22","date_gmt":"2024-09-03T12:38:22","guid":{"rendered":"https:\/\/pawz.rs\/?post_type=product&#038;p=26995"},"modified":"2026-05-06T21:42:06","modified_gmt":"2026-05-06T19:42:06","slug":"animonda-carny-adult-cat-kesice-govedina-i-zivina","status":"publish","type":"product","link":"https:\/\/pawz.rs\/en\/animonda-carny-adult-cat-kesice-govedina-i-zivina\/","title":{"rendered":"Animonda Carny Adult Cat Kesice Govedina i \u017divina"},"content":{"rendered":"<p><strong>Animonda Carny Adult Cat Kesice Govedina i \u017divina<\/strong><\/p>\n<ul>\n<li>Kompletna vla\u017ena hrana za odrasle ma\u010dke starosti od 1 do 6 godina<\/li>\n<li>Bez \u017eitarica, soje ili \u0161e\u0107era<\/li>\n<li>Bez dodatih ve\u0161ta\u010dkih boja i zasla\u0111iva\u010da<\/li>\n<\/ul>\n<p>Ukusni, ne\u017eno pripremljeni sastojci sa egzoti\u010dnim preokretom obezve\u0111uju neuporedivo u\u017eivanje u hrani<\/p>\n<p>Esencijalni vitamini, minerarlil i taurin \u010dine Carny Adult govedina i misirka uravnote\u017eenom kompletnom ishranom. Pakovanje od 85g je prakti\u010dno za jednu porciju.<\/p>\n<p><strong>Sastav<\/strong>:<br \/>\n48% govedina (srca, meso, plu\u0107a, jetra, vime), 20% misirka meso, kosti), natrium hlorid.<\/p>\n<p><strong>Analiti\u010dki sastojci:<br \/>\n<\/strong>Protein 11 %, Sadr\u017eaj masti 7%, Sirova vlakna 0.5%, Sirov pepeo 2.2%, Vlaga 76%.<\/p>\n<p><strong>Nutritivni dodaci:<\/strong><br \/>\n00 IE 3a671, 0,75 mg 3b202, 14 mg 3b503, 25 mg 3b605.<\/p>\n<p>Serve food in dry form with available fresh water.<br \/>\nFor your pet&#039;s health, consult a veterinarian regularly.<\/p>\n<p>Store the product in a dry, dark and cool place.<\/p>\n<p>Proizvo\u0111a\u010d: Rothenfelde<br \/>\nCountry of origin: Germany<\/p>\n\n    <div class=\"xs_social_share_widget xs_share_url after_content \t\tmain_content  wslu-style-1 wslu-share-box-shaped wslu-fill-colored wslu-none wslu-share-horizontal wslu-theme-font-no wslu-main_content\">\n\n\t\t\n        <ul>\n\t\t\t        <\/ul>\n    <\/div>","protected":false},"excerpt":{"rendered":"<p>Animonda Carny Adult Cat Kesice je vla\u017ena hrana za odrasle ma\u010dke sa govedinom i piletinom<\/p>","protected":false},"featured_media":26492,"comment_status":"open","ping_status":"closed","template":"","meta":{"_acf_changed":false},"pwb-brand":[965],"product_cat":[23,21,150],"product_tag":[],"class_list":{"0":"post-26995","1":"product","2":"type-product","3":"status-publish","4":"has-post-thumbnail","6":"pwb-brand-animonda","7":"product_cat-macke","8":"product_cat-hrana-za-macke","9":"product_cat-vlazna-hrana-za-macke","11":"first","12":"outofstock","13":"taxable","14":"shipping-taxable","15":"purchasable","16":"product-type-variable","17":"has-default-attributes"},"acf":[],"brands":[{"id":965,"name":"Animonda","slug":"animonda"}],"_links":{"self":[{"href":"https:\/\/pawz.rs\/en\/wp-json\/wp\/v2\/product\/26995","targetHints":{"allow":["GET"]}}],"collection":[{"href":"https:\/\/pawz.rs\/en\/wp-json\/wp\/v2\/product"}],"about":[{"href":"https:\/\/pawz.rs\/en\/wp-json\/wp\/v2\/types\/product"}],"replies":[{"embeddable":true,"href":"https:\/\/pawz.rs\/en\/wp-json\/wp\/v2\/comments?post=26995"}],"wp:featuredmedia":[{"embeddable":true,"href":"https:\/\/pawz.rs\/en\/wp-json\/wp\/v2\/media\/26492"}],"wp:attachment":[{"href":"https:\/\/pawz.rs\/en\/wp-json\/wp\/v2\/media?parent=26995"}],"wp:term":[{"taxonomy":"pwb-brand","embeddable":true,"href":"https:\/\/pawz.rs\/en\/wp-json\/wp\/v2\/pwb-brand?post=26995"},{"taxonomy":"product_cat","embeddable":true,"href":"https:\/\/pawz.rs\/en\/wp-json\/wp\/v2\/product_cat?post=26995"},{"taxonomy":"product_tag","embeddable":true,"href":"https:\/\/pawz.rs\/en\/wp-json\/wp\/v2\/product_tag?post=26995"}],"curies":[{"name":"wp","href":"https:\/\/api.w.org\/{rel}","templated":true}]}}