{"id":27001,"date":"2024-09-03T14:38:22","date_gmt":"2024-09-03T12:38:22","guid":{"rendered":"https:\/\/pawz.rs\/?post_type=product&#038;p=27001"},"modified":"2026-05-06T21:42:06","modified_gmt":"2026-05-06T19:42:06","slug":"animonda-carny-kitten-kesice-govedina-teletina-i-zivina","status":"publish","type":"product","link":"https:\/\/pawz.rs\/en\/animonda-carny-kitten-kesice-govedina-teletina-i-zivina\/","title":{"rendered":"Animonda Carny Kitten Kesice Govedina, Teletina i \u017divina"},"content":{"rendered":"<p><strong>Animonda Carny Kitten Kesice Govedina, Teletina i \u017divina<\/strong><\/p>\n<p>Carny za ma\u010di\u0107e Govedina, Teletina &amp; Piletina je kombinacija gove\u0111ih srca, mekane teletine i ukusne piletine.<br \/>\nZa ma\u010di\u0107e u razvoju i koji sa radoznalo\u0161\u0107u otkrivaju svet oko njih.<\/p>\n<p>Ova hrana za ma\u010di\u0107e obezbe\u0111uje sve hranljive materije koje su im potrebne za razvoj tokom prve godine \u017eivota.<\/p>\n<p>Posebno prakti\u010dna jer jedna porcija od 85g sadr\u017ei 100% sve\u017eeg mesa u komadi\u0107ima koji su laki za slu\u017eenje.<\/p>\n<p>Carny za Ma\u010di\u0107e je brend hrane za ma\u010dke koji ma\u010di\u0107ima u prvoj godini \u017eivota omogu\u0107ava da u\u017eivaju u ne koji u neverovatnom ukusu mesa i mesnih sastojaka.<\/p>\n<p>Carny obe\u017ebe\u0111uje ma\u010di\u0107e sa svim esencijalnim sastojcima koji su im neophodni.<\/p>\n<p><strong>Sastav:<br \/>\n<\/strong>32% teletina (srce, meso, bubrezi, vime), 17% teletina (plu\u0107a, jetra), 16% piletina (jetra, stomak), kalcijum karbonat, natrijum hlorid.<\/p>\n<p><strong>Analytical composition:<br \/>\n<\/strong>Protein 11%, Sadr\u017eaj masti 6%, Sirova vlakna\u00a0\u00a0 \u00a00.3%, Sirov pepeo 1.7%, Vlaga 80%.<\/p>\n<p><strong>Prehrambeni dodaci (po kg):<\/strong><br \/>\n00 IE 3a671, 075 mg 3b202, 14 mg 3b503, 25 mg 3b605.<\/p>\n<p>Serve food in dry form with available fresh water.<br \/>\nFor your pet&#039;s health, consult a veterinarian regularly.<\/p>\n<p>Store the product in a dry, dark and cool place.<\/p>\n<p>Proizvo\u0111a\u010d: Rothenfelde<br \/>\nCountry of origin: Germany<\/p>\n\n    <div class=\"xs_social_share_widget xs_share_url after_content \t\tmain_content  wslu-style-1 wslu-share-box-shaped wslu-fill-colored wslu-none wslu-share-horizontal wslu-theme-font-no wslu-main_content\">\n\n\t\t\n        <ul>\n\t\t\t        <\/ul>\n    <\/div>","protected":false},"excerpt":{"rendered":"<p>Animonda Carny Kitten je vla\u017ena hrana namenjena ma\u010di\u0107ima sa govedinom, teletinom i \u017eivinom<\/p>","protected":false},"featured_media":26504,"comment_status":"open","ping_status":"closed","template":"","meta":{"_acf_changed":false},"pwb-brand":[965],"product_cat":[23,21,150],"product_tag":[],"class_list":{"0":"post-27001","1":"product","2":"type-product","3":"status-publish","4":"has-post-thumbnail","6":"pwb-brand-animonda","7":"product_cat-macke","8":"product_cat-hrana-za-macke","9":"product_cat-vlazna-hrana-za-macke","11":"first","12":"outofstock","13":"taxable","14":"shipping-taxable","15":"purchasable","16":"product-type-variable","17":"has-default-attributes"},"acf":[],"brands":[{"id":965,"name":"Animonda","slug":"animonda"}],"_links":{"self":[{"href":"https:\/\/pawz.rs\/en\/wp-json\/wp\/v2\/product\/27001","targetHints":{"allow":["GET"]}}],"collection":[{"href":"https:\/\/pawz.rs\/en\/wp-json\/wp\/v2\/product"}],"about":[{"href":"https:\/\/pawz.rs\/en\/wp-json\/wp\/v2\/types\/product"}],"replies":[{"embeddable":true,"href":"https:\/\/pawz.rs\/en\/wp-json\/wp\/v2\/comments?post=27001"}],"wp:featuredmedia":[{"embeddable":true,"href":"https:\/\/pawz.rs\/en\/wp-json\/wp\/v2\/media\/26504"}],"wp:attachment":[{"href":"https:\/\/pawz.rs\/en\/wp-json\/wp\/v2\/media?parent=27001"}],"wp:term":[{"taxonomy":"pwb-brand","embeddable":true,"href":"https:\/\/pawz.rs\/en\/wp-json\/wp\/v2\/pwb-brand?post=27001"},{"taxonomy":"product_cat","embeddable":true,"href":"https:\/\/pawz.rs\/en\/wp-json\/wp\/v2\/product_cat?post=27001"},{"taxonomy":"product_tag","embeddable":true,"href":"https:\/\/pawz.rs\/en\/wp-json\/wp\/v2\/product_tag?post=27001"}],"curies":[{"name":"wp","href":"https:\/\/api.w.org\/{rel}","templated":true}]}}