{"id":27005,"date":"2024-09-03T14:38:51","date_gmt":"2024-09-03T12:38:51","guid":{"rendered":"https:\/\/pawz.rs\/?post_type=product&#038;p=27005"},"modified":"2026-05-06T21:42:07","modified_gmt":"2026-05-06T19:42:07","slug":"animonda-vom-feinsten-adult-sterilised-cat-curetina-i-sir","status":"publish","type":"product","link":"https:\/\/pawz.rs\/en\/animonda-vom-feinsten-adult-sterilised-cat-curetina-i-sir\/","title":{"rendered":"Animonda Vom Feinsten Adult Sterilised Cat \u0106uretina I Sir"},"content":{"rendered":"<p><strong>Animonda Vom Feinsten Adult Sterilised Cat \u0106uretina I Sir<\/strong><\/p>\n<p>Kompletna hrana za kastrirane\/sterilisane ma\u010dke, uzrasta od 1 do 6 godina.<br \/>\nHrana je posebno ukusna i stimuli\u0161e apetit.<\/p>\n<p><strong>Sastav:<\/strong><br \/>\nC\u0301uretina 53%, sir 4%, kalcijum karbonat, natrijum hlorid.<\/p>\n<p><strong>Analytical composition:<\/strong><br \/>\nSirovi proteini 12%, Sirove masti 4,4%, Sirova vlakna 0,3%, Sirovi pepeo 1,8%, Vlaga 81%.<\/p>\n<p><strong>Dodaci:\u00a0(po kg):<\/strong><br \/>\nVitamin A (3672a) 4000 IU, Vitamin D3 (3a671) 200 IU, Bakar (3b406) 1,6 mg, Cink (3b605) 13,5 mg, Mangan (3b503) 1,4 mg, Jod (30,10 mg) Gvo\u017e\u0111e (3b103) 3,8 mg.<\/p>\n<p>Serve food in dry form with available fresh water.<br \/>\nFor your pet&#039;s health, consult a veterinarian regularly.<\/p>\n<p>Store the product in a dry, dark and cool place.<\/p>\n<p>Proizvo\u0111a\u010d: Rothenfelde<br \/>\nCountry of origin: Germany<\/p>\n\n    <div class=\"xs_social_share_widget xs_share_url after_content \t\tmain_content  wslu-style-1 wslu-share-box-shaped wslu-fill-colored wslu-none wslu-share-horizontal wslu-theme-font-no wslu-main_content\">\n\n\t\t\n        <ul>\n\t\t\t        <\/ul>\n    <\/div>","protected":false},"excerpt":{"rendered":"<p>Animonda Vom Feinsten Adult Sterilised Cat vla\u017ena hrana posebno prilago\u0111ena sterilisanim ma\u010dkama<\/p>","protected":false},"featured_media":26512,"comment_status":"open","ping_status":"closed","template":"","meta":{"_acf_changed":false},"pwb-brand":[965],"product_cat":[23,21,150],"product_tag":[],"class_list":{"0":"post-27005","1":"product","2":"type-product","3":"status-publish","4":"has-post-thumbnail","6":"pwb-brand-animonda","7":"product_cat-macke","8":"product_cat-hrana-za-macke","9":"product_cat-vlazna-hrana-za-macke","11":"first","12":"outofstock","13":"taxable","14":"shipping-taxable","15":"purchasable","16":"product-type-variable","17":"has-default-attributes"},"acf":[],"brands":[{"id":965,"name":"Animonda","slug":"animonda"}],"_links":{"self":[{"href":"https:\/\/pawz.rs\/en\/wp-json\/wp\/v2\/product\/27005","targetHints":{"allow":["GET"]}}],"collection":[{"href":"https:\/\/pawz.rs\/en\/wp-json\/wp\/v2\/product"}],"about":[{"href":"https:\/\/pawz.rs\/en\/wp-json\/wp\/v2\/types\/product"}],"replies":[{"embeddable":true,"href":"https:\/\/pawz.rs\/en\/wp-json\/wp\/v2\/comments?post=27005"}],"wp:featuredmedia":[{"embeddable":true,"href":"https:\/\/pawz.rs\/en\/wp-json\/wp\/v2\/media\/26512"}],"wp:attachment":[{"href":"https:\/\/pawz.rs\/en\/wp-json\/wp\/v2\/media?parent=27005"}],"wp:term":[{"taxonomy":"pwb-brand","embeddable":true,"href":"https:\/\/pawz.rs\/en\/wp-json\/wp\/v2\/pwb-brand?post=27005"},{"taxonomy":"product_cat","embeddable":true,"href":"https:\/\/pawz.rs\/en\/wp-json\/wp\/v2\/product_cat?post=27005"},{"taxonomy":"product_tag","embeddable":true,"href":"https:\/\/pawz.rs\/en\/wp-json\/wp\/v2\/product_tag?post=27005"}],"curies":[{"name":"wp","href":"https:\/\/api.w.org\/{rel}","templated":true}]}}