{"id":27008,"date":"2024-09-03T14:38:20","date_gmt":"2024-09-03T12:38:20","guid":{"rendered":"https:\/\/pawz.rs\/?post_type=product&#038;p=27008"},"modified":"2026-05-06T21:42:08","modified_gmt":"2026-05-06T19:42:08","slug":"animonda-vom-feinsten-dog-senior-cureca-srca","status":"publish","type":"product","link":"https:\/\/pawz.rs\/en\/animonda-vom-feinsten-dog-senior-cureca-srca\/","title":{"rendered":"Animonda Vom Feinsten Dog Senior \u0106ure\u0107a Srca"},"content":{"rendered":"<p><strong>Animonda Vom Feinsten Dog Senior \u0106ure\u0107a Srca<\/strong><\/p>\n<p>Kompletna vla\u017ena hrana za odrasle pse starije od 7 godina.<\/p>\n<p>Vom Feinsten Senior ispunjava svoje obe\u0107anje i donosi ukusnu, zdravu , izbalansiranu ishranu na najvi\u0161em nivou za odrasle pse starije od 7 godina.<\/p>\n<p>Pa\u017eljiva selekcija i kvalitet mesnih sastojaka garantuje jedinstveno zadovoljstvo.<\/p>\n<p>Ova gurmanska pa\u0161teta obezbe\u0111uje sve neophodne sastojke potrebne starijem psu i posebno je prilago\u0111ena posebnim zahtevima starijih pasa.<\/p>\n<p><strong>Sastav<\/strong>:<br \/>\n65% mesa i prera\u0111evina \u017eivotinjskog porekla (svinjetina, piletina, 15% \u0107ure\u0107a srca, govedina), minerali.<\/p>\n<p><strong>Analiti\u010dki sastojci<\/strong>:<br \/>\nSirovi proteini 9,5%, Sirove masti 4%, Sirova vlakna \u00a00.5%, Sirovi pepeo 2%, Vlaga 82%.<\/p>\n<p><strong>Dodaci<\/strong>\u00a0<strong>(po kg): <\/strong><br \/>\n200 IU 3a671, 1 mg 3b406, 26 mg 3b605, 1.7 mg 3b503, 0.4 mg 3b202.<\/p>\n<p><strong>Metaboli\u010dka energija<\/strong>\u00a00,33MJ\/100g<\/p>\n<p>Serve food in dry form with available fresh water.<br \/>\nFor your pet&#039;s health, consult a veterinarian regularly.<\/p>\n<p>Store the product in a dry, dark and cool place.<\/p>\n<p>Proizvo\u0111a\u010d: Rothenfelde<br \/>\nCountry of origin: Germany<\/p>\n\n    <div class=\"xs_social_share_widget xs_share_url after_content \t\tmain_content  wslu-style-1 wslu-share-box-shaped wslu-fill-colored wslu-none wslu-share-horizontal wslu-theme-font-no wslu-main_content\">\n\n\t\t\n        <ul>\n\t\t\t        <\/ul>\n    <\/div>","protected":false},"excerpt":{"rendered":"<p>Animonda Vom Feinsten Dog Senior je vla\u017ena hrana u obliku pa\u0161tete, namenjena odraslim starijim psima, preko 7 godina, sa \u0107ure\u0107im srcima<\/p>","protected":false},"featured_media":26518,"comment_status":"open","ping_status":"closed","template":"","meta":{"_acf_changed":false},"pwb-brand":[965],"product_cat":[47,48,50],"product_tag":[],"class_list":{"0":"post-27008","1":"product","2":"type-product","3":"status-publish","4":"has-post-thumbnail","6":"pwb-brand-animonda","7":"product_cat-psi","8":"product_cat-hrana-za-pse","9":"product_cat-vlazna-hrana-za-pse","11":"first","12":"instock","13":"taxable","14":"shipping-taxable","15":"purchasable","16":"product-type-variable","17":"has-default-attributes"},"acf":[],"brands":[{"id":965,"name":"Animonda","slug":"animonda"}],"_links":{"self":[{"href":"https:\/\/pawz.rs\/en\/wp-json\/wp\/v2\/product\/27008","targetHints":{"allow":["GET"]}}],"collection":[{"href":"https:\/\/pawz.rs\/en\/wp-json\/wp\/v2\/product"}],"about":[{"href":"https:\/\/pawz.rs\/en\/wp-json\/wp\/v2\/types\/product"}],"replies":[{"embeddable":true,"href":"https:\/\/pawz.rs\/en\/wp-json\/wp\/v2\/comments?post=27008"}],"wp:featuredmedia":[{"embeddable":true,"href":"https:\/\/pawz.rs\/en\/wp-json\/wp\/v2\/media\/26518"}],"wp:attachment":[{"href":"https:\/\/pawz.rs\/en\/wp-json\/wp\/v2\/media?parent=27008"}],"wp:term":[{"taxonomy":"pwb-brand","embeddable":true,"href":"https:\/\/pawz.rs\/en\/wp-json\/wp\/v2\/pwb-brand?post=27008"},{"taxonomy":"product_cat","embeddable":true,"href":"https:\/\/pawz.rs\/en\/wp-json\/wp\/v2\/product_cat?post=27008"},{"taxonomy":"product_tag","embeddable":true,"href":"https:\/\/pawz.rs\/en\/wp-json\/wp\/v2\/product_tag?post=27008"}],"curies":[{"name":"wp","href":"https:\/\/api.w.org\/{rel}","templated":true}]}}