{"id":27010,"date":"2024-09-03T14:38:51","date_gmt":"2024-09-03T12:38:51","guid":{"rendered":"https:\/\/pawz.rs\/?post_type=product&#038;p=27010"},"modified":"2026-05-06T21:42:13","modified_gmt":"2026-05-06T19:42:13","slug":"animonda-vom-feinsten-senior-cat-zivina","status":"publish","type":"product","link":"https:\/\/pawz.rs\/en\/animonda-vom-feinsten-senior-cat-zivina\/","title":{"rendered":"Animonda Vom Feinsten Senior Cat \u017divina"},"content":{"rendered":"<p><strong>Animonda Vom Feinsten Senior Cat \u017divina<\/strong><\/p>\n<ul>\n<li>Kompletna hrana za starije ma\u010dke (starije od 7 godina).<\/li>\n<li>Hrana je posebno palatabilna i stimuli\u0161e apetit.<\/li>\n<\/ul>\n<p><strong>Sastav<\/strong>:<br \/>\n63% meso i prera\u0111evine \u017eivotinjskog porekla (20% \u017eivina, svinjetina, govedina), minerali.<\/p>\n<p><strong>Analytical composition:<\/strong><br \/>\nSirove belan\u010devine 10%, Sirove masti 4%, Sirova vlakna 0,4%, Sirovi pepeo 1,4%, Vlaga 82%.<\/p>\n<p><strong>Dodaci<\/strong>\u00a0<strong>(po kg):<\/strong><br \/>\nVitamin D3 (3a671) 200 IU, Bakar (3b406) 1 mg, Cink (3b605) 11,4 mg, Mangan (3b503) 1,4 mg, Jod (3b202) 0,1 mg.<\/p>\n<p>Serve food in dry form with available fresh water.<br \/>\nFor your pet&#039;s health, consult a veterinarian regularly.<\/p>\n<p>Store the product in a dry, dark and cool place.<\/p>\n<p>Proizvo\u0111a\u010d: Rothenfelde<br \/>\nCountry of origin: Germany<\/p>\n<p>&nbsp;<\/p>\n\n    <div class=\"xs_social_share_widget xs_share_url after_content \t\tmain_content  wslu-style-1 wslu-share-box-shaped wslu-fill-colored wslu-none wslu-share-horizontal wslu-theme-font-no wslu-main_content\">\n\n\t\t\n        <ul>\n\t\t\t        <\/ul>\n    <\/div>","protected":false},"excerpt":{"rendered":"<p>Animonda Vom Feinsten Senior Cat je vla\u017ena hrana namenjena za starije ma\u010dke preko 6 godina,sa ukusom \u017eivine<\/p>","protected":false},"featured_media":26522,"comment_status":"open","ping_status":"closed","template":"","meta":{"_acf_changed":false},"pwb-brand":[965],"product_cat":[23,21,150],"product_tag":[],"class_list":{"0":"post-27010","1":"product","2":"type-product","3":"status-publish","4":"has-post-thumbnail","6":"pwb-brand-animonda","7":"product_cat-macke","8":"product_cat-hrana-za-macke","9":"product_cat-vlazna-hrana-za-macke","11":"first","12":"instock","13":"taxable","14":"shipping-taxable","15":"purchasable","16":"product-type-variable","17":"has-default-attributes"},"acf":[],"brands":[{"id":965,"name":"Animonda","slug":"animonda"}],"_links":{"self":[{"href":"https:\/\/pawz.rs\/en\/wp-json\/wp\/v2\/product\/27010","targetHints":{"allow":["GET"]}}],"collection":[{"href":"https:\/\/pawz.rs\/en\/wp-json\/wp\/v2\/product"}],"about":[{"href":"https:\/\/pawz.rs\/en\/wp-json\/wp\/v2\/types\/product"}],"replies":[{"embeddable":true,"href":"https:\/\/pawz.rs\/en\/wp-json\/wp\/v2\/comments?post=27010"}],"wp:featuredmedia":[{"embeddable":true,"href":"https:\/\/pawz.rs\/en\/wp-json\/wp\/v2\/media\/26522"}],"wp:attachment":[{"href":"https:\/\/pawz.rs\/en\/wp-json\/wp\/v2\/media?parent=27010"}],"wp:term":[{"taxonomy":"pwb-brand","embeddable":true,"href":"https:\/\/pawz.rs\/en\/wp-json\/wp\/v2\/pwb-brand?post=27010"},{"taxonomy":"product_cat","embeddable":true,"href":"https:\/\/pawz.rs\/en\/wp-json\/wp\/v2\/product_cat?post=27010"},{"taxonomy":"product_tag","embeddable":true,"href":"https:\/\/pawz.rs\/en\/wp-json\/wp\/v2\/product_tag?post=27010"}],"curies":[{"name":"wp","href":"https:\/\/api.w.org\/{rel}","templated":true}]}}