{"id":27032,"date":"2024-09-03T14:38:14","date_gmt":"2024-09-03T12:38:14","guid":{"rendered":"https:\/\/pawz.rs\/?post_type=product&#038;p=27032"},"modified":"2026-05-06T21:42:20","modified_gmt":"2026-05-06T19:42:20","slug":"animonda-vom-feinsten-dog-junior-zivina-i-cureca-srca","status":"publish","type":"product","link":"https:\/\/pawz.rs\/en\/animonda-vom-feinsten-dog-junior-zivina-i-cureca-srca\/","title":{"rendered":"Animonda Vom Feinsten Dog Junior \u017divina I \u0106ure\u0107a Srca"},"content":{"rendered":"<p><strong>Animonda Vom Feinsten Dog Junior \u017divina I \u0106ure\u0107a Srca<\/strong><\/p>\n<p>Potpuna hrana za mlade pse (\u0161tence). Hrana je posebno palatabilna i stimuli\u0161e apetit.<\/p>\n<p><strong> Sastav: <\/strong><br \/>\n63% mesa i derivati \u017eivotinjskog porekla (20% \u017eivina, svinjetina, govedina, \u0107ure\u0107a srca 8%), minerali.<\/p>\n<p><strong>Analytical composition: <\/strong><br \/>\nSirovi proteini:11%, sirova ulja i masti 7%, sirova vlakna 0,5%, sirovi pepeo 1,5%, vlaga 80%.<\/p>\n<p><strong>Dodaci (po kg)-Prehrambeni dodaci: <\/strong><br \/>\nVitamin\/D3 200 IU. E 2: 0,4 mg, E4: 1 mg, E5: 1,7 mg, E6:26 mg.<\/p>\n<p>Serve food in dry form with available fresh water.<br \/>\nFor your pet&#039;s health, consult a veterinarian regularly.<\/p>\n<p>Store the product in a dry, dark and cool place.<\/p>\n<p>Proizvo\u0111a\u010d: Rothenfelde<br \/>\nCountry of origin: Germany<\/p>\n\n    <div class=\"xs_social_share_widget xs_share_url after_content \t\tmain_content  wslu-style-1 wslu-share-box-shaped wslu-fill-colored wslu-none wslu-share-horizontal wslu-theme-font-no wslu-main_content\">\n\n\t\t\n        <ul>\n\t\t\t        <\/ul>\n    <\/div>","protected":false},"excerpt":{"rendered":"<p>Animonda Vom Feinsten Dog Junior je pa\u0161teta namenjena \u0161tencima, sa \u017eivinom i \u0107ure\u0107im srcima<\/p>","protected":false},"featured_media":26566,"comment_status":"open","ping_status":"closed","template":"","meta":{"_acf_changed":false},"pwb-brand":[965],"product_cat":[47,48,50],"product_tag":[],"class_list":{"0":"post-27032","1":"product","2":"type-product","3":"status-publish","4":"has-post-thumbnail","6":"pwb-brand-animonda","7":"product_cat-psi","8":"product_cat-hrana-za-pse","9":"product_cat-vlazna-hrana-za-pse","11":"first","12":"instock","13":"taxable","14":"shipping-taxable","15":"purchasable","16":"product-type-variable","17":"has-default-attributes"},"acf":[],"brands":[{"id":965,"name":"Animonda","slug":"animonda"}],"_links":{"self":[{"href":"https:\/\/pawz.rs\/en\/wp-json\/wp\/v2\/product\/27032","targetHints":{"allow":["GET"]}}],"collection":[{"href":"https:\/\/pawz.rs\/en\/wp-json\/wp\/v2\/product"}],"about":[{"href":"https:\/\/pawz.rs\/en\/wp-json\/wp\/v2\/types\/product"}],"replies":[{"embeddable":true,"href":"https:\/\/pawz.rs\/en\/wp-json\/wp\/v2\/comments?post=27032"}],"wp:featuredmedia":[{"embeddable":true,"href":"https:\/\/pawz.rs\/en\/wp-json\/wp\/v2\/media\/26566"}],"wp:attachment":[{"href":"https:\/\/pawz.rs\/en\/wp-json\/wp\/v2\/media?parent=27032"}],"wp:term":[{"taxonomy":"pwb-brand","embeddable":true,"href":"https:\/\/pawz.rs\/en\/wp-json\/wp\/v2\/pwb-brand?post=27032"},{"taxonomy":"product_cat","embeddable":true,"href":"https:\/\/pawz.rs\/en\/wp-json\/wp\/v2\/product_cat?post=27032"},{"taxonomy":"product_tag","embeddable":true,"href":"https:\/\/pawz.rs\/en\/wp-json\/wp\/v2\/product_tag?post=27032"}],"curies":[{"name":"wp","href":"https:\/\/api.w.org\/{rel}","templated":true}]}}