{"id":27043,"date":"2024-09-03T14:38:48","date_gmt":"2024-09-03T12:38:48","guid":{"rendered":"https:\/\/pawz.rs\/?post_type=product&#038;p=27043"},"modified":"2026-05-06T21:42:21","modified_gmt":"2026-05-06T19:42:21","slug":"animonda-vom-feinsten-cat-adult-curetina-i-zecetina","status":"publish","type":"product","link":"https:\/\/pawz.rs\/en\/animonda-vom-feinsten-cat-adult-curetina-i-zecetina\/","title":{"rendered":"Animonda Vom Feinsten Cat Adult \u0106uretina i Ze\u010detina"},"content":{"rendered":"<p><strong>Animonda Vom Feinsten Cat Adult \u0106uretina i Ze\u010detina<\/strong><\/p>\n<p>Kompletna hrana za odrasle ma\u010dke.<br \/>\nHrana je posebno palatabilna i stimuli\u0161e apetit.<\/p>\n<p><strong>Sastav<\/strong>:<br \/>\n65% meso i prera\u0111evine \u017eivotinjskog porekla (svinjetina, 25% \u0107uretina, 8% meso zeca), minerali.<\/p>\n<p><strong>Analiti\u010dki sastojci:<br \/>\n<\/strong>Sirovi proteini 12%, sirova ulja i masti 4,4%, sirova vlakna 0,3%, sirovi pepeo 1,8%, vlaga 80%.<\/p>\n<p><strong>Dodaci (po kg)-Prehrambeni dodaci: <\/strong><br \/>\nVit.A: 4000 IU, Vit.D3: 200 IU. E 2: 0,1 mg, E4: 0,5 mg, E5:1,4 mg, E6: 5,7 mg.<\/p>\n<p>Serve food in dry form with available fresh water.<br \/>\nFor your pet&#039;s health, consult a veterinarian regularly.<\/p>\n<p>Store the product in a dry, dark and cool place.<\/p>\n<p>Proizvo\u0111a\u010d: Rothenfelde<br \/>\nCountry of origin: Germany<\/p>\n\n    <div class=\"xs_social_share_widget xs_share_url after_content \t\tmain_content  wslu-style-1 wslu-share-box-shaped wslu-fill-colored wslu-none wslu-share-horizontal wslu-theme-font-no wslu-main_content\">\n\n\t\t\n        <ul>\n\t\t\t        <\/ul>\n    <\/div>","protected":false},"excerpt":{"rendered":"<p>Animonda Vom Feinsten Cat Adult je kompletna vla\u017ena hrana za odrasle ma\u010dke sa \u0107uretinom i ze\u010detinom<\/p>","protected":false},"featured_media":26588,"comment_status":"open","ping_status":"closed","template":"","meta":{"_acf_changed":false},"pwb-brand":[965],"product_cat":[21,23,150],"product_tag":[],"class_list":{"0":"post-27043","1":"product","2":"type-product","3":"status-publish","4":"has-post-thumbnail","6":"pwb-brand-animonda","7":"product_cat-hrana-za-macke","8":"product_cat-macke","9":"product_cat-vlazna-hrana-za-macke","11":"first","12":"instock","13":"taxable","14":"shipping-taxable","15":"purchasable","16":"product-type-variable","17":"has-default-attributes"},"acf":[],"brands":[{"id":965,"name":"Animonda","slug":"animonda"}],"_links":{"self":[{"href":"https:\/\/pawz.rs\/en\/wp-json\/wp\/v2\/product\/27043","targetHints":{"allow":["GET"]}}],"collection":[{"href":"https:\/\/pawz.rs\/en\/wp-json\/wp\/v2\/product"}],"about":[{"href":"https:\/\/pawz.rs\/en\/wp-json\/wp\/v2\/types\/product"}],"replies":[{"embeddable":true,"href":"https:\/\/pawz.rs\/en\/wp-json\/wp\/v2\/comments?post=27043"}],"wp:featuredmedia":[{"embeddable":true,"href":"https:\/\/pawz.rs\/en\/wp-json\/wp\/v2\/media\/26588"}],"wp:attachment":[{"href":"https:\/\/pawz.rs\/en\/wp-json\/wp\/v2\/media?parent=27043"}],"wp:term":[{"taxonomy":"pwb-brand","embeddable":true,"href":"https:\/\/pawz.rs\/en\/wp-json\/wp\/v2\/pwb-brand?post=27043"},{"taxonomy":"product_cat","embeddable":true,"href":"https:\/\/pawz.rs\/en\/wp-json\/wp\/v2\/product_cat?post=27043"},{"taxonomy":"product_tag","embeddable":true,"href":"https:\/\/pawz.rs\/en\/wp-json\/wp\/v2\/product_tag?post=27043"}],"curies":[{"name":"wp","href":"https:\/\/api.w.org\/{rel}","templated":true}]}}