{"id":27068,"date":"2024-09-03T14:39:03","date_gmt":"2024-09-03T12:39:03","guid":{"rendered":"https:\/\/pawz.rs\/?post_type=product&#038;p=27068"},"modified":"2026-04-05T21:10:53","modified_gmt":"2026-04-05T19:10:53","slug":"animonda-integra-protect-cat-adult-diabetes-losos","status":"publish","type":"product","link":"https:\/\/pawz.rs\/en\/animonda-integra-protect-cat-adult-diabetes-losos\/","title":{"rendered":"Animonda Integra Protect Cat Adult Diabetes Losos"},"content":{"rendered":"<p><strong>Animonda Integra Protect Cat Adult Diabetes Losos<\/strong><\/p>\n<p>Potpuna dijetetska hrana za ma\u010dke sa potrebom regulacije nivoa glukoze. (kod diabetes mellitus-a)<br \/>\nPreporu\u010duje se mi\u0161ljenje veterinara pre po\u010detka inicijalno koristiti do 6 meseca. ako znaci netolerantnosti prestanu, nastavak kori\u0161tenja prema mi\u0161ljenju veterinara.<\/p>\n<p><strong>Sastav:<\/strong><br \/>\nMeso i derivati \u017eivotinjskog porekla,\u0107urka, losos 7,5% minerali.<\/p>\n<p><strong>Analytical composition:<br \/>\n<\/strong>Sirovi proteini 11%, sirova ulja i masti 5,2%, sirova vlakna 0,3%, sirovi pepeo 1,6%, vlaga 80,5%, skrob 0%, ukupan \u0161e\u0107er: nema podataka<\/p>\n<p>Serve food in dry form with available fresh water.<br \/>\nFor your pet&#039;s health, consult a veterinarian regularly.<\/p>\n<p>Store the product in a dry, dark and cool place.<\/p>\n<p>Proizvo\u0111a\u010d: Rothenfelde<br \/>\nCountry of origin: Germany<\/p>\n\n    <div class=\"xs_social_share_widget xs_share_url after_content \t\tmain_content  wslu-style-1 wslu-share-box-shaped wslu-fill-colored wslu-none wslu-share-horizontal wslu-theme-font-no wslu-main_content\">\n\n\t\t\n        <ul>\n\t\t\t        <\/ul>\n    <\/div>","protected":false},"excerpt":{"rendered":"<p>Animonda Integra Protect Cat Adult Diabetes je vla\u017ena hrana za ma\u010dke sa dijabetesom, sa lososom<\/p>","protected":false},"featured_media":26638,"comment_status":"open","ping_status":"closed","template":"","meta":{"_acf_changed":false},"pwb-brand":[965],"product_cat":[21,23,711],"product_tag":[1251],"class_list":{"0":"post-27068","1":"product","2":"type-product","3":"status-publish","4":"has-post-thumbnail","6":"pwb-brand-animonda","7":"product_cat-hrana-za-macke","8":"product_cat-macke","9":"product_cat-veterinarske-dijete-za-macke","10":"product_tag-veterinarske-dijete","12":"first","13":"outofstock","14":"taxable","15":"shipping-taxable","16":"purchasable","17":"product-type-variable","18":"has-default-attributes"},"acf":[],"brands":[{"id":965,"name":"Animonda","slug":"animonda"}],"_links":{"self":[{"href":"https:\/\/pawz.rs\/en\/wp-json\/wp\/v2\/product\/27068","targetHints":{"allow":["GET"]}}],"collection":[{"href":"https:\/\/pawz.rs\/en\/wp-json\/wp\/v2\/product"}],"about":[{"href":"https:\/\/pawz.rs\/en\/wp-json\/wp\/v2\/types\/product"}],"replies":[{"embeddable":true,"href":"https:\/\/pawz.rs\/en\/wp-json\/wp\/v2\/comments?post=27068"}],"wp:featuredmedia":[{"embeddable":true,"href":"https:\/\/pawz.rs\/en\/wp-json\/wp\/v2\/media\/26638"}],"wp:attachment":[{"href":"https:\/\/pawz.rs\/en\/wp-json\/wp\/v2\/media?parent=27068"}],"wp:term":[{"taxonomy":"pwb-brand","embeddable":true,"href":"https:\/\/pawz.rs\/en\/wp-json\/wp\/v2\/pwb-brand?post=27068"},{"taxonomy":"product_cat","embeddable":true,"href":"https:\/\/pawz.rs\/en\/wp-json\/wp\/v2\/product_cat?post=27068"},{"taxonomy":"product_tag","embeddable":true,"href":"https:\/\/pawz.rs\/en\/wp-json\/wp\/v2\/product_tag?post=27068"}],"curies":[{"name":"wp","href":"https:\/\/api.w.org\/{rel}","templated":true}]}}