{"id":27078,"date":"2024-06-07T22:25:18","date_gmt":"2024-06-07T20:25:18","guid":{"rendered":"https:\/\/pawz.rs\/?post_type=product&#038;p=27078"},"modified":"2026-05-06T21:42:36","modified_gmt":"2026-05-06T19:42:36","slug":"animonda-integra-protect-dog-adult-renal-govedina","status":"publish","type":"product","link":"https:\/\/pawz.rs\/en\/animonda-integra-protect-dog-adult-renal-govedina\/","title":{"rendered":"Animonda Integra Protect Dog Adult Renal Govedina"},"content":{"rendered":"<p><strong>Animonda Integra Protect Dog Adult Renal Govedina<\/strong><\/p>\n<p>Potpuna dijetetska hrana za odrasle pse za potporu radu bubrega u slu\u010daju privremene i hroni\u010dne bubre\u017ene insuficijencije.<\/p>\n<p><strong>Sastav: <\/strong><br \/>\nMeso i derivati \u017eivotinjskog porekla (piletina, govedina 16%), povr\u0107e (krompir), ulja i masti (ulje kanole), derivati biljnog porekla, minerali.<br \/>\nIzvori proteina: piletina, svinjetina.<\/p>\n<p><strong>Analytical composition: <\/strong><br \/>\nSirovi proteini 4,5%, sirova ulja i masti 11,5%, sirova vlakna 0,9%, sirovi pepeo 1,5%, vlaga 77%, kalcijum 0,15%, fosfor 0,1%, natrijum 0,15%, kalijum 0,26%, linolna kiselina 2 %.<\/p>\n<p><strong>Dodaci (po kg)-Prehrambeni dodaci: <\/strong><br \/>\nVit.A:2000 IU Vit.D3: 200 IU, 3b202: 0,5 mg, E4: 1,8 mg, E5: 2,7 mg, 3b605: 42 mg.<\/p>\n<p>Preporu\u010deno vreme kori\u0161\u0107enja: Preporu\u010duje se mi\u0161ljenje veterinara pre po\u010detka i\/ili produ\u017eenja kori\u0161\u0107enja, inicijalno koristiti 6 m. ako znaci netolerancije prestanu, mo\u017ee se koristiti neograni\u010deno dugo.<\/p>\n<p>Serve food in dry form with available fresh water.<br \/>\nFor your pet&#039;s health, consult a veterinarian regularly.<\/p>\n<p>Store the product in a dry, dark and cool place.<\/p>\n<p>Proizvo\u0111a\u010d: Rothenfelde<br \/>\nCountry of origin: Germany<\/p>\n\n    <div class=\"xs_social_share_widget xs_share_url after_content \t\tmain_content  wslu-style-1 wslu-share-box-shaped wslu-fill-colored wslu-none wslu-share-horizontal wslu-theme-font-no wslu-main_content\">\n\n\t\t\n        <ul>\n\t\t\t        <\/ul>\n    <\/div>","protected":false},"excerpt":{"rendered":"<p>Animonda Integra Protect Dog Adult Renal je kompletna vla\u017ena dijetetska hrana namenjena psima koji imaju problema sa bubrezima, sa govedinom<\/p>","protected":false},"featured_media":26658,"comment_status":"open","ping_status":"closed","template":"","meta":{"_acf_changed":false},"pwb-brand":[965],"product_cat":[47,48,705],"product_tag":[1251],"class_list":{"0":"post-27078","1":"product","2":"type-product","3":"status-publish","4":"has-post-thumbnail","6":"pwb-brand-animonda","7":"product_cat-psi","8":"product_cat-hrana-za-pse","9":"product_cat-veterinarske-dijete-za-pse","10":"product_tag-veterinarske-dijete","12":"first","13":"instock","14":"taxable","15":"shipping-taxable","16":"purchasable","17":"product-type-variable","18":"has-default-attributes"},"acf":[],"brands":[{"id":965,"name":"Animonda","slug":"animonda"}],"_links":{"self":[{"href":"https:\/\/pawz.rs\/en\/wp-json\/wp\/v2\/product\/27078","targetHints":{"allow":["GET"]}}],"collection":[{"href":"https:\/\/pawz.rs\/en\/wp-json\/wp\/v2\/product"}],"about":[{"href":"https:\/\/pawz.rs\/en\/wp-json\/wp\/v2\/types\/product"}],"replies":[{"embeddable":true,"href":"https:\/\/pawz.rs\/en\/wp-json\/wp\/v2\/comments?post=27078"}],"wp:featuredmedia":[{"embeddable":true,"href":"https:\/\/pawz.rs\/en\/wp-json\/wp\/v2\/media\/26658"}],"wp:attachment":[{"href":"https:\/\/pawz.rs\/en\/wp-json\/wp\/v2\/media?parent=27078"}],"wp:term":[{"taxonomy":"pwb-brand","embeddable":true,"href":"https:\/\/pawz.rs\/en\/wp-json\/wp\/v2\/pwb-brand?post=27078"},{"taxonomy":"product_cat","embeddable":true,"href":"https:\/\/pawz.rs\/en\/wp-json\/wp\/v2\/product_cat?post=27078"},{"taxonomy":"product_tag","embeddable":true,"href":"https:\/\/pawz.rs\/en\/wp-json\/wp\/v2\/product_tag?post=27078"}],"curies":[{"name":"wp","href":"https:\/\/api.w.org\/{rel}","templated":true}]}}