{"id":27080,"date":"2024-09-03T14:38:59","date_gmt":"2024-09-03T12:38:59","guid":{"rendered":"https:\/\/pawz.rs\/?post_type=product&#038;p=27080"},"modified":"2026-05-06T21:42:36","modified_gmt":"2026-05-06T19:42:36","slug":"animonda-integra-protect-dog-adult-renal-piletina","status":"publish","type":"product","link":"https:\/\/pawz.rs\/en\/animonda-integra-protect-dog-adult-renal-piletina\/","title":{"rendered":"Animonda Integra Protect Dog Adult Renal Piletina"},"content":{"rendered":"<p><strong>Animonda Integra Protect Dog Adult Renal Piletina<\/strong><\/p>\n<p>Kompletna vla\u017ena dijetetska hrana za odrasle pse za podr\u0161ku bubre\u017enoj funkciji u slu\u010daju privremene i hroni\u010dne bubre\u017ene insuficijencije.<\/p>\n<p><strong>Hrana koja poma\u017ee, \u0161titi i ima odli\u010dan ukus!<\/strong><\/p>\n<ul>\n<li>Ne sadr\u017ei gluten<\/li>\n<li>Sadr\u017ei vodu za pic\u0301e. Voda za pic\u0301e nije sirovina i stoga ne mo\u017ee biti navedena u deklaraciji<\/li>\n<li>Bogat mineralima &#8211; esencijalnim neorganskim hranljivim materijama<\/li>\n<\/ul>\n<p><strong>INTEGRA PROTECT\u00ae Renal <\/strong>dijetalna hrana je specijalno razvijena za pse sa hroni\u010dnom bubre\u017enom insuficijencijom (hroni\u010dna bolest bubrega = CKD). Sadr\u017ei smanjeni udeo proteina i fosfora koji podr\u017eavaju funkciju bubrega. Istovremeno, ova dijetetska hrana ne sadr\u017ei \u017eitarice, \u0161to je \u010dini pogodnom za pse sa netolerancijom na \u017eitarice.<\/p>\n<p>Hroni\u010dna bubre\u017ena insuficijencija (CKD) je rezultat progresivnog ireverzibilnog gubitka funkcionalnog tkiva bubrega (nefrona). To je gubitak koji gotovo neprimetno napreduje mesecima, pa \u010dak i godinama. Vidljivi simptomi se, na\u017ealost, ne pojavljuju sve dok koli\u010dina funkcionalnog bubre\u017enog tkiva ne padne ispod 25%.<\/p>\n<p><strong>O\u0161tec\u0301enje bubrega nastaje zbog:<\/strong><\/p>\n<ul>\n<li>Infekcija<\/li>\n<li>\u0160okova<\/li>\n<li>Autoimune bolesti<\/li>\n<li>Uro\u0111ene abnormalnosti<\/li>\n<li>Intokication<\/li>\n<li>Nesrec\u0301a<\/li>\n<li>Neoplazije<\/li>\n<\/ul>\n<p>Bubre\u017ena dijeta se razlikuje od konvencionalne hrane po smanjenom sadr\u017eaju proteina i fosfora; snabdeven je visokokvalitetnim proteinima, ali u niskim koli\u010dinama (dovodi do smanjenja uremi\u010dkih supstanci). Ograni\u010denje nivoa fosfora odla\u017ee progresiju gubitka funkcije bubrega. Pronala\u017eenje namirnica koje istovremeno reaguju na probleme CKD u kombinaciji sa alergijom na hranu je gotovo nemoguc\u0301a misija, jer se le\u010denje alergije sastoji od izbegavanja \u017eivotinjskih i\/ili biljnih proteina. Zato je INTEGRA PROTECT\u00ae Renal najbolji izbor za va\u0161eg psa jer ne sadr\u017ei \u017eitarice i sadr\u017ei samo pa\u017eljivo odabrane proteine \u017eivotinjskog porekla. Zbog svoje sposobnosti da istovremeno le\u010di dva razli\u010dita stanja, INTEGRA PROTECT\u00ae <strong>se naziva multifunkcionalna dijeta.<\/strong><\/p>\n<p><strong>Preporu\u010deno trajanje kori\u0161\u0107enja:<\/strong> preporu\u010duje se mi\u0161ljenje veterinara pre po\u010detka i\/ili produ\u017eenja upotrebe; u po\u010detku koristiti 6 meseci. Ako znaci netolerancije prestanu, mo\u017ee se koristiti neograni\u010deno. Sve\u017ea voda treba da bude stalno dostupna.<\/p>\n<p><strong>Sastav<\/strong>:<br \/>\nMeso i derivati \u017eivotinjskog porekla (22% piletina, svinjetina), povr\u0107e (krompir), ulja i masti (ulje kanole), derivati biljnog porekla, minerali. Izvori proteina: piletina, svinjetina.<\/p>\n<p><strong>Analiti\u010dki sastojci<\/strong>:<br \/>\nSirovi proteini 6,6%, sirova ulja i masti 14%, sirova vlakna 0,8%, sirovi pepeo 1,5%, vlaga 73%, kalcijum 0,21%, fosfor 0,15%,natrijum 0,17%, kalijum 0,18%, linolna kiselina 2 %.<\/p>\n<p><strong>Dodaci (po kg)-Prehrambeni dodaci<\/strong>:<br \/>\nVit.D3: 200 IU, 3b202: 0,5mg, E4: 1,8<\/p>\n<p>Serve food in dry form with available fresh water.<br \/>\nFor your pet&#039;s health, consult a veterinarian regularly.<\/p>\n<p>Store the product in a dry, dark and cool place.<\/p>\n<p>Proizvo\u0111a\u010d: Rothenfelde<br \/>\nCountry of origin: Germany<\/p>\n\n    <div class=\"xs_social_share_widget xs_share_url after_content \t\tmain_content  wslu-style-1 wslu-share-box-shaped wslu-fill-colored wslu-none wslu-share-horizontal wslu-theme-font-no wslu-main_content\">\n\n\t\t\n        <ul>\n\t\t\t        <\/ul>\n    <\/div>","protected":false},"excerpt":{"rendered":"<p>Animonda Integra Protect Dog Adult Renal je vla\u017ena hrana za pse koji imaju problem sa bubrezima<\/p>","protected":false},"featured_media":26662,"comment_status":"open","ping_status":"closed","template":"","meta":{"_acf_changed":false},"pwb-brand":[965],"product_cat":[47,48,705],"product_tag":[1251],"class_list":{"0":"post-27080","1":"product","2":"type-product","3":"status-publish","4":"has-post-thumbnail","6":"pwb-brand-animonda","7":"product_cat-psi","8":"product_cat-hrana-za-pse","9":"product_cat-veterinarske-dijete-za-pse","10":"product_tag-veterinarske-dijete","12":"first","13":"instock","14":"taxable","15":"shipping-taxable","16":"purchasable","17":"product-type-variable","18":"has-default-attributes"},"acf":[],"brands":[{"id":965,"name":"Animonda","slug":"animonda"}],"_links":{"self":[{"href":"https:\/\/pawz.rs\/en\/wp-json\/wp\/v2\/product\/27080","targetHints":{"allow":["GET"]}}],"collection":[{"href":"https:\/\/pawz.rs\/en\/wp-json\/wp\/v2\/product"}],"about":[{"href":"https:\/\/pawz.rs\/en\/wp-json\/wp\/v2\/types\/product"}],"replies":[{"embeddable":true,"href":"https:\/\/pawz.rs\/en\/wp-json\/wp\/v2\/comments?post=27080"}],"wp:featuredmedia":[{"embeddable":true,"href":"https:\/\/pawz.rs\/en\/wp-json\/wp\/v2\/media\/26662"}],"wp:attachment":[{"href":"https:\/\/pawz.rs\/en\/wp-json\/wp\/v2\/media?parent=27080"}],"wp:term":[{"taxonomy":"pwb-brand","embeddable":true,"href":"https:\/\/pawz.rs\/en\/wp-json\/wp\/v2\/pwb-brand?post=27080"},{"taxonomy":"product_cat","embeddable":true,"href":"https:\/\/pawz.rs\/en\/wp-json\/wp\/v2\/product_cat?post=27080"},{"taxonomy":"product_tag","embeddable":true,"href":"https:\/\/pawz.rs\/en\/wp-json\/wp\/v2\/product_tag?post=27080"}],"curies":[{"name":"wp","href":"https:\/\/api.w.org\/{rel}","templated":true}]}}