{"id":27083,"date":"2024-09-03T14:38:10","date_gmt":"2024-09-03T12:38:10","guid":{"rendered":"https:\/\/pawz.rs\/?post_type=product&#038;p=27083"},"modified":"2026-05-06T21:42:42","modified_gmt":"2026-05-06T19:42:42","slug":"animonda-grancarno-dog-senior-govedina-i-jagnjetina","status":"publish","type":"product","link":"https:\/\/pawz.rs\/en\/animonda-grancarno-dog-senior-govedina-i-jagnjetina\/","title":{"rendered":"Animonda GranCarno Dog Senior Govedina I Jagnjetina"},"content":{"rendered":"<p><strong>Animonda GranCarno Dog Senior Govedina I Jagnjetina<\/strong><\/p>\n<p>Potpuna vla\u017ena hrana za odrasle pse (starije od 7 godina).<\/p>\n<p>Hrana je posebno palatabilna i stimuli\u0161e apetit.<\/p>\n<p><strong>Sastav<\/strong>:<br \/>\n43% govedina (plu\u0107a, meso, srce, vime, bubreg,) 25% jagnjetina (jetra, \u0161kembi\u0107i), kalcijum karbonat, lososovo ulje (0,2%).<\/p>\n<p><strong>Analiti\u010dki sastav<\/strong>:<br \/>\nSirovi proteini 10,5%, Sirova ulja i masti 8,0%, Sirova vlakna 0,4%, Sirovi pepeo 2,0%, Vlaga 77,5%.<\/p>\n<p><strong>Dodaci\u00a0(po kg)-Prehrambeni dodaci:<\/strong><br \/>\nVit. D3: 200 IU, E2: 0,2 mg, E5: 1,5 mg, E6: 10 mg.<\/p>\n<p>Serve food in dry form with available fresh water.<br \/>\nFor your pet&#039;s health, consult a veterinarian regularly.<\/p>\n<p>Store the product in a dry, dark and cool place.<\/p>\n<p>Proizvo\u0111a\u010d: Rothenfelde<br \/>\nCountry of origin: Germany<\/p>\n<p>&nbsp;<\/p>\n<p>&nbsp;<\/p>\n\n    <div class=\"xs_social_share_widget xs_share_url after_content \t\tmain_content  wslu-style-1 wslu-share-box-shaped wslu-fill-colored wslu-none wslu-share-horizontal wslu-theme-font-no wslu-main_content\">\n\n\t\t\n        <ul>\n\t\t\t        <\/ul>\n    <\/div>","protected":false},"excerpt":{"rendered":"<p>Animonda GranCarno Dog Senior predstavlja kompletnu vla\u017enu hranu za pse starije od 7 godina, sa govedinom i jagnjetinom<\/p>","protected":false},"featured_media":26668,"comment_status":"open","ping_status":"closed","template":"","meta":{"_acf_changed":false},"pwb-brand":[965],"product_cat":[47,48,50],"product_tag":[],"class_list":{"0":"post-27083","1":"product","2":"type-product","3":"status-publish","4":"has-post-thumbnail","6":"pwb-brand-animonda","7":"product_cat-psi","8":"product_cat-hrana-za-pse","9":"product_cat-vlazna-hrana-za-pse","11":"first","12":"instock","13":"taxable","14":"shipping-taxable","15":"purchasable","16":"product-type-variable","17":"has-default-attributes"},"acf":[],"brands":[{"id":965,"name":"Animonda","slug":"animonda"}],"_links":{"self":[{"href":"https:\/\/pawz.rs\/en\/wp-json\/wp\/v2\/product\/27083","targetHints":{"allow":["GET"]}}],"collection":[{"href":"https:\/\/pawz.rs\/en\/wp-json\/wp\/v2\/product"}],"about":[{"href":"https:\/\/pawz.rs\/en\/wp-json\/wp\/v2\/types\/product"}],"replies":[{"embeddable":true,"href":"https:\/\/pawz.rs\/en\/wp-json\/wp\/v2\/comments?post=27083"}],"wp:featuredmedia":[{"embeddable":true,"href":"https:\/\/pawz.rs\/en\/wp-json\/wp\/v2\/media\/26668"}],"wp:attachment":[{"href":"https:\/\/pawz.rs\/en\/wp-json\/wp\/v2\/media?parent=27083"}],"wp:term":[{"taxonomy":"pwb-brand","embeddable":true,"href":"https:\/\/pawz.rs\/en\/wp-json\/wp\/v2\/pwb-brand?post=27083"},{"taxonomy":"product_cat","embeddable":true,"href":"https:\/\/pawz.rs\/en\/wp-json\/wp\/v2\/product_cat?post=27083"},{"taxonomy":"product_tag","embeddable":true,"href":"https:\/\/pawz.rs\/en\/wp-json\/wp\/v2\/product_tag?post=27083"}],"curies":[{"name":"wp","href":"https:\/\/api.w.org\/{rel}","templated":true}]}}