{"id":27102,"date":"2024-09-03T14:38:02","date_gmt":"2024-09-03T12:38:02","guid":{"rendered":"https:\/\/pawz.rs\/?post_type=product&#038;p=27102"},"modified":"2026-05-06T21:42:47","modified_gmt":"2026-05-06T19:42:47","slug":"animonda-grancarno-dog-junior-govedina-i-piletina","status":"publish","type":"product","link":"https:\/\/pawz.rs\/en\/animonda-grancarno-dog-junior-govedina-i-piletina\/","title":{"rendered":"Animonda GranCarno Dog Junior Govedina i Piletina"},"content":{"rendered":"<p><strong>Animonda GranCarno Dog Junior Govedina i Piletina<\/strong><\/p>\n<p>Animonda GranCarno Dog Junior Govedina i Piletina\u00a0 je komletna vla\u017ena hrana za mlade pse u razvoju (\u0161tence).<\/p>\n<p>Hrana je posebno palatabilna i stimuli\u0161e apetit.<\/p>\n<p>Hraniti prema prilo\u017eenoj tablici, voda treba biti stalno dostupna.<\/p>\n<p><strong>Sastav<\/strong>:<br \/>\n54% govedina (meso,jetra, plu\u0107a, srce, bubreg,vime) 14% \u0107ure\u0107a srca, kalcijum karbonat, 0,2% losos.<\/p>\n<p><strong>Analytical composition:<\/strong><br \/>\nSirovi proteini 11%, sirova ulja i masti 8%, sirova vlakna 0,5%, sirovi pepeo 2%, vlaga 77%.<\/p>\n<p><strong>Dodaci<\/strong>\u00a0(po kg)-Prehrambeni dodaci:<br \/>\nVit.D3: 200 IU. E 2: 0,2 mg, E5: 1,5 mg, E6: 10 mg.<\/p>\n<p>\u010cuvati na suvom i hladnom mestu.<\/p>\n<p>Serve food in dry form with available fresh water.<br \/>\nFor your pet&#039;s health, consult a veterinarian regularly.<\/p>\n<p>Store the product in a dry, dark and cool place.<\/p>\n<p>Proizvo\u0111a\u010d: Rothenfelde<br \/>\nCountry of origin: Germany<\/p>\n\n    <div class=\"xs_social_share_widget xs_share_url after_content \t\tmain_content  wslu-style-1 wslu-share-box-shaped wslu-fill-colored wslu-none wslu-share-horizontal wslu-theme-font-no wslu-main_content\">\n\n\t\t\n        <ul>\n\t\t\t        <\/ul>\n    <\/div>","protected":false},"excerpt":{"rendered":"<p>Animonda GranCarno Dog Junior je kompletna vla\u017ena hrana za \u0161tence sa govedinom i piletinom<\/p>","protected":false},"featured_media":26706,"comment_status":"open","ping_status":"closed","template":"","meta":{"_acf_changed":false},"pwb-brand":[965],"product_cat":[47,48,50],"product_tag":[],"class_list":{"0":"post-27102","1":"product","2":"type-product","3":"status-publish","4":"has-post-thumbnail","6":"pwb-brand-animonda","7":"product_cat-psi","8":"product_cat-hrana-za-pse","9":"product_cat-vlazna-hrana-za-pse","11":"first","12":"instock","13":"taxable","14":"shipping-taxable","15":"purchasable","16":"product-type-variable","17":"has-default-attributes"},"acf":[],"brands":[{"id":965,"name":"Animonda","slug":"animonda"}],"_links":{"self":[{"href":"https:\/\/pawz.rs\/en\/wp-json\/wp\/v2\/product\/27102","targetHints":{"allow":["GET"]}}],"collection":[{"href":"https:\/\/pawz.rs\/en\/wp-json\/wp\/v2\/product"}],"about":[{"href":"https:\/\/pawz.rs\/en\/wp-json\/wp\/v2\/types\/product"}],"replies":[{"embeddable":true,"href":"https:\/\/pawz.rs\/en\/wp-json\/wp\/v2\/comments?post=27102"}],"wp:featuredmedia":[{"embeddable":true,"href":"https:\/\/pawz.rs\/en\/wp-json\/wp\/v2\/media\/26706"}],"wp:attachment":[{"href":"https:\/\/pawz.rs\/en\/wp-json\/wp\/v2\/media?parent=27102"}],"wp:term":[{"taxonomy":"pwb-brand","embeddable":true,"href":"https:\/\/pawz.rs\/en\/wp-json\/wp\/v2\/pwb-brand?post=27102"},{"taxonomy":"product_cat","embeddable":true,"href":"https:\/\/pawz.rs\/en\/wp-json\/wp\/v2\/product_cat?post=27102"},{"taxonomy":"product_tag","embeddable":true,"href":"https:\/\/pawz.rs\/en\/wp-json\/wp\/v2\/product_tag?post=27102"}],"curies":[{"name":"wp","href":"https:\/\/api.w.org\/{rel}","templated":true}]}}