{"id":27106,"date":"2024-06-07T22:25:24","date_gmt":"2024-06-07T20:25:24","guid":{"rendered":"https:\/\/pawz.rs\/?post_type=product&#038;p=27106"},"modified":"2026-05-06T21:42:48","modified_gmt":"2026-05-06T19:42:48","slug":"animonda-integra-protect-dog-adult-intestinal-curetina","status":"publish","type":"product","link":"https:\/\/pawz.rs\/en\/animonda-integra-protect-dog-adult-intestinal-curetina\/","title":{"rendered":"Animonda Integra Protect Dog Adult Intestinal \u0106uretina"},"content":{"rendered":"<p><strong>Animonda Integra Protect Dog Adult Intestinal \u0106uretina<\/strong><\/p>\n<p>Potpuna dijetetska mokra hrana za pse za spre\u010davanje akutnih poreme\u0107aja resorpcije u crevima (gastrointestinalne smetnje,IBD, kolitis)<\/p>\n<p><strong>Sastav<\/strong>:<br \/>\nMeso i derivati \u017eivotinjskog porekla (\u0107uretina), \u017eitarice (4% pirina\u010d), minerali. Lako probavljivi sastojci: \u0107uretina i pirina\u010d.<\/p>\n<p><strong>Analytical composition:<\/strong><br \/>\nSirovi proteini 9%, sirova ulja i masti 5%, sirova vlakna 0,3%, sirovi pepeo 2,8%, vlaga 79%, natrijum 0,25%, kalijum 0,2 %.<\/p>\n<p><strong>Dodaci (po kg)-Prehrambeni dodaci:<br \/>\n<\/strong>Vit.D3: 200 IU, 3b202: 4 mg, E4: 1 mg, E5: 1,7 mg, 3b603: 26 mg<\/p>\n<p>Serve food in dry form with available fresh water.<br \/>\nFor your pet&#039;s health, consult a veterinarian regularly.<\/p>\n<p>Store the product in a dry, dark and cool place.<\/p>\n<p>Proizvo\u0111a\u010d: Rothenfelde<br \/>\nCountry of origin: Germany<\/p>\n\n    <div class=\"xs_social_share_widget xs_share_url after_content \t\tmain_content  wslu-style-1 wslu-share-box-shaped wslu-fill-colored wslu-none wslu-share-horizontal wslu-theme-font-no wslu-main_content\">\n\n\t\t\n        <ul>\n\t\t\t        <\/ul>\n    <\/div>","protected":false},"excerpt":{"rendered":"<p>Animonda Integra Protect Dog Adult Intestinal je kompletna vla\u017ena dijetetska hrana za odrasle pse, koji imaju poreme\u0107aj u resorpciji creva, sa \u0107uretinom<\/p>","protected":false},"featured_media":26714,"comment_status":"open","ping_status":"closed","template":"","meta":{"_acf_changed":false},"pwb-brand":[965],"product_cat":[48,47,705],"product_tag":[1251],"class_list":{"0":"post-27106","1":"product","2":"type-product","3":"status-publish","4":"has-post-thumbnail","6":"pwb-brand-animonda","7":"product_cat-hrana-za-pse","8":"product_cat-psi","9":"product_cat-veterinarske-dijete-za-pse","10":"product_tag-veterinarske-dijete","12":"first","13":"instock","14":"taxable","15":"shipping-taxable","16":"purchasable","17":"product-type-variable","18":"has-default-attributes"},"acf":[],"brands":[{"id":965,"name":"Animonda","slug":"animonda"}],"_links":{"self":[{"href":"https:\/\/pawz.rs\/en\/wp-json\/wp\/v2\/product\/27106","targetHints":{"allow":["GET"]}}],"collection":[{"href":"https:\/\/pawz.rs\/en\/wp-json\/wp\/v2\/product"}],"about":[{"href":"https:\/\/pawz.rs\/en\/wp-json\/wp\/v2\/types\/product"}],"replies":[{"embeddable":true,"href":"https:\/\/pawz.rs\/en\/wp-json\/wp\/v2\/comments?post=27106"}],"wp:featuredmedia":[{"embeddable":true,"href":"https:\/\/pawz.rs\/en\/wp-json\/wp\/v2\/media\/26714"}],"wp:attachment":[{"href":"https:\/\/pawz.rs\/en\/wp-json\/wp\/v2\/media?parent=27106"}],"wp:term":[{"taxonomy":"pwb-brand","embeddable":true,"href":"https:\/\/pawz.rs\/en\/wp-json\/wp\/v2\/pwb-brand?post=27106"},{"taxonomy":"product_cat","embeddable":true,"href":"https:\/\/pawz.rs\/en\/wp-json\/wp\/v2\/product_cat?post=27106"},{"taxonomy":"product_tag","embeddable":true,"href":"https:\/\/pawz.rs\/en\/wp-json\/wp\/v2\/product_tag?post=27106"}],"curies":[{"name":"wp","href":"https:\/\/api.w.org\/{rel}","templated":true}]}}