{"id":27159,"date":"2024-06-12T19:31:52","date_gmt":"2024-06-12T17:31:52","guid":{"rendered":"https:\/\/pawz.rs\/?post_type=product&#038;p=27159"},"modified":"2026-02-07T21:23:49","modified_gmt":"2026-02-07T20:23:49","slug":"cennamo-pluto-dog-adult-medium-maxi-fish-24-920-kg","status":"publish","type":"product","link":"https:\/\/pawz.rs\/en\/cennamo-pluto-dog-adult-medium-maxi-fish-24-920-kg\/","title":{"rendered":"Cennamo Pluto Dog Adult Medium\/Maxi Fish 24\/9 20 kg"},"content":{"rendered":"<p><strong>Cennamo Pluto Dog Adult Medium\/Maxi Fish 24\/9 20 kg<\/strong><\/p>\n<p>Kompletna hrana za odr\u017eavanje za pse srednjih i velikih rasa sa srednjim nivoom aktivnosti.<\/p>\n<p><strong>Sastav:<\/strong><br \/>\nDehidrirano mesno bra\u0161no (30%), kukuruz, meso tunjevine (4%), \u017eitarice, ulja i \u017eivotinjske masti, pulpa uljane repice, vitamini i minerali<\/p>\n<div class=\"pro-details-list\">\n<p><strong>Analytical composition:<\/strong><br \/>\nSirovi proteini 24%, Ulja i masti 9%, Sirova vlakna 3,2%, Pepeo 10,5%, Kalcijum 1,8%, Fosfor 1,2%<\/p>\n<p>Serve food in dry form with available fresh water.<br \/>\nFor your pet&#039;s health, consult a veterinarian regularly.<\/p>\n<p>Store the product in a dry, dark and cool place.<\/p>\n<p>Proizvo\u0111a\u010d: Cennamo<br \/>\nZemlja porekla: Italija<\/p>\n<\/div>\n\n    <div class=\"xs_social_share_widget xs_share_url after_content \t\tmain_content  wslu-style-1 wslu-share-box-shaped wslu-fill-colored wslu-none wslu-share-horizontal wslu-theme-font-no wslu-main_content\">\n\n\t\t\n        <ul>\n\t\t\t        <\/ul>\n    <\/div>","protected":false},"excerpt":{"rendered":"<p>Cennamo Pluto Dog Adult Medium\/Maxi predstavlja potpunu suvu hranu za odrasle pse srednje i velike rase, sa ribom<\/p>","protected":false},"featured_media":27162,"comment_status":"open","ping_status":"closed","template":"","meta":{"_acf_changed":false},"pwb-brand":[962],"product_cat":[47,48,49],"product_tag":[],"class_list":{"0":"post-27159","1":"product","2":"type-product","3":"status-publish","4":"has-post-thumbnail","6":"pwb-brand-cennamo","7":"product_cat-psi","8":"product_cat-hrana-za-pse","9":"product_cat-granule-za-pse","11":"first","12":"instock","13":"taxable","14":"shipping-taxable","15":"purchasable","16":"product-type-simple"},"acf":[],"brands":[{"id":962,"name":"Cennamo","slug":"cennamo"}],"_links":{"self":[{"href":"https:\/\/pawz.rs\/en\/wp-json\/wp\/v2\/product\/27159","targetHints":{"allow":["GET"]}}],"collection":[{"href":"https:\/\/pawz.rs\/en\/wp-json\/wp\/v2\/product"}],"about":[{"href":"https:\/\/pawz.rs\/en\/wp-json\/wp\/v2\/types\/product"}],"replies":[{"embeddable":true,"href":"https:\/\/pawz.rs\/en\/wp-json\/wp\/v2\/comments?post=27159"}],"wp:featuredmedia":[{"embeddable":true,"href":"https:\/\/pawz.rs\/en\/wp-json\/wp\/v2\/media\/27162"}],"wp:attachment":[{"href":"https:\/\/pawz.rs\/en\/wp-json\/wp\/v2\/media?parent=27159"}],"wp:term":[{"taxonomy":"pwb-brand","embeddable":true,"href":"https:\/\/pawz.rs\/en\/wp-json\/wp\/v2\/pwb-brand?post=27159"},{"taxonomy":"product_cat","embeddable":true,"href":"https:\/\/pawz.rs\/en\/wp-json\/wp\/v2\/product_cat?post=27159"},{"taxonomy":"product_tag","embeddable":true,"href":"https:\/\/pawz.rs\/en\/wp-json\/wp\/v2\/product_tag?post=27159"}],"curies":[{"name":"wp","href":"https:\/\/api.w.org\/{rel}","templated":true}]}}