{"id":27163,"date":"2024-06-12T19:31:53","date_gmt":"2024-06-12T17:31:53","guid":{"rendered":"https:\/\/pawz.rs\/?post_type=product&#038;p=27163"},"modified":"2026-02-07T21:23:49","modified_gmt":"2026-02-07T20:23:49","slug":"cennamo-pluto-dog-plus-adult-25-10-18-kg","status":"publish","type":"product","link":"https:\/\/pawz.rs\/en\/cennamo-pluto-dog-plus-adult-25-10-18-kg\/","title":{"rendered":"Cennamo Pluto Dog Plus Adult 25\/10 18 kg"},"content":{"rendered":"<p><strong>Cennamo Pluto Dog Plus Adult 25\/10 18 kg<\/strong><\/p>\n<p>Kompletna hrana za odrasle pse za odr\u017eavanje srednje\/velike veli\u010dine prou\u010davana i formulisana za pse sa srednjom\/intenzivnom dnevnom fizi\u010dkom aktivno\u0161c\u0301u.<br \/>\nPluto dog plus predstavlja kompletnu i uravnote\u017eenu dnevnu ishranu.<br \/>\nPluto dog plus je hrana za odrasle pse formulisana od odabranih i kontrolisanih sirovina.<\/p>\n<p><strong>Sastav:<\/strong><br \/>\nDehidrirano mesno bra\u0161no (30%), kukuruz, \u017eitarice i nusproizvodi \u017eitarica, ulja i masti, pulpa cvekle, vitamini i minerali<\/p>\n<p><strong>Nutritivni dodaci:<\/strong><br \/>\nVitamin A: 15.000 U.I\/Kg, Vitamin D3: 750 U.I.\/Kg, Vitamin E: 70 mg\/KG, Folna kiselina: 1 mg\/Kg, Linolna kiselina: 1,57 mg\/Kg. Bakar: 3,5 mg\/kg, Vitamin B1: 6 mg\/kg, Vitamin B2: 6 mg\/kg, Vitamin B6: 5 mg\/kg<\/p>\n<div class=\"pro-details-list\">\n<p><strong>Analytical composition:<\/strong><br \/>\nVlaga 8,5%, sirovi proteini 24%, siroviaulja i masti 9%, sirova vlakana 3,2%, sirov pepeo 10,5%, kalcijum 1,8%, fosfor 1,2%<\/p>\n<p>Serve food in dry form with available fresh water.<br \/>\nFor your pet&#039;s health, consult a veterinarian regularly.<\/p>\n<p>Store the product in a dry, dark and cool place.<\/p>\n<p>Proizvo\u0111a\u010d: Cennamo<br \/>\nZemlja porekla: Italija<\/p>\n<\/div>\n\n    <div class=\"xs_social_share_widget xs_share_url after_content \t\tmain_content  wslu-style-1 wslu-share-box-shaped wslu-fill-colored wslu-none wslu-share-horizontal wslu-theme-font-no wslu-main_content\">\n\n\t\t\n        <ul>\n\t\t\t        <\/ul>\n    <\/div>","protected":false},"excerpt":{"rendered":"<p>Cennamo Pluto Dog Plus je kompletna hrana za odrasle pse srednje i velike rase<\/p>","protected":false},"featured_media":27164,"comment_status":"open","ping_status":"closed","template":"","meta":{"_acf_changed":false},"pwb-brand":[962],"product_cat":[47,48,49],"product_tag":[],"class_list":{"0":"post-27163","1":"product","2":"type-product","3":"status-publish","4":"has-post-thumbnail","6":"pwb-brand-cennamo","7":"product_cat-psi","8":"product_cat-hrana-za-pse","9":"product_cat-granule-za-pse","11":"first","12":"instock","13":"taxable","14":"shipping-taxable","15":"purchasable","16":"product-type-simple"},"acf":[],"brands":[{"id":962,"name":"Cennamo","slug":"cennamo"}],"_links":{"self":[{"href":"https:\/\/pawz.rs\/en\/wp-json\/wp\/v2\/product\/27163","targetHints":{"allow":["GET"]}}],"collection":[{"href":"https:\/\/pawz.rs\/en\/wp-json\/wp\/v2\/product"}],"about":[{"href":"https:\/\/pawz.rs\/en\/wp-json\/wp\/v2\/types\/product"}],"replies":[{"embeddable":true,"href":"https:\/\/pawz.rs\/en\/wp-json\/wp\/v2\/comments?post=27163"}],"wp:featuredmedia":[{"embeddable":true,"href":"https:\/\/pawz.rs\/en\/wp-json\/wp\/v2\/media\/27164"}],"wp:attachment":[{"href":"https:\/\/pawz.rs\/en\/wp-json\/wp\/v2\/media?parent=27163"}],"wp:term":[{"taxonomy":"pwb-brand","embeddable":true,"href":"https:\/\/pawz.rs\/en\/wp-json\/wp\/v2\/pwb-brand?post=27163"},{"taxonomy":"product_cat","embeddable":true,"href":"https:\/\/pawz.rs\/en\/wp-json\/wp\/v2\/product_cat?post=27163"},{"taxonomy":"product_tag","embeddable":true,"href":"https:\/\/pawz.rs\/en\/wp-json\/wp\/v2\/product_tag?post=27163"}],"curies":[{"name":"wp","href":"https:\/\/api.w.org\/{rel}","templated":true}]}}