{"id":27169,"date":"2024-06-12T09:37:52","date_gmt":"2024-06-12T07:37:52","guid":{"rendered":"https:\/\/pawz.rs\/?post_type=product&#038;p=27169"},"modified":"2026-02-07T21:23:49","modified_gmt":"2026-02-07T20:23:49","slug":"cennamo-pluto-dog-puppy-all-breed-29-14-15-kg","status":"publish","type":"product","link":"https:\/\/pawz.rs\/en\/cennamo-pluto-dog-puppy-all-breed-29-14-15-kg\/","title":{"rendered":"Cennamo Pluto Dog Puppy All Breed 29\/14 15 kg"},"content":{"rendered":"<p><strong>Cennamo Pluto Dog Puppy All Breed 29\/14 15 kg<\/strong><\/p>\n<p>Pluto Dog Puppy je kompletna hrana za \u0161tence svih rasa i veli\u010dina<br \/>\n\u2022 Formulisana da zadovolji potrebe \u0161tenaca i doprinese pravilnom razvoju, rastu skeleta i mi\u0161i\u0107a<br \/>\n\u2022 Ugljeni hidrati iz pirin\u010da i proteini iz pile\u0107eg mesa osiguravaju maksimalnu svarljivost, \u010dime se zadovoljavaju nutritivne potrebe \u0161tenaca<br \/>\n\u2022 Kalcijum i fosfor za pravilan razvoj mi\u0161i\u0107no-ko\u0161tanog sistema, FOS za pravilno funkcionisanje creva<br \/>\n\u2022 Garantovan dobar ukus i laka svarljivost<br \/>\n\u2022 Bez GMO<\/p>\n<p><strong>Sastav:<\/strong><br \/>\n\u017ditarice (pirina\u010d min. 5%), meso i nusproizvodi (pile\u0107e meso min. 20%), nusproizvodi od povr\u0107a (pulpa cvekle), ulja i masti, riba i riblji nusproizvodi, FOS (frukto-oligosaharidi ), minerali<\/p>\n<div class=\"pro-details-list\">\n<p>Serve food in dry form with available fresh water.<br \/>\nFor your pet&#039;s health, consult a veterinarian regularly.<\/p>\n<p>Store the product in a dry, dark and cool place.<\/p>\n<p>Proizvo\u0111a\u010d: Cennamo<br \/>\nZemlja porekla: Italija<\/p>\n<\/div>\n\n    <div class=\"xs_social_share_widget xs_share_url after_content \t\tmain_content  wslu-style-1 wslu-share-box-shaped wslu-fill-colored wslu-none wslu-share-horizontal wslu-theme-font-no wslu-main_content\">\n\n\t\t\n        <ul>\n\t\t\t        <\/ul>\n    <\/div>","protected":false},"excerpt":{"rendered":"<p>Cennamo Pluto Dog Puppy je kompletna suva hrana za \u0161tence svih rasa<\/p>","protected":false},"featured_media":29343,"comment_status":"open","ping_status":"closed","template":"","meta":{"_acf_changed":false},"pwb-brand":[962],"product_cat":[49,48,47],"product_tag":[],"class_list":{"0":"post-27169","1":"product","2":"type-product","3":"status-publish","4":"has-post-thumbnail","6":"pwb-brand-cennamo","7":"product_cat-granule-za-pse","8":"product_cat-hrana-za-pse","9":"product_cat-psi","11":"first","12":"instock","13":"taxable","14":"shipping-taxable","15":"purchasable","16":"product-type-simple"},"acf":[],"brands":[{"id":962,"name":"Cennamo","slug":"cennamo"}],"_links":{"self":[{"href":"https:\/\/pawz.rs\/en\/wp-json\/wp\/v2\/product\/27169","targetHints":{"allow":["GET"]}}],"collection":[{"href":"https:\/\/pawz.rs\/en\/wp-json\/wp\/v2\/product"}],"about":[{"href":"https:\/\/pawz.rs\/en\/wp-json\/wp\/v2\/types\/product"}],"replies":[{"embeddable":true,"href":"https:\/\/pawz.rs\/en\/wp-json\/wp\/v2\/comments?post=27169"}],"wp:featuredmedia":[{"embeddable":true,"href":"https:\/\/pawz.rs\/en\/wp-json\/wp\/v2\/media\/29343"}],"wp:attachment":[{"href":"https:\/\/pawz.rs\/en\/wp-json\/wp\/v2\/media?parent=27169"}],"wp:term":[{"taxonomy":"pwb-brand","embeddable":true,"href":"https:\/\/pawz.rs\/en\/wp-json\/wp\/v2\/pwb-brand?post=27169"},{"taxonomy":"product_cat","embeddable":true,"href":"https:\/\/pawz.rs\/en\/wp-json\/wp\/v2\/product_cat?post=27169"},{"taxonomy":"product_tag","embeddable":true,"href":"https:\/\/pawz.rs\/en\/wp-json\/wp\/v2\/product_tag?post=27169"}],"curies":[{"name":"wp","href":"https:\/\/api.w.org\/{rel}","templated":true}]}}