{"id":27171,"date":"2024-06-12T19:31:50","date_gmt":"2024-06-12T17:31:50","guid":{"rendered":"https:\/\/pawz.rs\/?post_type=product&#038;p=27171"},"modified":"2026-02-07T21:23:57","modified_gmt":"2026-02-07T20:23:57","slug":"cennamo-prestige-dog-adult-cavalo-12-kg","status":"publish","type":"product","link":"https:\/\/pawz.rs\/en\/cennamo-prestige-dog-adult-cavalo-12-kg\/","title":{"rendered":"Cennamo Prestige Dog Adult Cavalo 12 kg"},"content":{"rendered":"<p><strong>Cennamo Prestige Dog Adult Cavalo 12 kg<\/strong><\/p>\n<p>Prestige Dog Adult All Breeds sa konjskim mesom, pirin\u010dem i krompirom je potpuna i izbalansirana visokokvalitetna hrana za odrasle pse svih veli\u010dina.<\/p>\n<p>Ima dobar ukus i savr\u0161en je za odr\u017eavanje zdravlja psa. Sadr\u017ei dosta dehidriranog konjskog mesa, bez konzervansa, boja i aroma.<br \/>\nDodatak cinka poma\u017ee u podr\u017eavanju pravilnog funkcionisanja imunog sistema.<\/p>\n<p>Sadr\u017ei glukozamin i hondroitin sulfat za podr\u0161ku mi\u0161ic\u0301no-skeletnom sistemu<br \/>\nPilec\u0301e ulje i svinjska mast dodati u recept poma\u017eu u odr\u017eavanju zdrave ko\u017ee i sjajne dlake.<\/p>\n<p><strong>Sastav:<br \/>\n<\/strong>Dehidrirani \u017eivotinjski proteini (najmanje 30% konjskog mesa), spelta durum p\u0161enica, kukuruzno bra\u0161no, pirina\u010d, svinjska mast i pilec\u0301e ulje, su\u0161eni krompir, su\u0161ena pulpa cvekle, su\u0161ena pulpa cikorije (izvor fruktooligosaharida, su\u0161eni minerali, slatki karadovi) hondroitin sulfat 0,06%, glukozamin 0,05%.<\/p>\n<p><strong>Analytical composition:<br \/>\n<\/strong>Sirovi proteini 25%, sirove masti 15%, sirova vlakna 3%, sirovi pepeo 8,5%, kalcijum 1,6%, fosfor 1,2%, masne kiseline Omega-6 2,5%, masne kiseline Omega-3 0,5%<\/p>\n<p>Energetska vrednost: 4.000 kcal\/kg<\/p>\n<p><strong>Nutritivni dodaci:<br \/>\n<\/strong>Vitamin A (retinil acetat) 30.000 IU\/kg, Vitamin D3 1.600 IU\/kg, Vitamin E (svi rac-alfa-tokoferil acetat) 70 mg\/kg, Selen (0,4 mg oblo\u017eeni granulirani natrijum selenit)\/ ) 0,2 mg\/kg, mangan (mangan sulfat monohidrat 92 mg\/kg) 30 mg\/kg), cink (cinkov oksid: 149 mg\/kg) 120 mg\/kg, bakar (bakar (II) sulfat pentahidrat): 39 mg\/ kg) 10 mg\/kg, gvo\u017e\u0111e (gvo\u017e\u0111e (II) sulfat monohidrat 304 mg\/kg) 100 mg\/kg, jod (bezvodni kalcijum jodat 2,4 mg\/kg) 1,6 mg\/kg; L-karnitin 100 mg\/kg; DL-metionin: 1,500 mg\/kg.<\/p>\n<div class=\"pro-details-list\">\n<p>Serve food in dry form with available fresh water.<br \/>\nFor your pet&#039;s health, consult a veterinarian regularly.<\/p>\n<p>Store the product in a dry, dark and cool place.<\/p>\n<p>Proizvo\u0111a\u010d: Cennamo<br \/>\nZemlja porekla: Italija<\/p>\n<\/div>\n\n    <div class=\"xs_social_share_widget xs_share_url after_content \t\tmain_content  wslu-style-1 wslu-share-box-shaped wslu-fill-colored wslu-none wslu-share-horizontal wslu-theme-font-no wslu-main_content\">\n\n\t\t\n        <ul>\n\t\t\t        <\/ul>\n    <\/div>","protected":false},"excerpt":{"rendered":"<p>Cennamo Prestige Adult Cavalo All Breeds je kompletna suva hrana za odrasle pse svih rasa, sa konjetinom<\/p>","protected":false},"featured_media":27172,"comment_status":"open","ping_status":"closed","template":"","meta":{"_acf_changed":false},"pwb-brand":[962],"product_cat":[47,48,49],"product_tag":[],"class_list":{"0":"post-27171","1":"product","2":"type-product","3":"status-publish","4":"has-post-thumbnail","6":"pwb-brand-cennamo","7":"product_cat-psi","8":"product_cat-hrana-za-pse","9":"product_cat-granule-za-pse","11":"first","12":"instock","13":"taxable","14":"shipping-taxable","15":"purchasable","16":"product-type-simple"},"acf":[],"brands":[{"id":962,"name":"Cennamo","slug":"cennamo"}],"_links":{"self":[{"href":"https:\/\/pawz.rs\/en\/wp-json\/wp\/v2\/product\/27171","targetHints":{"allow":["GET"]}}],"collection":[{"href":"https:\/\/pawz.rs\/en\/wp-json\/wp\/v2\/product"}],"about":[{"href":"https:\/\/pawz.rs\/en\/wp-json\/wp\/v2\/types\/product"}],"replies":[{"embeddable":true,"href":"https:\/\/pawz.rs\/en\/wp-json\/wp\/v2\/comments?post=27171"}],"wp:featuredmedia":[{"embeddable":true,"href":"https:\/\/pawz.rs\/en\/wp-json\/wp\/v2\/media\/27172"}],"wp:attachment":[{"href":"https:\/\/pawz.rs\/en\/wp-json\/wp\/v2\/media?parent=27171"}],"wp:term":[{"taxonomy":"pwb-brand","embeddable":true,"href":"https:\/\/pawz.rs\/en\/wp-json\/wp\/v2\/pwb-brand?post=27171"},{"taxonomy":"product_cat","embeddable":true,"href":"https:\/\/pawz.rs\/en\/wp-json\/wp\/v2\/product_cat?post=27171"},{"taxonomy":"product_tag","embeddable":true,"href":"https:\/\/pawz.rs\/en\/wp-json\/wp\/v2\/product_tag?post=27171"}],"curies":[{"name":"wp","href":"https:\/\/api.w.org\/{rel}","templated":true}]}}