{"id":27175,"date":"2024-06-12T19:31:49","date_gmt":"2024-06-12T17:31:49","guid":{"rendered":"https:\/\/pawz.rs\/?post_type=product&#038;p=27175"},"modified":"2026-02-07T21:23:57","modified_gmt":"2026-02-07T20:23:57","slug":"cennamo-diamant-cat-adult-beef-2-kg","status":"publish","type":"product","link":"https:\/\/pawz.rs\/en\/cennamo-diamant-cat-adult-beef-2-kg\/","title":{"rendered":"Cennamo Diamant Cat Adult Beef 2 kg"},"content":{"rendered":"<p><strong>Cennamo Diamant Cat Adult Beef 2 kg<\/strong><\/p>\n<p>Kompletna hrana za odrasle ma\u010dke u zatvorenom i na otvorenom.<br \/>\nSmanjen nivo fosfora i magnezijuma poma\u017ee u smanjenju PH urinarnog trakta.<br \/>\nPosebna formula hrane obezbe\u0111uje visoko svarljive proteine, zahvaljujuc\u0301i kojima je dnevna doza uravnote\u017eena<\/p>\n<p><strong>Sastav:<br \/>\n<\/strong>Dehidrirani \u017eivotinjski proteini (piletina 20%), riblje bra\u0161no (losos 20%), pirina\u010d, kukuruz, durum p\u0161enica, pilec\u0301a mast 4%, lososovo ulje 1%, pulpa cvekle, pulpa cikorije, hidrolizovani pilec\u0301i proteini, minerali, frukto-oligosaharidi<\/p>\n<p><strong>Analytical composition:<br \/>\n<\/strong>Sirovi proteini 30%, ulja i masti 14%, vlakna 2,5%, pepeo 8,0%, kalcijum 1,1%, fosfor 0,8%<\/p>\n<p><strong>Nutritivni dodaci:<\/strong><br \/>\nVitamin A 12000 Mj\/kg; vitamin D3 900 mg\/kg; vitamin E 85 mg\/kg; L-karnitin 180 mg; DL-metionin 600 mg\/kg; Taurin 450 mg\/kg, bakar 120 mg\/kg.<br \/>\nOrganolepti\u010dki aditivi: Rosmarinus officinalis 11,3 mg\/kg.<\/p>\n<div class=\"pro-details-list\">\n<p>Serve food in dry form with available fresh water.<br \/>\nFor your pet&#039;s health, consult a veterinarian regularly.<\/p>\n<p>Store the product in a dry, dark and cool place.<\/p>\n<p>Proizvo\u0111a\u010d: Cennamo<br \/>\nZemlja porekla: Italija<\/p>\n<\/div>\n\n    <div class=\"xs_social_share_widget xs_share_url after_content \t\tmain_content  wslu-style-1 wslu-share-box-shaped wslu-fill-colored wslu-none wslu-share-horizontal wslu-theme-font-no wslu-main_content\">\n\n\t\t\n        <ul>\n\t\t\t        <\/ul>\n    <\/div>","protected":false},"excerpt":{"rendered":"<p>Cennamo Diamant Adult Cat je kompletna hrana za odrasle ma\u010dke<\/p>","protected":false},"featured_media":27176,"comment_status":"open","ping_status":"closed","template":"","meta":{"_acf_changed":false},"pwb-brand":[962],"product_cat":[23,21,149],"product_tag":[],"class_list":{"0":"post-27175","1":"product","2":"type-product","3":"status-publish","4":"has-post-thumbnail","6":"pwb-brand-cennamo","7":"product_cat-macke","8":"product_cat-hrana-za-macke","9":"product_cat-granule-za-macke","11":"first","12":"instock","13":"taxable","14":"shipping-taxable","15":"purchasable","16":"product-type-simple"},"acf":[],"brands":[{"id":962,"name":"Cennamo","slug":"cennamo"}],"_links":{"self":[{"href":"https:\/\/pawz.rs\/en\/wp-json\/wp\/v2\/product\/27175","targetHints":{"allow":["GET"]}}],"collection":[{"href":"https:\/\/pawz.rs\/en\/wp-json\/wp\/v2\/product"}],"about":[{"href":"https:\/\/pawz.rs\/en\/wp-json\/wp\/v2\/types\/product"}],"replies":[{"embeddable":true,"href":"https:\/\/pawz.rs\/en\/wp-json\/wp\/v2\/comments?post=27175"}],"wp:featuredmedia":[{"embeddable":true,"href":"https:\/\/pawz.rs\/en\/wp-json\/wp\/v2\/media\/27176"}],"wp:attachment":[{"href":"https:\/\/pawz.rs\/en\/wp-json\/wp\/v2\/media?parent=27175"}],"wp:term":[{"taxonomy":"pwb-brand","embeddable":true,"href":"https:\/\/pawz.rs\/en\/wp-json\/wp\/v2\/pwb-brand?post=27175"},{"taxonomy":"product_cat","embeddable":true,"href":"https:\/\/pawz.rs\/en\/wp-json\/wp\/v2\/product_cat?post=27175"},{"taxonomy":"product_tag","embeddable":true,"href":"https:\/\/pawz.rs\/en\/wp-json\/wp\/v2\/product_tag?post=27175"}],"curies":[{"name":"wp","href":"https:\/\/api.w.org\/{rel}","templated":true}]}}