{"id":27345,"date":"2024-06-17T19:16:47","date_gmt":"2024-06-17T17:16:47","guid":{"rendered":"https:\/\/pawz.rs\/?post_type=product&#038;p=27345"},"modified":"2026-05-10T17:41:34","modified_gmt":"2026-05-10T15:41:34","slug":"nuevo-dog-junior-grain-free-chicken-beef","status":"publish","type":"product","link":"https:\/\/pawz.rs\/en\/nuevo-dog-junior-grain-free-chicken-beef\/","title":{"rendered":"Nuevo Dog Junior Grain Free Chicken &#038; Beef"},"content":{"rendered":"<p><strong>Nuevo Dog Junior Grain Free Chicken &amp; Beef<\/strong><\/p>\n<p>Kompletna hrana za \u0161tence i mlade pse<\/p>\n<p>Visokoproteinsko pile\u0107e meso sa svim va\u017enim mineralima stvara idealnu osnovu ishrane Va\u0161eg psa.<br \/>\nPiletina je lako svarljiva i psi je rado jedu.<br \/>\nOsim toga, nuevo piletina doprinosi dobrom izgledu krzna Va\u0161eg ljubimca.<\/p>\n<p><strong>Sastav:<\/strong><br \/>\nMeso i proizvodi mesa 66% (20% piletina, 20% govedina), bujon 28.5%, \u017eitarice (pirina\u010d 4%), minerali 1%, kalcijum karbonat 0.5%.<\/p>\n<p><strong>Analytical composition:<\/strong><br \/>\nProteini 12%, sadr\u017eaj masti 6.9%, pepeo 2%, sirova vlakna 0.3%, vlaga 76%, kalcijum 0.45%, fosfor 0.25%.<\/p>\n<p><strong>Uputstvo za upotrebu:<\/strong><br \/>\nServirati pri sobnoj temperaturi.<br \/>\nObezbediti dovoljno sve\u017ee vode za pi\u0107e.<\/p>\n<p>\u010cuvati na hladnom i tamnom mestu.<br \/>\nNije za ljudsku upotrebu.<\/p>\n<p>Proizvo\u0111a\u010d: Landguth Heimtiernahrung GmbH<br \/>\nCountry of origin: Germany<\/p>\n\n    <div class=\"xs_social_share_widget xs_share_url after_content \t\tmain_content  wslu-style-1 wslu-share-box-shaped wslu-fill-colored wslu-none wslu-share-horizontal wslu-theme-font-no wslu-main_content\">\n\n\t\t\n        <ul>\n\t\t\t        <\/ul>\n    <\/div>","protected":false},"excerpt":{"rendered":"<p>Nuevo Dog Junior Grain Free Chicken and Beef je kompletna hrana namenjena \u0161tencima i mladim psima svih rasa<\/p>","protected":false},"featured_media":27350,"comment_status":"open","ping_status":"closed","template":"","meta":{"_acf_changed":false},"pwb-brand":[562],"product_cat":[47,48,50],"product_tag":[],"class_list":{"0":"post-27345","1":"product","2":"type-product","3":"status-publish","4":"has-post-thumbnail","6":"pwb-brand-nuevo","7":"product_cat-psi","8":"product_cat-hrana-za-pse","9":"product_cat-vlazna-hrana-za-pse","11":"first","12":"instock","13":"taxable","14":"shipping-taxable","15":"purchasable","16":"product-type-variable","17":"has-default-attributes"},"acf":[],"brands":[{"id":562,"name":"Nuevo","slug":"nuevo"}],"_links":{"self":[{"href":"https:\/\/pawz.rs\/en\/wp-json\/wp\/v2\/product\/27345","targetHints":{"allow":["GET"]}}],"collection":[{"href":"https:\/\/pawz.rs\/en\/wp-json\/wp\/v2\/product"}],"about":[{"href":"https:\/\/pawz.rs\/en\/wp-json\/wp\/v2\/types\/product"}],"replies":[{"embeddable":true,"href":"https:\/\/pawz.rs\/en\/wp-json\/wp\/v2\/comments?post=27345"}],"wp:featuredmedia":[{"embeddable":true,"href":"https:\/\/pawz.rs\/en\/wp-json\/wp\/v2\/media\/27350"}],"wp:attachment":[{"href":"https:\/\/pawz.rs\/en\/wp-json\/wp\/v2\/media?parent=27345"}],"wp:term":[{"taxonomy":"pwb-brand","embeddable":true,"href":"https:\/\/pawz.rs\/en\/wp-json\/wp\/v2\/pwb-brand?post=27345"},{"taxonomy":"product_cat","embeddable":true,"href":"https:\/\/pawz.rs\/en\/wp-json\/wp\/v2\/product_cat?post=27345"},{"taxonomy":"product_tag","embeddable":true,"href":"https:\/\/pawz.rs\/en\/wp-json\/wp\/v2\/product_tag?post=27345"}],"curies":[{"name":"wp","href":"https:\/\/api.w.org\/{rel}","templated":true}]}}