{"id":27411,"date":"2024-06-19T15:14:48","date_gmt":"2024-06-19T13:14:48","guid":{"rendered":"https:\/\/pawz.rs\/?post_type=product&#038;p=27411"},"modified":"2026-02-01T15:57:49","modified_gmt":"2026-02-01T14:57:49","slug":"np-healthy-aging-formula-250g","status":"publish","type":"product","link":"https:\/\/pawz.rs\/en\/np-healthy-aging-formula-250g\/","title":{"rendered":"NP Healthy Aging Formula 250g"},"content":{"rendered":"<p><strong>NP Healthy Aging Formula 250g<\/strong><\/p>\n<div class=\"col-md-12 text-center\">\n<p>Namenjen je o\u010duvanju zdravlja zuba, zglobova i kostiju.<\/p>\n<p><strong>Posebno formulisan za ljubimce starijeg \u017eivotnog doba<\/strong><\/p>\n<p>Sadr\u017ei magnezijum, kalcijum i MikroZenGen koji dopunjavaju esencijalne minerale neophodne organizmu ljubimaca starije \u017eivotne dobi<\/p>\n<p><strong>Za zdrava creva<\/strong><\/p>\n<p>Formula poma\u017ee da se organizam o\u010disti od toksina, oja\u010dava zidove creva i imuni sistem<\/p>\n<p><strong>Za aktivnog i zdravog ljubimca<\/strong><\/p>\n<p>Oja\u010dava zglobove poma\u017eu\u0107i ljubimcima da budu aktivni<\/p>\n<p><strong>Sastav:<br \/>\n<\/strong>Kalcijum karbonat, kalcijum i magnezijum karbonat.<\/p>\n<p><strong>Dodaci po kg priozvoda:<\/strong>\u00a0<strong>tehnolo\u0161ki dodaci<\/strong>:<br \/>\nDolomit-magnezit (1g598) \u2013 100 g, klinoptiolit sedimentnog porekla (1g 568) \u2013 800 g.<\/p>\n<p><strong>Analytical composition:<br \/>\n<\/strong>Sirovi proteini \u2013 0,5 %, sirova vlakna \u2013 0,3 %, sirova mast \u2013 1 %, sirovi pepeo \u2013 94 %, vlaga \u2013 1,9 %, natrijum \u2013 0,29 %, kalcijum \u2013 7,33 %, fosfor \u2013 0,01 %.<\/p>\n<p><strong>Uputstvo za upotrebu:<br \/>\n<\/strong>Odrasli psi: \u00bd kafene ka\u0161i\u010dice (2 grama) na 10 kg telesne te\u017eine, maksimum 3 ka\u0161i\u0107ice dnevno.<\/p>\n<p>Odrasle ma\u010dke: \u00bd t kafene ka\u0161i\u010dice (2 grama) na 3-8kg telesne te\u017eine.<\/p>\n<p>\u010cuvati na temperaturi od maksimum 25C.<br \/>\n\u010cuvati na suvom i hladnom mestu i iskoristiti maksimum 6 meseci od otvaranja.<br \/>\nDr\u017eati van doma\u0161aja dece.<br \/>\nNamenjeno isklju\u010divo \u017eivotinjama.<\/p>\n<p>Proizvo\u0111a\u010d: Akvatera LT (Nature\u2019s Protection)<br \/>\nZemlja porekla: Litvanija (EU)<\/p>\n<\/div>\n\n    <div class=\"xs_social_share_widget xs_share_url after_content \t\tmain_content  wslu-style-1 wslu-share-box-shaped wslu-fill-colored wslu-none wslu-share-horizontal wslu-theme-font-no wslu-main_content\">\n\n\t\t\n        <ul>\n\t\t\t        <\/ul>\n    <\/div>","protected":false},"excerpt":{"rendered":"<p>Healthy Aging Formula je suplement namenjen psima i ma\u010dkama starije \u017eivotne dobi<\/p>","protected":false},"featured_media":27412,"comment_status":"open","ping_status":"closed","template":"","meta":{"_acf_changed":false},"pwb-brand":[312],"product_cat":[23,47,414,391],"product_tag":[],"class_list":{"0":"post-27411","1":"product","2":"type-product","3":"status-publish","4":"has-post-thumbnail","6":"pwb-brand-np-natures-protection","7":"product_cat-macke","8":"product_cat-psi","9":"product_cat-vitamini-suplementi-i-preparati-za-macke","10":"product_cat-vitamini-suplementi-i-preparati-za-pse","12":"first","13":"instock","14":"taxable","15":"shipping-taxable","16":"purchasable","17":"product-type-simple"},"acf":[],"brands":[{"id":312,"name":"NP - Natures Protection","slug":"np-natures-protection"}],"_links":{"self":[{"href":"https:\/\/pawz.rs\/en\/wp-json\/wp\/v2\/product\/27411","targetHints":{"allow":["GET"]}}],"collection":[{"href":"https:\/\/pawz.rs\/en\/wp-json\/wp\/v2\/product"}],"about":[{"href":"https:\/\/pawz.rs\/en\/wp-json\/wp\/v2\/types\/product"}],"replies":[{"embeddable":true,"href":"https:\/\/pawz.rs\/en\/wp-json\/wp\/v2\/comments?post=27411"}],"wp:featuredmedia":[{"embeddable":true,"href":"https:\/\/pawz.rs\/en\/wp-json\/wp\/v2\/media\/27412"}],"wp:attachment":[{"href":"https:\/\/pawz.rs\/en\/wp-json\/wp\/v2\/media?parent=27411"}],"wp:term":[{"taxonomy":"pwb-brand","embeddable":true,"href":"https:\/\/pawz.rs\/en\/wp-json\/wp\/v2\/pwb-brand?post=27411"},{"taxonomy":"product_cat","embeddable":true,"href":"https:\/\/pawz.rs\/en\/wp-json\/wp\/v2\/product_cat?post=27411"},{"taxonomy":"product_tag","embeddable":true,"href":"https:\/\/pawz.rs\/en\/wp-json\/wp\/v2\/product_tag?post=27411"}],"curies":[{"name":"wp","href":"https:\/\/api.w.org\/{rel}","templated":true}]}}