{"id":2778,"date":"2023-02-08T17:56:16","date_gmt":"2023-02-08T16:56:16","guid":{"rendered":"https:\/\/pawz.rs\/?post_type=product&#038;p=2778"},"modified":"2026-04-14T21:57:43","modified_gmt":"2026-04-14T19:57:43","slug":"josera-josidog-active-18kg","status":"publish","type":"product","link":"https:\/\/pawz.rs\/en\/josera-josidog-active-18kg\/","title":{"rendered":"Josera Josidog Active 18 kg"},"content":{"rendered":"<p><strong>Josera Josidog Active 18 kg<\/strong><\/p>\n<p>Josera Active je hrana namenjena za odrasle pse sa povi\u0161enim energetskim potrebama, dok\u00a0Josera Family\u00a0pokriva i kuje koje doje. Ova\u00a0hrana za pse\u00a0je napravljena po recepturi koja sadr\u017ei sastojke bez glutena.<\/p>\n<ul>\n<li>Udeo proteina \u017eivotinjskog porekla je 80%.<\/li>\n<li>Bez dodataka proizvoda od soje, \u0161ec\u0301era ili mleka.<\/li>\n<li>Bez ve\u0161ta\u010dkih boja, aroma i konzervansa.<\/li>\n<\/ul>\n<p><strong>Sastav<\/strong>: Dehidrirani \u017eivinski protein, celo zrno kukuruza , pirina\u010d, \u017eivinska mast, repin rezanac, hidrolizovani \u017eivinski protein, minerali, hidrolizovani animalni protein, kvasac, mleveni koren cikorije (prirodni izvor inulina), dehidrirano meso novozelandske zelenousne \u0161koljke (Perna canaliculus).<\/p>\n<p>Serve food in dry form with available fresh water.<br \/>\nFor your pet&#039;s health, consult a veterinarian regularly.<\/p>\n<p>Store the product in a dry, dark and cool place.<\/p>\n<p>Proizvo\u0111a\u010d: Josera petfood GmbH<br \/>\nCountry of origin: Germany<\/p>\n\n    <div class=\"xs_social_share_widget xs_share_url after_content \t\tmain_content  wslu-style-1 wslu-share-box-shaped wslu-fill-colored wslu-none wslu-share-horizontal wslu-theme-font-no wslu-main_content\">\n\n\t\t\n        <ul>\n\t\t\t        <\/ul>\n    <\/div>","protected":false},"excerpt":{"rendered":"<p>Josera JosiDog Active je hrana namenjena za odrasle pse sa povi\u0161enim energetskim potrebama<\/p>","protected":false},"featured_media":2780,"comment_status":"open","ping_status":"closed","template":"","meta":{"_acf_changed":false},"pwb-brand":[298,300],"product_cat":[49,47,48],"product_tag":[209,1237],"class_list":{"0":"post-2778","1":"product","2":"type-product","3":"status-publish","4":"has-post-thumbnail","6":"pwb-brand-josera","7":"pwb-brand-josera-hrana-za-pse","8":"product_cat-granule-za-pse","9":"product_cat-psi","10":"product_cat-hrana-za-pse","11":"product_tag-bez-glutena","12":"product_tag-bump-psi","14":"first","15":"instock","16":"taxable","17":"shipping-taxable","18":"purchasable","19":"product-type-simple"},"acf":[],"brands":[{"id":298,"name":"Josera","slug":"josera"},{"id":300,"name":"josera Dog Food","slug":"josera-hrana-za-pse"}],"_links":{"self":[{"href":"https:\/\/pawz.rs\/en\/wp-json\/wp\/v2\/product\/2778","targetHints":{"allow":["GET"]}}],"collection":[{"href":"https:\/\/pawz.rs\/en\/wp-json\/wp\/v2\/product"}],"about":[{"href":"https:\/\/pawz.rs\/en\/wp-json\/wp\/v2\/types\/product"}],"replies":[{"embeddable":true,"href":"https:\/\/pawz.rs\/en\/wp-json\/wp\/v2\/comments?post=2778"}],"wp:featuredmedia":[{"embeddable":true,"href":"https:\/\/pawz.rs\/en\/wp-json\/wp\/v2\/media\/2780"}],"wp:attachment":[{"href":"https:\/\/pawz.rs\/en\/wp-json\/wp\/v2\/media?parent=2778"}],"wp:term":[{"taxonomy":"pwb-brand","embeddable":true,"href":"https:\/\/pawz.rs\/en\/wp-json\/wp\/v2\/pwb-brand?post=2778"},{"taxonomy":"product_cat","embeddable":true,"href":"https:\/\/pawz.rs\/en\/wp-json\/wp\/v2\/product_cat?post=2778"},{"taxonomy":"product_tag","embeddable":true,"href":"https:\/\/pawz.rs\/en\/wp-json\/wp\/v2\/product_tag?post=2778"}],"curies":[{"name":"wp","href":"https:\/\/api.w.org\/{rel}","templated":true}]}}