{"id":2781,"date":"2023-02-08T18:02:33","date_gmt":"2023-02-08T17:02:33","guid":{"rendered":"https:\/\/pawz.rs\/?post_type=product&#038;p=2781"},"modified":"2026-04-14T21:57:43","modified_gmt":"2026-04-14T19:57:43","slug":"josera-josidog-junior-18kg","status":"publish","type":"product","link":"https:\/\/pawz.rs\/en\/josera-josidog-junior-18kg\/","title":{"rendered":"Josera Josidog Junior 18 kg"},"content":{"rendered":"<p><strong>Josera Josidog Junior 18 kg<\/strong><\/p>\n<div>Kompletna hrana za pse koji rastu.<\/div>\n<div><\/div>\n<div>Karakteristike proizvoda:<\/div>\n<div>\n<ul>\n<li>Umeren sadr\u017eaj proteina sa izabranim hranljivim sastojcima za promociju zdravog rasta<\/li>\n<li>79% proteina \u010dine \u017eivotinjski proteini<\/li>\n<li>Recept bez glutena za optimalnu toleranciju<\/li>\n<li>Bez dodataka proizvoda od soje, \u0161ec\u0301era ili mleka<\/li>\n<li>Bez ve\u0161ta\u010dkih boja, aroma i konzervansa<\/li>\n<\/ul>\n<\/div>\n<div><strong>Sastav:<\/strong> Integralni kukuruz; su\u0161eni proteini \u017eivine; pirina\u010d; \u017eivinska mast; cveklena vlakna; hidrolizovani proteini \u017eivine; minerali; mleveni koren cikorije (prirodni izvor inulina); su\u0161eno meso novozelandske \u0161koljke zelenih usana (Perna canaliculus);<\/div>\n<div><\/div>\n<div>Analiti\u010dki sastav: proteini 25,0%, sadr\u017eaj masti 13,0%, sirova vlakna 2,3%, sirovi pepeo 6,2%, kalcijum 1,50%, fosfor 1%<\/div>\n<p>Serve food in dry form with available fresh water.<br \/>\nFor your pet&#039;s health, consult a veterinarian regularly.<\/p>\n<p>Store the product in a dry, dark and cool place.<\/p>\n<p>Proizvo\u0111a\u010d: Josera petfood GmbH<br \/>\nCountry of origin: Germany<\/p>\n<p>&nbsp;<\/p>\n\n    <div class=\"xs_social_share_widget xs_share_url after_content \t\tmain_content  wslu-style-1 wslu-share-box-shaped wslu-fill-colored wslu-none wslu-share-horizontal wslu-theme-font-no wslu-main_content\">\n\n\t\t\n        <ul>\n\t\t\t        <\/ul>\n    <\/div>","protected":false},"excerpt":{"rendered":"<p>Josera Josidog Junior &#8211; Kompletna hrana za pse koji rastu.<\/p>","protected":false},"featured_media":3461,"comment_status":"open","ping_status":"closed","template":"","meta":{"_acf_changed":false},"pwb-brand":[298,300],"product_cat":[49,47,48],"product_tag":[209,1237],"class_list":{"0":"post-2781","1":"product","2":"type-product","3":"status-publish","4":"has-post-thumbnail","6":"pwb-brand-josera","7":"pwb-brand-josera-hrana-za-pse","8":"product_cat-granule-za-pse","9":"product_cat-psi","10":"product_cat-hrana-za-pse","11":"product_tag-bez-glutena","12":"product_tag-bump-psi","14":"first","15":"instock","16":"taxable","17":"shipping-taxable","18":"purchasable","19":"product-type-simple"},"acf":[],"brands":[{"id":298,"name":"Josera","slug":"josera"},{"id":300,"name":"josera Dog Food","slug":"josera-hrana-za-pse"}],"_links":{"self":[{"href":"https:\/\/pawz.rs\/en\/wp-json\/wp\/v2\/product\/2781","targetHints":{"allow":["GET"]}}],"collection":[{"href":"https:\/\/pawz.rs\/en\/wp-json\/wp\/v2\/product"}],"about":[{"href":"https:\/\/pawz.rs\/en\/wp-json\/wp\/v2\/types\/product"}],"replies":[{"embeddable":true,"href":"https:\/\/pawz.rs\/en\/wp-json\/wp\/v2\/comments?post=2781"}],"wp:featuredmedia":[{"embeddable":true,"href":"https:\/\/pawz.rs\/en\/wp-json\/wp\/v2\/media\/3461"}],"wp:attachment":[{"href":"https:\/\/pawz.rs\/en\/wp-json\/wp\/v2\/media?parent=2781"}],"wp:term":[{"taxonomy":"pwb-brand","embeddable":true,"href":"https:\/\/pawz.rs\/en\/wp-json\/wp\/v2\/pwb-brand?post=2781"},{"taxonomy":"product_cat","embeddable":true,"href":"https:\/\/pawz.rs\/en\/wp-json\/wp\/v2\/product_cat?post=2781"},{"taxonomy":"product_tag","embeddable":true,"href":"https:\/\/pawz.rs\/en\/wp-json\/wp\/v2\/product_tag?post=2781"}],"curies":[{"name":"wp","href":"https:\/\/api.w.org\/{rel}","templated":true}]}}