{"id":2793,"date":"2023-02-08T19:32:11","date_gmt":"2023-02-08T18:32:11","guid":{"rendered":"https:\/\/pawz.rs\/?post_type=product&#038;p=2793"},"modified":"2026-04-14T21:57:43","modified_gmt":"2026-04-14T19:57:43","slug":"josera-josidog-family-15kg","status":"publish","type":"product","link":"https:\/\/pawz.rs\/en\/josera-josidog-family-15kg\/","title":{"rendered":"Josera Josidog Family 15 kg"},"content":{"rendered":"<p><strong>Josera Josidog Family 15 kg<\/strong><\/p>\n<p class=\"pdp-info__short-desc\">Za celo dru\u0161tvo! JosiDog Family je specijalna hrana za uzgoj za skotne kuje i njihove ku\u010di\u0107e. Mali zubi ku\u010di\u0107a mogu da iza\u0111u na kraj sa veoma malim komadima hrane, a specijalni bezglutenski recept sadr\u017ei najfinije prehrambene sastojke koji obezbe\u0111uju balansiranu ishranu i zdrav razvoj.<\/p>\n<ul class=\"pdp-info__bullets\">\n<li>Kompletna hrana za majke kuje i njihove ku\u010di\u0107e sa veoma malim komadima<\/li>\n<li>Recept bez glutena<\/li>\n<li>75% proteina su \u017eivotinjski proteini<\/li>\n<li>Dolazi sa pe\u010datom LIFE PROTECT*, jedinstven paket aktivnih sastojaka koji podr\u017eava formu i dobrobit.<\/li>\n<li>Visoki nivo vrednih antioksidansa poma\u017ee \u0107elijama u borbi protiv slobodnih radikala<\/li>\n<li>Va\u017eni prehrambeni sastojci doprinose zdravom razvoju<\/li>\n<li>Taurin podr\u017eava funkciju srca, vida i plodnosti<\/li>\n<li>Bez dodate soje, \u0161e\u0107era i mle\u010dnih proizvoda<\/li>\n<li>Bez ve\u0161ta\u010dkih boja, aroma i prezervativa<\/li>\n<\/ul>\n<p><strong>Sastav:<\/strong> Su\u0161eni protein piletine; integralni kukuruz; pirina\u010d; \u017eivinska mast; vlakna cvekle; kukuruzni gluten; hidrolizovani \u017eivinski protein; minerali; cikorija u prahu; su\u0161eno meso novozelandske zelenousne dagnje (Perna canaliculus);<\/p>\n<p>Serve food in dry form with available fresh water.<br \/>\nFor your pet&#039;s health, consult a veterinarian regularly.<\/p>\n<p>Store the product in a dry, dark and cool place.<\/p>\n<p>Proizvo\u0111a\u010d: Josera petfood GmbH<br \/>\nCountry of origin: Germany<\/p>\n\n    <div class=\"xs_social_share_widget xs_share_url after_content \t\tmain_content  wslu-style-1 wslu-share-box-shaped wslu-fill-colored wslu-none wslu-share-horizontal wslu-theme-font-no wslu-main_content\">\n\n\t\t\n        <ul>\n\t\t\t        <\/ul>\n    <\/div>","protected":false},"excerpt":{"rendered":"<p>Za celo dru\u0161tvo! Josera JosiDog Family je specijalna hrana za uzgoj za skotne kuje i njihove ku\u010di\u0107e.<\/p>","protected":false},"featured_media":14445,"comment_status":"open","ping_status":"closed","template":"","meta":{"_acf_changed":false},"pwb-brand":[298,300],"product_cat":[49,48,47],"product_tag":[209,1237],"class_list":{"0":"post-2793","1":"product","2":"type-product","3":"status-publish","4":"has-post-thumbnail","6":"pwb-brand-josera","7":"pwb-brand-josera-hrana-za-pse","8":"product_cat-granule-za-pse","9":"product_cat-hrana-za-pse","10":"product_cat-psi","11":"product_tag-bez-glutena","12":"product_tag-bump-psi","14":"first","15":"instock","16":"taxable","17":"shipping-taxable","18":"purchasable","19":"product-type-simple"},"acf":[],"brands":[{"id":298,"name":"Josera","slug":"josera"},{"id":300,"name":"josera Dog Food","slug":"josera-hrana-za-pse"}],"_links":{"self":[{"href":"https:\/\/pawz.rs\/en\/wp-json\/wp\/v2\/product\/2793","targetHints":{"allow":["GET"]}}],"collection":[{"href":"https:\/\/pawz.rs\/en\/wp-json\/wp\/v2\/product"}],"about":[{"href":"https:\/\/pawz.rs\/en\/wp-json\/wp\/v2\/types\/product"}],"replies":[{"embeddable":true,"href":"https:\/\/pawz.rs\/en\/wp-json\/wp\/v2\/comments?post=2793"}],"wp:featuredmedia":[{"embeddable":true,"href":"https:\/\/pawz.rs\/en\/wp-json\/wp\/v2\/media\/14445"}],"wp:attachment":[{"href":"https:\/\/pawz.rs\/en\/wp-json\/wp\/v2\/media?parent=2793"}],"wp:term":[{"taxonomy":"pwb-brand","embeddable":true,"href":"https:\/\/pawz.rs\/en\/wp-json\/wp\/v2\/pwb-brand?post=2793"},{"taxonomy":"product_cat","embeddable":true,"href":"https:\/\/pawz.rs\/en\/wp-json\/wp\/v2\/product_cat?post=2793"},{"taxonomy":"product_tag","embeddable":true,"href":"https:\/\/pawz.rs\/en\/wp-json\/wp\/v2\/product_tag?post=2793"}],"curies":[{"name":"wp","href":"https:\/\/api.w.org\/{rel}","templated":true}]}}