{"id":2795,"date":"2023-02-08T19:41:30","date_gmt":"2023-02-08T18:41:30","guid":{"rendered":"https:\/\/pawz.rs\/?post_type=product&#038;p=2795"},"modified":"2026-04-14T21:57:43","modified_gmt":"2026-04-14T19:57:43","slug":"josera-josidog-festival-12-5kg","status":"publish","type":"product","link":"https:\/\/pawz.rs\/en\/josera-josidog-festival-12-5kg\/","title":{"rendered":"Josera Festival 12.5 kg"},"content":{"rendered":"<p><strong>Josera Festival 12.5 kg<\/strong><\/p>\n<p class=\"pdp-info__short-desc\">Jedinstveni meni za na\u0161e male izbirljivce: Ova hrana mo\u017ee da se daje kao suva ili vla\u017ena. Integrisani prah za preliv uz dodatak vode pretvara hrskave krokete u veoma poseban do\u017eivljaj ukusa! Ovo \u0107e ubediti i na\u0161e najizbirljivije ljubimce. Uravnote\u017eena receptura je zaokru\u017eena lososom.<\/p>\n<ul class=\"pdp-info__bullets\">\n<li>Sa ukusnim prelivom u prahu za dodatni ukus<\/li>\n<li>Va\u017ene masne kiseline poma\u017eu odr\u017eavanju zdravog izgleda i sjajne dlake<\/li>\n<li>Tako\u0111e pru\u017ea aktivnim i sportskim psima dosta energije<\/li>\n<li>Podr\u017eava razvoj kostiju i zglobova<\/li>\n<\/ul>\n<p><strong>Sastav:<\/strong> Su\u0161eni protein piletine; integralni kukuruz; pirina\u010d; \u017eivinska mast; vlakna cvekle; su\u0161eni protein lososa; krompirov skrob; hidrolizovani \u017eivinski protein; hidrolizovane biljne belan\u010devine; minerali; su\u0161ena \u017eivinska jetra; kvasac; hemoglobin u prahu; cikorija u prahu; su\u0161eno meso novozelandske zelenousne dagnje (Perna canaliculus);<\/p>\n<p>Serve food in dry form with available fresh water.<br \/>\nFor your pet&#039;s health, consult a veterinarian regularly.<\/p>\n<p>Store the product in a dry, dark and cool place.<\/p>\n<p>Proizvo\u0111a\u010d: Josera petfood GmbH<br \/>\nCountry of origin: Germany<\/p>\n\n    <div class=\"xs_social_share_widget xs_share_url after_content \t\tmain_content  wslu-style-1 wslu-share-box-shaped wslu-fill-colored wslu-none wslu-share-horizontal wslu-theme-font-no wslu-main_content\">\n\n\t\t\n        <ul>\n\t\t\t        <\/ul>\n    <\/div>","protected":false},"excerpt":{"rendered":"<p>Josera Festival &#8211; Jedinstveni meni za na\u0161e male izbirljivce, sa proteinima piletine i lososa<\/p>","protected":false},"featured_media":20103,"comment_status":"open","ping_status":"closed","template":"","meta":{"_acf_changed":false},"pwb-brand":[298,300],"product_cat":[49,47,48],"product_tag":[209,1237],"class_list":{"0":"post-2795","1":"product","2":"type-product","3":"status-publish","4":"has-post-thumbnail","6":"pwb-brand-josera","7":"pwb-brand-josera-hrana-za-pse","8":"product_cat-granule-za-pse","9":"product_cat-psi","10":"product_cat-hrana-za-pse","11":"product_tag-bez-glutena","12":"product_tag-bump-psi","14":"first","15":"instock","16":"taxable","17":"shipping-taxable","18":"purchasable","19":"product-type-simple"},"acf":[],"brands":[{"id":298,"name":"Josera","slug":"josera"},{"id":300,"name":"josera Dog Food","slug":"josera-hrana-za-pse"}],"_links":{"self":[{"href":"https:\/\/pawz.rs\/en\/wp-json\/wp\/v2\/product\/2795","targetHints":{"allow":["GET"]}}],"collection":[{"href":"https:\/\/pawz.rs\/en\/wp-json\/wp\/v2\/product"}],"about":[{"href":"https:\/\/pawz.rs\/en\/wp-json\/wp\/v2\/types\/product"}],"replies":[{"embeddable":true,"href":"https:\/\/pawz.rs\/en\/wp-json\/wp\/v2\/comments?post=2795"}],"wp:featuredmedia":[{"embeddable":true,"href":"https:\/\/pawz.rs\/en\/wp-json\/wp\/v2\/media\/20103"}],"wp:attachment":[{"href":"https:\/\/pawz.rs\/en\/wp-json\/wp\/v2\/media?parent=2795"}],"wp:term":[{"taxonomy":"pwb-brand","embeddable":true,"href":"https:\/\/pawz.rs\/en\/wp-json\/wp\/v2\/pwb-brand?post=2795"},{"taxonomy":"product_cat","embeddable":true,"href":"https:\/\/pawz.rs\/en\/wp-json\/wp\/v2\/product_cat?post=2795"},{"taxonomy":"product_tag","embeddable":true,"href":"https:\/\/pawz.rs\/en\/wp-json\/wp\/v2\/product_tag?post=2795"}],"curies":[{"name":"wp","href":"https:\/\/api.w.org\/{rel}","templated":true}]}}