{"id":28007,"date":"2024-08-12T18:40:54","date_gmt":"2024-08-12T16:40:54","guid":{"rendered":"https:\/\/pawz.rs\/?post_type=product&#038;p=28007"},"modified":"2025-06-29T19:58:39","modified_gmt":"2025-06-29T17:58:39","slug":"versele-laga-silica-gel-5l","status":"publish","type":"product","link":"https:\/\/pawz.rs\/en\/versele-laga-silica-gel-5l\/","title":{"rendered":"Versele Laga Silica Gel 5l"},"content":{"rendered":"<p><strong>Versele Laga Silica Gel 5l<\/strong><\/p>\n<div class=\"container\">\n<div class=\"row\">\n<div class=\"col-sm-5\">\n<div id=\"opis\" class=\"collapse show\">\n<div class=\"row\">\n<div class=\"col-sm-12\">\n<p>&#8211; Ultra upijaju\u0107i posip sa belim i plavim zrnima silikona koja spre\u010davaju razvoj bakterija<\/p>\n<p>&#8211; Potpuna neutralizacija neprijatnih mirisa<\/p>\n<p>&#8211; Lagan i 100% ne\u0161kodljiv po prirodu<\/p>\n<p><strong>Uputstvo za upotrebu:<br \/>\n<\/strong>Sipajte 3cm posipa u posudu. Svakodnevno uklanjajte zaprljane delove posipa i redovno protresajte posudu za posip.<\/p>\n<p><strong>Savet:<br \/>\n<\/strong>Stavite posudu za posip na suvo mesto. Na taj na\u010din \u0107ete produ\u017eiti vreme njegovog kori\u0161\u0107enja.<\/p>\n<\/div>\n<\/div>\n<\/div>\n<\/div>\n<\/div>\n<\/div>\n<footer class=\"page-footer font-small pt-4\">\n<div class=\"footer-copyright text-center py-3\">Proizvo\u0111a\u010d: Versle-Laga, Kapellestraat 70, Deinze, Belgium<br \/>\nZemlja porekla: Belgija (EU)<\/div>\n<\/footer>\n\n    <div class=\"xs_social_share_widget xs_share_url after_content \t\tmain_content  wslu-style-1 wslu-share-box-shaped wslu-fill-colored wslu-none wslu-share-horizontal wslu-theme-font-no wslu-main_content\">\n\n\t\t\n        <ul>\n\t\t\t        <\/ul>\n    <\/div>","protected":false},"excerpt":{"rendered":"<p>Versele Laga Silica Gel je ultra upijaju\u0107i silikonski posip<\/p>","protected":false},"featured_media":28008,"comment_status":"open","ping_status":"closed","template":"","meta":{"_acf_changed":false},"pwb-brand":[318],"product_cat":[80,388,23],"product_tag":[],"class_list":{"0":"post-28007","1":"product","2":"type-product","3":"status-publish","4":"has-post-thumbnail","6":"pwb-brand-versele-laga","7":"product_cat-higijena-nega-macaka","8":"product_cat-higijenski-proizvodi","9":"product_cat-macke","11":"first","12":"instock","13":"taxable","14":"shipping-taxable","15":"purchasable","16":"product-type-simple"},"acf":[],"brands":[{"id":318,"name":"Versele-Laga","slug":"versele-laga"}],"_links":{"self":[{"href":"https:\/\/pawz.rs\/en\/wp-json\/wp\/v2\/product\/28007","targetHints":{"allow":["GET"]}}],"collection":[{"href":"https:\/\/pawz.rs\/en\/wp-json\/wp\/v2\/product"}],"about":[{"href":"https:\/\/pawz.rs\/en\/wp-json\/wp\/v2\/types\/product"}],"replies":[{"embeddable":true,"href":"https:\/\/pawz.rs\/en\/wp-json\/wp\/v2\/comments?post=28007"}],"wp:featuredmedia":[{"embeddable":true,"href":"https:\/\/pawz.rs\/en\/wp-json\/wp\/v2\/media\/28008"}],"wp:attachment":[{"href":"https:\/\/pawz.rs\/en\/wp-json\/wp\/v2\/media?parent=28007"}],"wp:term":[{"taxonomy":"pwb-brand","embeddable":true,"href":"https:\/\/pawz.rs\/en\/wp-json\/wp\/v2\/pwb-brand?post=28007"},{"taxonomy":"product_cat","embeddable":true,"href":"https:\/\/pawz.rs\/en\/wp-json\/wp\/v2\/product_cat?post=28007"},{"taxonomy":"product_tag","embeddable":true,"href":"https:\/\/pawz.rs\/en\/wp-json\/wp\/v2\/product_tag?post=28007"}],"curies":[{"name":"wp","href":"https:\/\/api.w.org\/{rel}","templated":true}]}}