{"id":28009,"date":"2024-08-12T18:40:53","date_gmt":"2024-08-12T16:40:53","guid":{"rendered":"https:\/\/pawz.rs\/?post_type=product&#038;p=28009"},"modified":"2026-04-06T09:18:59","modified_gmt":"2026-04-06T07:18:59","slug":"oropharma-deodo-strawberry-750g","status":"publish","type":"product","link":"https:\/\/pawz.rs\/en\/oropharma-deodo-strawberry-750g\/","title":{"rendered":"OROPHARMA Deodo Strawberry &#8211; 750g"},"content":{"rendered":"<p><strong>OROPHARMA Deodo Strawberry &#8211; 750g<\/strong><\/p>\n<div class=\"container\">\n<div class=\"row\">\n<div class=\"col-sm-5\">\n<div id=\"opis\" class=\"collapse show\">\n<div class=\"row\">\n<div class=\"col-sm-12\">\n<p>Osve\u017eiva\u010d posipa sa mirisom jagode<\/p>\n<p>Osve\u017eiva\u010d posipa koji neutrali\u0161e neprijatne mirise i produ\u017eava trajanje higijenskih posipa<\/p>\n<ul>\n<li>Neutali\u0161e, apsorbuje, daje prijatan miris<\/li>\n<li>Prakti\u010dno pakovanje<\/li>\n<li>Dovoljno za 20kg higijenskog posipa<\/li>\n<\/ul>\n<p><strong>Sastav:<\/strong><br \/>\nParfemi i apsorbenti neprijatnih mirisa<\/p>\n<p><strong>Uputstvo za upotrebu:<br \/>\n<\/strong>Posuti ravnomerno po dnu posude za posip pre sipanja samog posipa<\/p>\n<p>Proizvo\u0111a\u010d: Versle-Laga, Belgium<br \/>\nCountry of origin: EU<\/p>\n<\/div>\n<\/div>\n<\/div>\n<h4><\/h4>\n<\/div>\n<\/div>\n<\/div>\n\n    <div class=\"xs_social_share_widget xs_share_url after_content \t\tmain_content  wslu-style-1 wslu-share-box-shaped wslu-fill-colored wslu-none wslu-share-horizontal wslu-theme-font-no wslu-main_content\">\n\n\t\t\n        <ul>\n\t\t\t        <\/ul>\n    <\/div>","protected":false},"excerpt":{"rendered":"<p>OROPHARMA Deodo Jagoda -Osve\u017eiva\u010d posipa sa mirisom jagode<\/p>","protected":false},"featured_media":28010,"comment_status":"open","ping_status":"closed","template":"","meta":{"_acf_changed":false},"pwb-brand":[318],"product_cat":[23,80,388],"product_tag":[],"class_list":{"0":"post-28009","1":"product","2":"type-product","3":"status-publish","4":"has-post-thumbnail","6":"pwb-brand-versele-laga","7":"product_cat-macke","8":"product_cat-higijena-nega-macaka","9":"product_cat-higijenski-proizvodi","11":"first","12":"instock","13":"taxable","14":"shipping-taxable","15":"purchasable","16":"product-type-simple"},"acf":[],"brands":[{"id":318,"name":"Versele-Laga","slug":"versele-laga"}],"_links":{"self":[{"href":"https:\/\/pawz.rs\/en\/wp-json\/wp\/v2\/product\/28009","targetHints":{"allow":["GET"]}}],"collection":[{"href":"https:\/\/pawz.rs\/en\/wp-json\/wp\/v2\/product"}],"about":[{"href":"https:\/\/pawz.rs\/en\/wp-json\/wp\/v2\/types\/product"}],"replies":[{"embeddable":true,"href":"https:\/\/pawz.rs\/en\/wp-json\/wp\/v2\/comments?post=28009"}],"wp:featuredmedia":[{"embeddable":true,"href":"https:\/\/pawz.rs\/en\/wp-json\/wp\/v2\/media\/28010"}],"wp:attachment":[{"href":"https:\/\/pawz.rs\/en\/wp-json\/wp\/v2\/media?parent=28009"}],"wp:term":[{"taxonomy":"pwb-brand","embeddable":true,"href":"https:\/\/pawz.rs\/en\/wp-json\/wp\/v2\/pwb-brand?post=28009"},{"taxonomy":"product_cat","embeddable":true,"href":"https:\/\/pawz.rs\/en\/wp-json\/wp\/v2\/product_cat?post=28009"},{"taxonomy":"product_tag","embeddable":true,"href":"https:\/\/pawz.rs\/en\/wp-json\/wp\/v2\/product_tag?post=28009"}],"curies":[{"name":"wp","href":"https:\/\/api.w.org\/{rel}","templated":true}]}}