{"id":2810,"date":"2023-02-10T18:21:21","date_gmt":"2023-02-10T17:21:21","guid":{"rendered":"https:\/\/pawz.rs\/?post_type=product&#038;p=2810"},"modified":"2026-04-14T21:56:15","modified_gmt":"2026-04-14T19:56:15","slug":"josera-sensiplus-12-5-kg","status":"publish","type":"product","link":"https:\/\/pawz.rs\/en\/josera-sensiplus-12-5-kg\/","title":{"rendered":"Josera SensiPlus 12.5 kg"},"content":{"rendered":"<p><strong>Josera SensiPlus 12.5 kg<\/strong><\/p>\n<p class=\"pdp-info__short-desc\">Za na\u0161e verne pratioce koji imaju specijalne zahteve: Izuzetno tolerantna ishrana sa izabranim sastojcima. Sastojci koji se lako vare, a tako\u0111e poma\u017eu sistemu za varenje i obezbe\u0111uju im laku tolerantnu ishranu. Kompletna poslastica sa ukusnim pa\u010dijim mesom i pirin\u010dem.<\/p>\n<ul class=\"pdp-info__bullets\">\n<li>Pogodno za osetljive pse<\/li>\n<li>Lako svarljiva i lagana obra\u0111ena<\/li>\n<li>Uz puno biotina za zdravu ko\u017eu i sjajnu dlaku<\/li>\n<li>Veoma visok niivo prihvatanja, pa je prigodna i za izbirljive pse<\/li>\n<\/ul>\n<p><strong>Sastav:<\/strong> Su\u0161eni protein piletine (\u017eivinsko 16,5 %, Pa\u010detina 12,0 %); integralni kukuruz; pirina\u010d; vlakna cvekle; \u017eivinska mast; hidrolizovani \u017eivinski protein; minerali; cikorija u prahu<\/p>\n<p>Serve food in dry form with available fresh water.<br \/>\nFor your pet&#039;s health, consult a veterinarian regularly.<\/p>\n<p>Store the product in a dry, dark and cool place.<\/p>\n<p>Proizvo\u0111a\u010d: Josera petfood GmbH<br \/>\nCountry of origin: Germany<\/p>\n\n    <div class=\"xs_social_share_widget xs_share_url after_content \t\tmain_content  wslu-style-1 wslu-share-box-shaped wslu-fill-colored wslu-none wslu-share-horizontal wslu-theme-font-no wslu-main_content\">\n\n\t\t\n        <ul>\n\t\t\t        <\/ul>\n    <\/div>","protected":false},"excerpt":{"rendered":"<p>Josera SensiPlus predstavlja kompletnu hranu za odrasle pse svih rasa, sa pa\u010detinom<\/p>","protected":false},"featured_media":20101,"comment_status":"open","ping_status":"closed","template":"","meta":{"_acf_changed":false},"pwb-brand":[298,300],"product_cat":[49,48,47],"product_tag":[209,1237],"class_list":{"0":"post-2810","1":"product","2":"type-product","3":"status-publish","4":"has-post-thumbnail","6":"pwb-brand-josera","7":"pwb-brand-josera-hrana-za-pse","8":"product_cat-granule-za-pse","9":"product_cat-hrana-za-pse","10":"product_cat-psi","11":"product_tag-bez-glutena","12":"product_tag-bump-psi","14":"first","15":"instock","16":"taxable","17":"shipping-taxable","18":"purchasable","19":"product-type-simple"},"acf":[],"brands":[{"id":298,"name":"Josera","slug":"josera"},{"id":300,"name":"josera Dog Food","slug":"josera-hrana-za-pse"}],"_links":{"self":[{"href":"https:\/\/pawz.rs\/en\/wp-json\/wp\/v2\/product\/2810","targetHints":{"allow":["GET"]}}],"collection":[{"href":"https:\/\/pawz.rs\/en\/wp-json\/wp\/v2\/product"}],"about":[{"href":"https:\/\/pawz.rs\/en\/wp-json\/wp\/v2\/types\/product"}],"replies":[{"embeddable":true,"href":"https:\/\/pawz.rs\/en\/wp-json\/wp\/v2\/comments?post=2810"}],"wp:featuredmedia":[{"embeddable":true,"href":"https:\/\/pawz.rs\/en\/wp-json\/wp\/v2\/media\/20101"}],"wp:attachment":[{"href":"https:\/\/pawz.rs\/en\/wp-json\/wp\/v2\/media?parent=2810"}],"wp:term":[{"taxonomy":"pwb-brand","embeddable":true,"href":"https:\/\/pawz.rs\/en\/wp-json\/wp\/v2\/pwb-brand?post=2810"},{"taxonomy":"product_cat","embeddable":true,"href":"https:\/\/pawz.rs\/en\/wp-json\/wp\/v2\/product_cat?post=2810"},{"taxonomy":"product_tag","embeddable":true,"href":"https:\/\/pawz.rs\/en\/wp-json\/wp\/v2\/product_tag?post=2810"}],"curies":[{"name":"wp","href":"https:\/\/api.w.org\/{rel}","templated":true}]}}