{"id":28157,"date":"2024-09-01T09:30:12","date_gmt":"2024-09-01T07:30:12","guid":{"rendered":"https:\/\/pawz.rs\/?post_type=product&#038;p=28157"},"modified":"2026-05-04T19:44:30","modified_gmt":"2026-05-04T17:44:30","slug":"hills-science-plan-adult-small-mini-hypoallergenic-losos","status":"publish","type":"product","link":"https:\/\/pawz.rs\/en\/hills-science-plan-adult-small-mini-hypoallergenic-losos\/","title":{"rendered":"Hill&#8217;s Science Plan Adult Small &#038; Mini Hypoallergenic Losos"},"content":{"rendered":"<div><\/div>\n<div><strong>Hill&#8217;s Science Plan Hypoallergenic Losos<\/strong><\/div>\n<div><\/div>\n<div>Hill&#8217;s Science Plan Hipoalergena hrana za male i mini odrasle pse sa lososom je kompletna hrana za kuc\u0301ne ljubimce za male pse od 1 do 6 godina.<br \/>\nFormulisan sa ograni\u010denim visokokvalitetnim novim izvorima proteina i bez \u017eitarica.<\/div>\n<div><\/div>\n<div>Klju\u010dne prednosti<\/div>\n<div>Hill&#8217;s Science Plan Hipoalergena mala i mini hrana za odrasle pse sa lososom, to je ne\u017eni recept formulisan sa ograni\u010denim visokokvalitetnim izvorima novih proteina i bez \u017eitarica prilago\u0111enih potrebama pasa sa osetljivo\u0161c\u0301u.<\/div>\n<div><\/div>\n<div><strong>Preporu\u010duje se za:<\/strong><\/div>\n<div>Odrasli psi uzrasta 1-6 godina te\u017eine do 10 kg kada su potpuno odrasli.<\/div>\n<div><\/div>\n<div><strong>Ne preporu\u010duje se za:<\/strong><\/div>\n<div>\u0160tenci ili zreli odrasli psi (&gt; 6 godina starosti). Trudne ili dojec\u0301e pse. Tokom trudnoc\u0301e ili dojenja, pse treba prebaciti na Hill&#8217;s Science Plan Small &amp; Mini Puppy hranu.<\/div>\n<div><\/div>\n<div>Prirodni sastojci za dug, srec\u0301an \u017eivot<\/div>\n<div>Hill&#8217;s predvodi put u kombinovanju prirodnih sastojaka sa najsavremenijom naukom kako bi pomogao va\u0161em psu da vodi dug i zdrav \u017eivot.<\/div>\n<div><\/div>\n<div><strong>SASTAV:<\/strong><br \/>\nSu\u0161eni krompir (19%), su\u0161eni gra\u0161ak, krompirov skrob, bra\u0161no od lososa (12%), \u017eivotinjska mast, bra\u0161no od tunjevine (6%), digest, biljno ulje, suvi \u017euti gra\u0161ak, su\u0161ena pulpa cvekle, laneno seme, minerali, su\u0161eno \u0161argarepa, komina su\u0161enog paradajza, su\u0161ena pulpa citrusa, prah spanac\u0301a.<\/div>\n<div><\/div>\n<div><strong>ANALITI\u010cKI SASTAV: <\/strong><br \/>\nProteini 19,9%, Sadr\u017eaj masti 14,9%, Sirova vlakna 2,5%, Sirovi pepeo 5,2%, Omega-3 masne kiseline 0,8%, Omega-6 masne kiseline 3,2%, Kalcijum 0,84%, Fosfor 0,71%, Natrijum 0,71%. Kalijum 0,83%, magnezijum 0,09%; po kg: Vitamin A 8,415IU, Vitamin D3 721IU, Vitamin E 982mg, Vitamin C 116mg, Beta-karoten 2,2mg.<\/div>\n<div><\/div>\n<div><strong>DODATCI PO KG: <\/strong><br \/>\nNutritivni dodaci: 3b103 (gvo\u017e\u0111e) 38,8mg, 3b202 (jod) 1,7mg, 3b405 (bakar) 4,6mg, 3b502 (mangan) 4,0mg, 3b603 (prirodni antioksidans).<\/div>\n<div>\n<p>Za\u0161tititi od vlage. \u010cuvati na hladnom i suvom mestu.<\/p>\n<p>Proizvedeno u EU.<\/p>\n<\/div>\n<div><\/div>\n\n    <div class=\"xs_social_share_widget xs_share_url after_content \t\tmain_content  wslu-style-1 wslu-share-box-shaped wslu-fill-colored wslu-none wslu-share-horizontal wslu-theme-font-no wslu-main_content\">\n\n\t\t\n        <ul>\n\t\t\t        <\/ul>\n    <\/div>","protected":false},"excerpt":{"rendered":"<p>Hill&#8217;s Science Plan Hypoallergenic Losos je kompletna hrana bez \u017eitarica, za odrasle pse mini rase, sa lososom<\/p>","protected":false},"featured_media":29377,"comment_status":"closed","ping_status":"closed","template":"","meta":{"_acf_changed":false},"pwb-brand":[916],"product_cat":[47,48,49],"product_tag":[],"class_list":{"0":"post-28157","1":"product","2":"type-product","3":"status-publish","4":"has-post-thumbnail","6":"pwb-brand-hills","7":"product_cat-psi","8":"product_cat-hrana-za-pse","9":"product_cat-granule-za-pse","11":"first","12":"outofstock","13":"taxable","14":"shipping-taxable","15":"purchasable","16":"product-type-variable","17":"has-default-attributes"},"acf":[],"brands":[{"id":916,"name":"Hills","slug":"hills"}],"_links":{"self":[{"href":"https:\/\/pawz.rs\/en\/wp-json\/wp\/v2\/product\/28157","targetHints":{"allow":["GET"]}}],"collection":[{"href":"https:\/\/pawz.rs\/en\/wp-json\/wp\/v2\/product"}],"about":[{"href":"https:\/\/pawz.rs\/en\/wp-json\/wp\/v2\/types\/product"}],"replies":[{"embeddable":true,"href":"https:\/\/pawz.rs\/en\/wp-json\/wp\/v2\/comments?post=28157"}],"wp:featuredmedia":[{"embeddable":true,"href":"https:\/\/pawz.rs\/en\/wp-json\/wp\/v2\/media\/29377"}],"wp:attachment":[{"href":"https:\/\/pawz.rs\/en\/wp-json\/wp\/v2\/media?parent=28157"}],"wp:term":[{"taxonomy":"pwb-brand","embeddable":true,"href":"https:\/\/pawz.rs\/en\/wp-json\/wp\/v2\/pwb-brand?post=28157"},{"taxonomy":"product_cat","embeddable":true,"href":"https:\/\/pawz.rs\/en\/wp-json\/wp\/v2\/product_cat?post=28157"},{"taxonomy":"product_tag","embeddable":true,"href":"https:\/\/pawz.rs\/en\/wp-json\/wp\/v2\/product_tag?post=28157"}],"curies":[{"name":"wp","href":"https:\/\/api.w.org\/{rel}","templated":true}]}}