{"id":2820,"date":"2023-02-11T18:24:49","date_gmt":"2023-02-11T17:24:49","guid":{"rendered":"https:\/\/pawz.rs\/?post_type=product&#038;p=2820"},"modified":"2026-04-20T08:11:30","modified_gmt":"2026-04-20T06:11:30","slug":"josera-lam-brice-lamm-reis-12-5kg","status":"publish","type":"product","link":"https:\/\/pawz.rs\/en\/josera-lam-brice-lamm-reis-12-5kg\/","title":{"rendered":"Josera Lamb&amp;Rice (Lamm&amp;Reis) 12.5 kg"},"content":{"rendered":"<p><strong>Josera Lamb&amp;Rice (Lamm&amp;Reis) 12.5 kg<\/strong><\/p>\n<p class=\"pdp-info__short-desc\">Za na\u0161e ljubimce koji vole i malo sporije da u\u017eivaju u \u017eivotu. Ukusna jagnjetina kao zamena za meso \u017eivine. Lagana hrana za pse sa normalnim i ni\u017eim energetskim potrebama.<\/p>\n<ul class=\"pdp-info__bullets\">\n<li>Uz 25% suve jagnjetine kao jedini izvor \u017eivotinjskog proteina (otprilike 85g sve\u017eeg mesa na 100g suve hrane)<\/li>\n<li>Bez kukuruza, samo pirina\u010d kao jedini izvor ugljenih hidrata<\/li>\n<li>Veoma ukusna i posebno dobro svarljiva<\/li>\n<li>Va\u017eni sastojci kao podr\u0161ka za zdravu i sjajnu dlaku<\/li>\n<\/ul>\n<p><strong>Sastav<\/strong>: Pirina\u010d; su\u0161eni protein jagnjetine; vlakna cvekle; \u017eivinska mast; delimi\u010dno hidrolizovani kvasac; roga\u010d bra\u0161na; minerali;<\/p>\n<p>Serve food in dry form with available fresh water.<br \/>\nFor your pet&#039;s health, consult a veterinarian regularly.<\/p>\n<p>Store the product in a dry, dark and cool place.<\/p>\n<p>Proizvo\u0111a\u010d: Josera petfood GmbH<br \/>\nCountry of origin: Germany<\/p>\n\n    <div class=\"xs_social_share_widget xs_share_url after_content \t\tmain_content  wslu-style-1 wslu-share-box-shaped wslu-fill-colored wslu-none wslu-share-horizontal wslu-theme-font-no wslu-main_content\">\n\n\t\t\n        <ul>\n\t\t\t        <\/ul>\n    <\/div>","protected":false},"excerpt":{"rendered":"<p>Josera Lamb&amp;Rice &#8211; Za na\u0161e ljubimce koji vole i malo sporije da u\u017eivaju u \u017eivotu, bez \u017eitarica, sa ukusom jagnjetine i pirin\u010da kao jedinim izvorom ugljenih hidrata<\/p>","protected":false},"featured_media":20100,"comment_status":"open","ping_status":"closed","template":"","meta":{"_acf_changed":false},"pwb-brand":[298,300],"product_cat":[49,47,48],"product_tag":[208,1237],"class_list":{"0":"post-2820","1":"product","2":"type-product","3":"status-publish","4":"has-post-thumbnail","6":"pwb-brand-josera","7":"pwb-brand-josera-hrana-za-pse","8":"product_cat-granule-za-pse","9":"product_cat-psi","10":"product_cat-hrana-za-pse","11":"product_tag-bez-zitarica","12":"product_tag-bump-psi","14":"first","15":"outofstock","16":"taxable","17":"shipping-taxable","18":"purchasable","19":"product-type-simple"},"acf":[],"brands":[{"id":298,"name":"Josera","slug":"josera"},{"id":300,"name":"josera Dog Food","slug":"josera-hrana-za-pse"}],"_links":{"self":[{"href":"https:\/\/pawz.rs\/en\/wp-json\/wp\/v2\/product\/2820","targetHints":{"allow":["GET"]}}],"collection":[{"href":"https:\/\/pawz.rs\/en\/wp-json\/wp\/v2\/product"}],"about":[{"href":"https:\/\/pawz.rs\/en\/wp-json\/wp\/v2\/types\/product"}],"replies":[{"embeddable":true,"href":"https:\/\/pawz.rs\/en\/wp-json\/wp\/v2\/comments?post=2820"}],"wp:featuredmedia":[{"embeddable":true,"href":"https:\/\/pawz.rs\/en\/wp-json\/wp\/v2\/media\/20100"}],"wp:attachment":[{"href":"https:\/\/pawz.rs\/en\/wp-json\/wp\/v2\/media?parent=2820"}],"wp:term":[{"taxonomy":"pwb-brand","embeddable":true,"href":"https:\/\/pawz.rs\/en\/wp-json\/wp\/v2\/pwb-brand?post=2820"},{"taxonomy":"product_cat","embeddable":true,"href":"https:\/\/pawz.rs\/en\/wp-json\/wp\/v2\/product_cat?post=2820"},{"taxonomy":"product_tag","embeddable":true,"href":"https:\/\/pawz.rs\/en\/wp-json\/wp\/v2\/product_tag?post=2820"}],"curies":[{"name":"wp","href":"https:\/\/api.w.org\/{rel}","templated":true}]}}