{"id":28211,"date":"2024-08-30T18:05:43","date_gmt":"2024-08-30T16:05:43","guid":{"rendered":"https:\/\/pawz.rs\/?post_type=product&#038;p=28211"},"modified":"2025-06-29T19:57:47","modified_gmt":"2025-06-29T17:57:47","slug":"versele-laga-cuni-nature-original","status":"publish","type":"product","link":"https:\/\/pawz.rs\/en\/versele-laga-cuni-nature-original\/","title":{"rendered":"Versele Laga Cuni Nature Original"},"content":{"rendered":"<p><strong>Versele Laga Cuni Nature Original<\/strong><\/p>\n<p>Kompletna hrana bogata vlaknima namenjena ishrani patuljastih kuni\u0107a<\/p>\n<p>Cuni Nature Original je hrana posebno prilago\u0111ena kako bi ispunila sve nutritivne potrebe patuljastih kuni\u0107a.<br \/>\nOvaj ukusni miks premium kvaliteta sadr\u017ei sve neophodne nutriente, vitamine i minerale koji su Va\u0161em ljubimcu neophodni kako bi \u017eiveo zdrav i bezbri\u017ean \u017eivot.<\/p>\n<p>Vlakna, bilje, povr\u0107e i vo\u0107e u ovom miksu doprinose dobroj probavi, odli\u010dnoj nezi zuba i desni, sjajnoj dlaci i savr\u0161enom zdravlju Va\u0161eg ljubimca.<\/p>\n<p>Raznolikost sastojaka garantuje da \u0107e Va\u0161 ljubimac jako rado jesti ovu hranu. Sve ovo \u010dini Cuni Nature Original idealnim svakodnevnim u\u017eitkom za Va\u0161e ljubimce.<\/p>\n<ul>\n<li>Hrskavi komadi\u0107i dopinose odli\u010dnoj nezi zuba i desni<\/li>\n<li>Ne sadr\u017ei pelete kako bi se izbeglo da ljubimci ne jedu odre\u0111ene sastojke hrane<\/li>\n<li>Sadr\u017ei Juku koja poma\u017ee u kontroli neprijatnih mirisa<\/li>\n<\/ul>\n<p><strong>Sastav:<\/strong><br \/>\nP\u0161eni\u010dni obrok, speltine mekinje, suncokretova vlakna, stabljike zoba, lucerka, gra\u0161ak 6%, kukuruzne pahuljice, kukuruz, roga\u010d, pahuljice pasulja, p\u0161eni\u010dne pahuljice, seme suncokreta, obrok soje, seme lana, p\u0161eni\u010dne mekinje, ma\u010dija trava, obrok p\u0161eni\u010dnog glutena, kalcijum karbonat, banane, \u0161argarepa 4,5%, pe\u010deno seme soje, praziluk 3%, cvekla 2,5%, jabuka 2%, pa\u0161kanat 1,5%, paradajz, natrijum hlorid,\u00a0 koncentrat proteina lucerke,\u00a0 pulpa repe, azduki pasulj, kvasci, monokalcijum fosfat, FOS, kokosovo ulje, juka, glina bentonita, neven, bilje, bazga, mahovina, alge, sojino ulje, brusnica<\/p>\n<p><strong>Analytical composition:<\/strong><br \/>\nSirovi proteini 14,5%, sirove masti 4%, sirova vlakna 13,5%, sirovi pepeo 6%, kalcijum 0,70%, fosfor 0,50%, natrijum 0,15%<\/p>\n<p><strong>Dodaci po kg proizvoda:<\/strong>\u00a0<strong>Nutritivni dodaci:<\/strong><br \/>\nVitamin A 14000 IU, vitamin D3 1210 IU, vitamin E 70 mg, 3b103 (gvo\u017e\u0111e) 88 mg, 3b202 (jod) 2 mg, 3b405 (bakar) 9 mg, 3b502 (mangan) 71 mg, 3b603 (cink) 65 mg, 3b801 (selenijum) 0.20 mg<br \/>\n<strong><br \/>\nTehnolo\u0161ki dodaci:<\/strong>\u00a0Antioksidansi<\/p>\n<p><strong>Uputstvo za hranjenje:<\/strong><br \/>\nSvakodnevno menjajte vodu i dodajte sve\u017ee koli\u010dine hrane. U zavisnosti od veli\u010dine i rase kuni\u0107a, preporu\u010dena dnevna koli\u010dina hrane je od 50 do 80g.<\/p>\n<p>Uz dodatak sena i poslastica ishrana Va\u0161eh ljubimca bi\u0107e raznolika i izbalansirana<\/p>\n<p>Dostupno u pakovanju od 750g<\/p>\n<p>Proizvo\u0111a\u010d: Versle-Laga, Kapellestraat 70, Deinze, Belgium<br \/>\nZemlja porekla: Belgija (EU)<\/p>\n\n    <div class=\"xs_social_share_widget xs_share_url after_content \t\tmain_content  wslu-style-1 wslu-share-box-shaped wslu-fill-colored wslu-none wslu-share-horizontal wslu-theme-font-no wslu-main_content\">\n\n\t\t\n        <ul>\n\t\t\t        <\/ul>\n    <\/div>","protected":false},"excerpt":{"rendered":"<p>Versele Laga Cuni Nature Original predstavlja kompletnu hranu namenjenu patuljastim kuni\u0107ima<\/p>","protected":false},"featured_media":28214,"comment_status":"open","ping_status":"closed","template":"","meta":{"_acf_changed":false},"pwb-brand":[318],"product_cat":[986,987,989],"product_tag":[],"class_list":{"0":"post-28211","1":"product","2":"type-product","3":"status-publish","4":"has-post-thumbnail","6":"pwb-brand-versele-laga","7":"product_cat-glodari","8":"product_cat-zecevi","9":"product_cat-hrana-za-zeceve","11":"first","12":"instock","13":"taxable","14":"shipping-taxable","15":"purchasable","16":"product-type-variable","17":"has-default-attributes"},"acf":[],"brands":[{"id":318,"name":"Versele-Laga","slug":"versele-laga"}],"_links":{"self":[{"href":"https:\/\/pawz.rs\/en\/wp-json\/wp\/v2\/product\/28211","targetHints":{"allow":["GET"]}}],"collection":[{"href":"https:\/\/pawz.rs\/en\/wp-json\/wp\/v2\/product"}],"about":[{"href":"https:\/\/pawz.rs\/en\/wp-json\/wp\/v2\/types\/product"}],"replies":[{"embeddable":true,"href":"https:\/\/pawz.rs\/en\/wp-json\/wp\/v2\/comments?post=28211"}],"wp:featuredmedia":[{"embeddable":true,"href":"https:\/\/pawz.rs\/en\/wp-json\/wp\/v2\/media\/28214"}],"wp:attachment":[{"href":"https:\/\/pawz.rs\/en\/wp-json\/wp\/v2\/media?parent=28211"}],"wp:term":[{"taxonomy":"pwb-brand","embeddable":true,"href":"https:\/\/pawz.rs\/en\/wp-json\/wp\/v2\/pwb-brand?post=28211"},{"taxonomy":"product_cat","embeddable":true,"href":"https:\/\/pawz.rs\/en\/wp-json\/wp\/v2\/product_cat?post=28211"},{"taxonomy":"product_tag","embeddable":true,"href":"https:\/\/pawz.rs\/en\/wp-json\/wp\/v2\/product_tag?post=28211"}],"curies":[{"name":"wp","href":"https:\/\/api.w.org\/{rel}","templated":true}]}}