{"id":2822,"date":"2023-02-11T18:31:57","date_gmt":"2023-02-11T17:31:57","guid":{"rendered":"https:\/\/pawz.rs\/?post_type=product&#038;p=2822"},"modified":"2026-04-20T08:12:20","modified_gmt":"2026-04-20T06:12:20","slug":"josera-ente-kartoffel-pacetina-krompir-12kg","status":"publish","type":"product","link":"https:\/\/pawz.rs\/en\/josera-ente-kartoffel-pacetina-krompir-12kg\/","title":{"rendered":"Josera Ente&amp;Kartoffel (Pa\u010detina&amp;Krompir) 12.5kg"},"content":{"rendered":"<p><strong>Josera Ente&amp;Kartoffel (Pa\u010detina&amp;Krompir) 12.5kg<\/strong><\/p>\n<p class=\"pdp-info__short-desc\">Za na\u0161e gurmane: Prirodno zadovoljstvo uz pa\u010detinu kao jedini izvor \u017eivotinjskog proteina i uz recepturu bez \u017eitarica. Va\u017ene masne kiseline i biotin poma\u017eu o\u010duvanju zdrave ko\u017ee i sjaju dlake.<\/p>\n<ul class=\"pdp-info__bullets\">\n<li>Receptura bez \u017eitarica za odrasle pse<\/li>\n<li>Sa vrednim proteinima<\/li>\n<li>Sa biotinom i vrednim masnim kiselinama za lepo krzno<\/li>\n<li>Zahvaljuju\u0107i uskle\u0111nom rececpturom idealna pogodna hrana nakon YoungStar<\/li>\n<li>Va\u017eni sastojci kao podr\u0161ka za zdravu i sjajnu dlaku<\/li>\n<\/ul>\n<p><strong>Sastav:<\/strong> Su\u0161eni krompir; su\u0161eni protein patke; \u017eivinska mast; vlakna cvekle; krompir proteina; roga\u010d bra\u0161na; hidrolizovani \u017eivinski protein; kvasac; hidrolizovane biljne belan\u010devine; minerali; cikorija u prahu;<\/p>\n<p>Serve food in dry form with available fresh water.<br \/>\nFor your pet&#039;s health, consult a veterinarian regularly.<\/p>\n<p>Store the product in a dry, dark and cool place.<\/p>\n<p>Proizvo\u0111a\u010d: Josera petfood GmbH<br \/>\nCountry of origin: Germany<\/p>\n\n    <div class=\"xs_social_share_widget xs_share_url after_content \t\tmain_content  wslu-style-1 wslu-share-box-shaped wslu-fill-colored wslu-none wslu-share-horizontal wslu-theme-font-no wslu-main_content\">\n\n\t\t\n        <ul>\n\t\t\t        <\/ul>\n    <\/div>","protected":false},"excerpt":{"rendered":"<p>Josera Ente&amp;Kartoffel &#8211; Za na\u0161e gurmane, sa ukusom pa\u010detine, kao jedinim izvorom proteina<\/p>","protected":false},"featured_media":20104,"comment_status":"open","ping_status":"closed","template":"","meta":{"_acf_changed":false},"pwb-brand":[298,300],"product_cat":[49,47,48],"product_tag":[208,1237],"class_list":{"0":"post-2822","1":"product","2":"type-product","3":"status-publish","4":"has-post-thumbnail","6":"pwb-brand-josera","7":"pwb-brand-josera-hrana-za-pse","8":"product_cat-granule-za-pse","9":"product_cat-psi","10":"product_cat-hrana-za-pse","11":"product_tag-bez-zitarica","12":"product_tag-bump-psi","14":"first","15":"instock","16":"taxable","17":"shipping-taxable","18":"purchasable","19":"product-type-simple"},"acf":[],"brands":[{"id":298,"name":"Josera","slug":"josera"},{"id":300,"name":"josera Dog Food","slug":"josera-hrana-za-pse"}],"_links":{"self":[{"href":"https:\/\/pawz.rs\/en\/wp-json\/wp\/v2\/product\/2822","targetHints":{"allow":["GET"]}}],"collection":[{"href":"https:\/\/pawz.rs\/en\/wp-json\/wp\/v2\/product"}],"about":[{"href":"https:\/\/pawz.rs\/en\/wp-json\/wp\/v2\/types\/product"}],"replies":[{"embeddable":true,"href":"https:\/\/pawz.rs\/en\/wp-json\/wp\/v2\/comments?post=2822"}],"wp:featuredmedia":[{"embeddable":true,"href":"https:\/\/pawz.rs\/en\/wp-json\/wp\/v2\/media\/20104"}],"wp:attachment":[{"href":"https:\/\/pawz.rs\/en\/wp-json\/wp\/v2\/media?parent=2822"}],"wp:term":[{"taxonomy":"pwb-brand","embeddable":true,"href":"https:\/\/pawz.rs\/en\/wp-json\/wp\/v2\/pwb-brand?post=2822"},{"taxonomy":"product_cat","embeddable":true,"href":"https:\/\/pawz.rs\/en\/wp-json\/wp\/v2\/product_cat?post=2822"},{"taxonomy":"product_tag","embeddable":true,"href":"https:\/\/pawz.rs\/en\/wp-json\/wp\/v2\/product_tag?post=2822"}],"curies":[{"name":"wp","href":"https:\/\/api.w.org\/{rel}","templated":true}]}}