{"id":2826,"date":"2023-02-11T19:48:19","date_gmt":"2023-02-11T18:48:19","guid":{"rendered":"https:\/\/pawz.rs\/?post_type=product&#038;p=2826"},"modified":"2026-04-14T21:56:15","modified_gmt":"2026-04-14T19:56:15","slug":"josera-mini-junior-15kg","status":"publish","type":"product","link":"https:\/\/pawz.rs\/en\/josera-mini-junior-15kg\/","title":{"rendered":"Josera Mini Junior 15 kg"},"content":{"rendered":"<p><strong>Josera Mini Junior 15 kg<br \/>\n<\/strong><\/p>\n<p class=\"pdp-info__short-desc\">Za na\u0161e male istra\u017eiva\u010de, koji i dalje \u017eele da do\u017eive sjajne stvari i imaju dosta isplaniranog: Na\u0161a posebna hrana za uzgoj za male rase sa najboljim hranljivim sastojcima koji poma\u017eu u zdravom razvoju va\u0161eg ljubimca. Prati na\u0161e \u0161tence bez promene hrane nakon odrastanja i spre\u010dava pojavu kamenca od samog po\u010detka.<\/p>\n<ul class=\"pdp-info__bullets\">\n<li>Od 6. nedelje<\/li>\n<li>Mali i izuzetno ukusni kroketi<\/li>\n<li>Sa visokokvalitetnim proteinima od patke i lososa<\/li>\n<li>Va\u017ene masne kiseline za zdravu ko\u017eu i sjajnju dlaku<\/li>\n<li>Receptura koja se izuzetno dobro vari i obezbe\u0111uje kompaktni izmet<\/li>\n<li>Tako\u0111e pogodna za potpuno odrasle male pse<\/li>\n<\/ul>\n<p><strong>Sastav:<\/strong> Su\u0161eni protein patke; pirina\u010d; \u017eivinska mast; su\u0161eni krompir; krompir proteina; vlakna cvekle; su\u0161eni protein lososa; hidrolizovani \u017eivinski protein; roga\u010d bra\u0161na; hidrolizovani \u017eivotinjski protein; kvasac; minerali (sodiumtripolyphosphat 0,35%); cikorija u prahu; bilje, vo\u0107e; su\u0161eno meso novozelandske zelenousne dagnje (Perna canaliculus);<\/p>\n<p>Serve food in dry form with available fresh water.<br \/>\nFor your pet&#039;s health, consult a veterinarian regularly.<\/p>\n<p>Store the product in a dry, dark and cool place.<\/p>\n<p>Proizvo\u0111a\u010d: Josera petfood GmbH<br \/>\nCountry of origin: Germany<\/p>\n\n    <div class=\"xs_social_share_widget xs_share_url after_content \t\tmain_content  wslu-style-1 wslu-share-box-shaped wslu-fill-colored wslu-none wslu-share-horizontal wslu-theme-font-no wslu-main_content\">\n\n\t\t\n        <ul>\n\t\t\t        <\/ul>\n    <\/div>","protected":false},"excerpt":{"rendered":"<p>Josera Mini Junior\u00a0 &#8211; Za na\u0161e male istra\u017eiva\u010de, koji i dalje \u017eele da do\u017eive sjajne stvari i imaju dosta isplaniranog<\/p>","protected":false},"featured_media":2827,"comment_status":"open","ping_status":"closed","template":"","meta":{"_acf_changed":false,"_aa_vp_cena":"6335","_aa_online_cena":"8150"},"pwb-brand":[298,300],"product_cat":[49,48,47],"product_tag":[209,1237],"class_list":{"0":"post-2826","1":"product","2":"type-product","3":"status-publish","4":"has-post-thumbnail","6":"pwb-brand-josera","7":"pwb-brand-josera-hrana-za-pse","8":"product_cat-granule-za-pse","9":"product_cat-hrana-za-pse","10":"product_cat-psi","11":"product_tag-bez-glutena","12":"product_tag-bump-psi","14":"first","15":"outofstock","16":"taxable","17":"shipping-taxable","18":"purchasable","19":"product-type-simple"},"acf":[],"brands":[{"id":298,"name":"Josera","slug":"josera"},{"id":300,"name":"josera Dog Food","slug":"josera-hrana-za-pse"}],"_links":{"self":[{"href":"https:\/\/pawz.rs\/en\/wp-json\/wp\/v2\/product\/2826","targetHints":{"allow":["GET"]}}],"collection":[{"href":"https:\/\/pawz.rs\/en\/wp-json\/wp\/v2\/product"}],"about":[{"href":"https:\/\/pawz.rs\/en\/wp-json\/wp\/v2\/types\/product"}],"replies":[{"embeddable":true,"href":"https:\/\/pawz.rs\/en\/wp-json\/wp\/v2\/comments?post=2826"}],"wp:featuredmedia":[{"embeddable":true,"href":"https:\/\/pawz.rs\/en\/wp-json\/wp\/v2\/media\/2827"}],"wp:attachment":[{"href":"https:\/\/pawz.rs\/en\/wp-json\/wp\/v2\/media?parent=2826"}],"wp:term":[{"taxonomy":"pwb-brand","embeddable":true,"href":"https:\/\/pawz.rs\/en\/wp-json\/wp\/v2\/pwb-brand?post=2826"},{"taxonomy":"product_cat","embeddable":true,"href":"https:\/\/pawz.rs\/en\/wp-json\/wp\/v2\/product_cat?post=2826"},{"taxonomy":"product_tag","embeddable":true,"href":"https:\/\/pawz.rs\/en\/wp-json\/wp\/v2\/product_tag?post=2826"}],"curies":[{"name":"wp","href":"https:\/\/api.w.org\/{rel}","templated":true}]}}