{"id":2834,"date":"2023-02-12T14:01:24","date_gmt":"2023-02-12T13:01:24","guid":{"rendered":"https:\/\/pawz.rs\/?post_type=product&#038;p=2834"},"modified":"2026-04-14T21:56:16","modified_gmt":"2026-04-14T19:56:16","slug":"josera-josicat-tasty-beef","status":"publish","type":"product","link":"https:\/\/pawz.rs\/en\/josera-josicat-tasty-beef\/","title":{"rendered":"Josera JosiCat Tasty Beef"},"content":{"rendered":"<p><strong>Josera JosiCat Tasty Beef<\/strong><\/p>\n<p class=\"pdp-info__short-desc\">Unutra ili napolju? Ne mari, dok god je tu JosiCat Tasty Beef! Uravnote\u017eena me\u0161avina sastojaka u ovoj ukusnoj hrani za ljubimce od govedine obezbe\u0111uje ku\u0107nim i ma\u010dkama napolju sve vitalne prehrambene supstance koje im trebaju svaki dan. Pored toga, naravno sastavljeno od samih dobrih sastojaka!<\/p>\n<ul class=\"pdp-info__bullets\">\n<li>Kompletna hrana za odrasle ku\u0107ne i vanjske ma\u010dke<\/li>\n<li>78% proteina su \u017eivotinjski proteini, uklju\u010duju\u0107i ukusnu govedinu<\/li>\n<li>Balansiran recept koji se dobro podnosi<\/li>\n<li>Vredne masne kiseline, vitamini i elementi u tragovima obezbe\u0111uju zdravu ko\u017eu i sjajno krzno<\/li>\n<li>Bez dodate soje, \u0161e\u0107era i mle\u010dnih proizvoda<\/li>\n<li>Bez ve\u0161ta\u010dkih boja, aroma i prezervativa<\/li>\n<\/ul>\n<p><strong>Sastav:<\/strong> \u017ditarice; meso i nusproizvodi \u017eivotinjskog porekla (govedina 4,0%); biljni nusproizvodi; ulja i masti; riba i riblji nusproizvodi; minerali;<\/p>\n<p>Serve food in dry form with available fresh water.<br \/>\nFor your pet&#039;s health, consult a veterinarian regularly.<\/p>\n<p>Store the product in a dry, dark and cool place.<\/p>\n<p>Proizvo\u0111a\u010d: Josera petfood GmbH<br \/>\nCountry of origin: Germany<\/p>\n\n    <div class=\"xs_social_share_widget xs_share_url after_content \t\tmain_content  wslu-style-1 wslu-share-box-shaped wslu-fill-colored wslu-none wslu-share-horizontal wslu-theme-font-no wslu-main_content\">\n\n\t\t\n        <ul>\n\t\t\t        <\/ul>\n    <\/div>","protected":false},"excerpt":{"rendered":"<p>Unutra ili napolju? Ne mari, dok god je tu Josera JosiCat Tasty Beef!<\/p>","protected":false},"featured_media":2835,"comment_status":"open","ping_status":"closed","template":"","meta":{"_acf_changed":false},"pwb-brand":[298,299],"product_cat":[149,23,21],"product_tag":[],"class_list":{"0":"post-2834","1":"product","2":"type-product","3":"status-publish","4":"has-post-thumbnail","6":"pwb-brand-josera","7":"pwb-brand-josera-hrana-za-macke","8":"product_cat-granule-za-macke","9":"product_cat-macke","10":"product_cat-hrana-za-macke","12":"first","13":"instock","14":"taxable","15":"shipping-taxable","16":"purchasable","17":"product-type-variable","18":"has-default-attributes"},"acf":[],"brands":[{"id":298,"name":"Josera","slug":"josera"},{"id":299,"name":"Josera cat food","slug":"josera-hrana-za-macke"}],"_links":{"self":[{"href":"https:\/\/pawz.rs\/en\/wp-json\/wp\/v2\/product\/2834","targetHints":{"allow":["GET"]}}],"collection":[{"href":"https:\/\/pawz.rs\/en\/wp-json\/wp\/v2\/product"}],"about":[{"href":"https:\/\/pawz.rs\/en\/wp-json\/wp\/v2\/types\/product"}],"replies":[{"embeddable":true,"href":"https:\/\/pawz.rs\/en\/wp-json\/wp\/v2\/comments?post=2834"}],"wp:featuredmedia":[{"embeddable":true,"href":"https:\/\/pawz.rs\/en\/wp-json\/wp\/v2\/media\/2835"}],"wp:attachment":[{"href":"https:\/\/pawz.rs\/en\/wp-json\/wp\/v2\/media?parent=2834"}],"wp:term":[{"taxonomy":"pwb-brand","embeddable":true,"href":"https:\/\/pawz.rs\/en\/wp-json\/wp\/v2\/pwb-brand?post=2834"},{"taxonomy":"product_cat","embeddable":true,"href":"https:\/\/pawz.rs\/en\/wp-json\/wp\/v2\/product_cat?post=2834"},{"taxonomy":"product_tag","embeddable":true,"href":"https:\/\/pawz.rs\/en\/wp-json\/wp\/v2\/product_tag?post=2834"}],"curies":[{"name":"wp","href":"https:\/\/api.w.org\/{rel}","templated":true}]}}