{"id":28389,"date":"2024-09-07T15:41:46","date_gmt":"2024-09-07T13:41:46","guid":{"rendered":"https:\/\/pawz.rs\/?post_type=product&#038;p=28389"},"modified":"2026-05-04T19:48:14","modified_gmt":"2026-05-04T17:48:14","slug":"jbl-suction-cup-w-clip-12mm","status":"publish","type":"product","link":"https:\/\/pawz.rs\/en\/jbl-suction-cup-w-clip-12mm\/","title":{"rendered":"JBL Suction Cup W.Clip 12mm"},"content":{"rendered":"<p><strong>JBL Suction Cup W.Clip 12mm<\/strong><\/p>\n<p>Rezervni vakuum ventili za cev promera 12 mm.<\/p>\n<p>Proizvo\u0111a\u010d.: JBL GmbH &amp; Co. KG Dieselstr.3, Neuhofen, Nema\u010dka<br \/>\nCountry of origin: Germany<\/p>\n\n    <div class=\"xs_social_share_widget xs_share_url after_content \t\tmain_content  wslu-style-1 wslu-share-box-shaped wslu-fill-colored wslu-none wslu-share-horizontal wslu-theme-font-no wslu-main_content\">\n\n\t\t\n        <ul>\n\t\t\t        <\/ul>\n    <\/div>","protected":false},"excerpt":{"rendered":"<p>JBL Suction Cup W.Clip 12mm Rezervni vakuum ventili za cev promera 12 mm. Proizvo\u0111a\u010d.: JBL GmbH &amp; Co. KG Dieselstr.3, Neuhofen, Nema\u010dka Zemlja porekla: Nema\u010dka<\/p>","protected":false},"featured_media":28390,"comment_status":"open","ping_status":"closed","template":"","meta":{"_acf_changed":false},"pwb-brand":[1004],"product_cat":[993,994],"product_tag":[],"class_list":{"0":"post-28389","1":"product","2":"type-product","3":"status-publish","4":"has-post-thumbnail","6":"pwb-brand-jbl","7":"product_cat-akvaristika","8":"product_cat-oprema-akvaristika","10":"first","11":"instock","12":"taxable","13":"shipping-taxable","14":"purchasable","15":"product-type-variable","16":"has-default-attributes"},"acf":[],"brands":[{"id":1004,"name":"JBL","slug":"jbl"}],"_links":{"self":[{"href":"https:\/\/pawz.rs\/en\/wp-json\/wp\/v2\/product\/28389","targetHints":{"allow":["GET"]}}],"collection":[{"href":"https:\/\/pawz.rs\/en\/wp-json\/wp\/v2\/product"}],"about":[{"href":"https:\/\/pawz.rs\/en\/wp-json\/wp\/v2\/types\/product"}],"replies":[{"embeddable":true,"href":"https:\/\/pawz.rs\/en\/wp-json\/wp\/v2\/comments?post=28389"}],"wp:featuredmedia":[{"embeddable":true,"href":"https:\/\/pawz.rs\/en\/wp-json\/wp\/v2\/media\/28390"}],"wp:attachment":[{"href":"https:\/\/pawz.rs\/en\/wp-json\/wp\/v2\/media?parent=28389"}],"wp:term":[{"taxonomy":"pwb-brand","embeddable":true,"href":"https:\/\/pawz.rs\/en\/wp-json\/wp\/v2\/pwb-brand?post=28389"},{"taxonomy":"product_cat","embeddable":true,"href":"https:\/\/pawz.rs\/en\/wp-json\/wp\/v2\/product_cat?post=28389"},{"taxonomy":"product_tag","embeddable":true,"href":"https:\/\/pawz.rs\/en\/wp-json\/wp\/v2\/product_tag?post=28389"}],"curies":[{"name":"wp","href":"https:\/\/api.w.org\/{rel}","templated":true}]}}