{"id":28416,"date":"2024-09-09T18:53:28","date_gmt":"2024-09-09T16:53:28","guid":{"rendered":"https:\/\/pawz.rs\/?post_type=product&#038;p=28416"},"modified":"2026-05-04T19:48:18","modified_gmt":"2026-05-04T17:48:18","slug":"jbl-aquarium-thermometar-mini","status":"publish","type":"product","link":"https:\/\/pawz.rs\/en\/jbl-aquarium-thermometar-mini\/","title":{"rendered":"JBL Aquarium Thermometar Mini"},"content":{"rendered":"<p><strong>JBL Aquarium Thermometar Mini<\/strong><\/p>\n<p>Mini akvarijumski termometar du\u017eine 60 mm i pre\u010dnika 5 mm.<\/p>\n<p>Opseg merenja: 0-50 \u00b0C, fina gradacija 2 \u00b0C.<\/p>\n<p>Pro\u0161aran plavim netoksi\u010dnim alkoholom (umesto \u017eive).<\/p>\n<p>Uklapa se u JBL Cristal profi m stezaljku za filter.<\/p>\n<p>Uklju\u010duje nalepnicu.<\/p>\n<p>Proizvo\u0111a\u010d: JBL GmbH &amp; Co. KG Dieselstr.3, D-67141 Neuhofen, Nema\u010dka<br \/>\nZemlja porekla: Nema\u010dka.<\/p>\n<p>&nbsp;<\/p>\n\n    <div class=\"xs_social_share_widget xs_share_url after_content \t\tmain_content  wslu-style-1 wslu-share-box-shaped wslu-fill-colored wslu-none wslu-share-horizontal wslu-theme-font-no wslu-main_content\">\n\n\t\t\n        <ul>\n\t\t\t        <\/ul>\n    <\/div>","protected":false},"excerpt":{"rendered":"<p>JBL Aquarium Thermometar predstavlja mini akvarijumski termometar<\/p>","protected":false},"featured_media":28417,"comment_status":"open","ping_status":"closed","template":"","meta":{"_acf_changed":false},"pwb-brand":[1004],"product_cat":[993,994],"product_tag":[],"class_list":{"0":"post-28416","1":"product","2":"type-product","3":"status-publish","4":"has-post-thumbnail","6":"pwb-brand-jbl","7":"product_cat-akvaristika","8":"product_cat-oprema-akvaristika","10":"first","11":"outofstock","12":"taxable","13":"shipping-taxable","14":"purchasable","15":"product-type-simple"},"acf":[],"brands":[{"id":1004,"name":"JBL","slug":"jbl"}],"_links":{"self":[{"href":"https:\/\/pawz.rs\/en\/wp-json\/wp\/v2\/product\/28416","targetHints":{"allow":["GET"]}}],"collection":[{"href":"https:\/\/pawz.rs\/en\/wp-json\/wp\/v2\/product"}],"about":[{"href":"https:\/\/pawz.rs\/en\/wp-json\/wp\/v2\/types\/product"}],"replies":[{"embeddable":true,"href":"https:\/\/pawz.rs\/en\/wp-json\/wp\/v2\/comments?post=28416"}],"wp:featuredmedia":[{"embeddable":true,"href":"https:\/\/pawz.rs\/en\/wp-json\/wp\/v2\/media\/28417"}],"wp:attachment":[{"href":"https:\/\/pawz.rs\/en\/wp-json\/wp\/v2\/media?parent=28416"}],"wp:term":[{"taxonomy":"pwb-brand","embeddable":true,"href":"https:\/\/pawz.rs\/en\/wp-json\/wp\/v2\/pwb-brand?post=28416"},{"taxonomy":"product_cat","embeddable":true,"href":"https:\/\/pawz.rs\/en\/wp-json\/wp\/v2\/product_cat?post=28416"},{"taxonomy":"product_tag","embeddable":true,"href":"https:\/\/pawz.rs\/en\/wp-json\/wp\/v2\/product_tag?post=28416"}],"curies":[{"name":"wp","href":"https:\/\/api.w.org\/{rel}","templated":true}]}}