{"id":28420,"date":"2024-09-09T18:53:26","date_gmt":"2024-09-09T16:53:26","guid":{"rendered":"https:\/\/pawz.rs\/?post_type=product&#038;p=28420"},"modified":"2026-05-04T19:51:02","modified_gmt":"2026-05-04T17:51:02","slug":"jbl-aquapad","status":"publish","type":"product","link":"https:\/\/pawz.rs\/en\/jbl-aquapad\/","title":{"rendered":"JBL Aquapad"},"content":{"rendered":"<p><strong>JBL Aquapad <\/strong><\/p>\n<p>JBL AquaPad-za\u0161titna podloga za akvarijume<\/p>\n<p>Osigurano je sigurno postavljanje akvarijuma na podlogu<\/p>\n<p>Smanjena je mogu\u0107nost pucanja stakla<\/p>\n<p>Ograni\u010den je gubitak topline<\/p>\n<p>Stimulira se rast akvarijumskog bilja<\/p>\n<p>Proizvo\u0111a\u010d: JBL GmbH &amp; Co. KG Dieselstr.3, D-67141 Neuhofen, Nema\u010dka<br \/>\nZemlja porekla: Nema\u010dka.<\/p>\n<p>&nbsp;<\/p>\n\n    <div class=\"xs_social_share_widget xs_share_url after_content \t\tmain_content  wslu-style-1 wslu-share-box-shaped wslu-fill-colored wslu-none wslu-share-horizontal wslu-theme-font-no wslu-main_content\">\n\n\t\t\n        <ul>\n\t\t\t        <\/ul>\n    <\/div>","protected":false},"excerpt":{"rendered":"<p>JBL Aquapad predstavlja za\u0161titnu podlogu za akvarijume<\/p>","protected":false},"featured_media":28421,"comment_status":"open","ping_status":"closed","template":"","meta":{"_acf_changed":false},"pwb-brand":[1004],"product_cat":[993,994],"product_tag":[],"class_list":{"0":"post-28420","1":"product","2":"type-product","3":"status-publish","4":"has-post-thumbnail","6":"pwb-brand-jbl","7":"product_cat-akvaristika","8":"product_cat-oprema-akvaristika","10":"first","11":"instock","12":"taxable","13":"shipping-taxable","14":"purchasable","15":"product-type-variable","16":"has-default-attributes"},"acf":[],"brands":[{"id":1004,"name":"JBL","slug":"jbl"}],"_links":{"self":[{"href":"https:\/\/pawz.rs\/en\/wp-json\/wp\/v2\/product\/28420","targetHints":{"allow":["GET"]}}],"collection":[{"href":"https:\/\/pawz.rs\/en\/wp-json\/wp\/v2\/product"}],"about":[{"href":"https:\/\/pawz.rs\/en\/wp-json\/wp\/v2\/types\/product"}],"replies":[{"embeddable":true,"href":"https:\/\/pawz.rs\/en\/wp-json\/wp\/v2\/comments?post=28420"}],"wp:featuredmedia":[{"embeddable":true,"href":"https:\/\/pawz.rs\/en\/wp-json\/wp\/v2\/media\/28421"}],"wp:attachment":[{"href":"https:\/\/pawz.rs\/en\/wp-json\/wp\/v2\/media?parent=28420"}],"wp:term":[{"taxonomy":"pwb-brand","embeddable":true,"href":"https:\/\/pawz.rs\/en\/wp-json\/wp\/v2\/pwb-brand?post=28420"},{"taxonomy":"product_cat","embeddable":true,"href":"https:\/\/pawz.rs\/en\/wp-json\/wp\/v2\/product_cat?post=28420"},{"taxonomy":"product_tag","embeddable":true,"href":"https:\/\/pawz.rs\/en\/wp-json\/wp\/v2\/product_tag?post=28420"}],"curies":[{"name":"wp","href":"https:\/\/api.w.org\/{rel}","templated":true}]}}