{"id":28434,"date":"2024-09-07T15:42:42","date_gmt":"2024-09-07T13:42:42","guid":{"rendered":"https:\/\/pawz.rs\/?post_type=product&#038;p=28434"},"modified":"2026-05-04T19:48:22","modified_gmt":"2026-05-04T17:48:22","slug":"jbl-discon","status":"publish","type":"product","link":"https:\/\/pawz.rs\/en\/jbl-discon\/","title":{"rendered":"JBL Discon"},"content":{"rendered":"<p><strong>JBL Discon<\/strong><\/p>\n<p>Izra\u0111en od neraskidivog plasti\u010dnog materijala.<\/p>\n<p>Lako \u010di\u0161\u0107enje i dezinfekcija<\/p>\n<p>Proizvo\u0111a\u010d: JBL GmbH &amp; Co. KG D-67141 Neuhofen, Nema\u010dka<br \/>\nCountry of origin: Germany<\/p>\n\n    <div class=\"xs_social_share_widget xs_share_url after_content \t\tmain_content  wslu-style-1 wslu-share-box-shaped wslu-fill-colored wslu-none wslu-share-horizontal wslu-theme-font-no wslu-main_content\">\n\n\t\t\n        <ul>\n\t\t\t        <\/ul>\n    <\/div>","protected":false},"excerpt":{"rendered":"<p>JBL Discon Izra\u0111en od neraskidivog plasti\u010dnog materijala. Lako \u010di\u0161\u0107enje i dezinfekcija Proizvo\u0111a\u010d: JBL GmbH &amp; Co. KG D-67141 Neuhofen, Nema\u010dka Zemlja porekla: Nema\u010dka<\/p>","protected":false},"featured_media":28435,"comment_status":"open","ping_status":"closed","template":"","meta":{"_acf_changed":false},"pwb-brand":[1004],"product_cat":[993,994],"product_tag":[],"class_list":{"0":"post-28434","1":"product","2":"type-product","3":"status-publish","4":"has-post-thumbnail","6":"pwb-brand-jbl","7":"product_cat-akvaristika","8":"product_cat-oprema-akvaristika","10":"first","11":"instock","12":"taxable","13":"shipping-taxable","14":"purchasable","15":"product-type-simple"},"acf":[],"brands":[{"id":1004,"name":"JBL","slug":"jbl"}],"_links":{"self":[{"href":"https:\/\/pawz.rs\/en\/wp-json\/wp\/v2\/product\/28434","targetHints":{"allow":["GET"]}}],"collection":[{"href":"https:\/\/pawz.rs\/en\/wp-json\/wp\/v2\/product"}],"about":[{"href":"https:\/\/pawz.rs\/en\/wp-json\/wp\/v2\/types\/product"}],"replies":[{"embeddable":true,"href":"https:\/\/pawz.rs\/en\/wp-json\/wp\/v2\/comments?post=28434"}],"wp:featuredmedia":[{"embeddable":true,"href":"https:\/\/pawz.rs\/en\/wp-json\/wp\/v2\/media\/28435"}],"wp:attachment":[{"href":"https:\/\/pawz.rs\/en\/wp-json\/wp\/v2\/media?parent=28434"}],"wp:term":[{"taxonomy":"pwb-brand","embeddable":true,"href":"https:\/\/pawz.rs\/en\/wp-json\/wp\/v2\/pwb-brand?post=28434"},{"taxonomy":"product_cat","embeddable":true,"href":"https:\/\/pawz.rs\/en\/wp-json\/wp\/v2\/product_cat?post=28434"},{"taxonomy":"product_tag","embeddable":true,"href":"https:\/\/pawz.rs\/en\/wp-json\/wp\/v2\/product_tag?post=28434"}],"curies":[{"name":"wp","href":"https:\/\/api.w.org\/{rel}","templated":true}]}}