{"id":2852,"date":"2023-02-12T15:25:14","date_gmt":"2023-02-12T14:25:14","guid":{"rendered":"https:\/\/pawz.rs\/?post_type=product&#038;p=2852"},"modified":"2026-04-14T21:56:26","modified_gmt":"2026-04-14T19:56:26","slug":"josera-culinesse","status":"publish","type":"product","link":"https:\/\/pawz.rs\/en\/josera-culinesse\/","title":{"rendered":"Josera Culinesse"},"content":{"rendered":"<p><strong>Josera Culinesse<\/strong><\/p>\n<p class=\"pdp-info__short-desc\">JOSERA Culinesse sa kvalitetnim lososom je prava stvar za zahtevne ma\u010dke. Svojom izbalansiranom recepturom JOSERA Culinesse se veoma lako vari i izuzetno je ukusna.<\/p>\n<ul class=\"pdp-info__bullets\">\n<li>Uz delikatesni losos za prave gurmane<\/li>\n<li>Uz umereni sadr\u017eaj masti idealan za odrasle ma\u010dke (koje \u017eive unutra i napolju)<\/li>\n<li>Va\u017ene masne kiseline, vitamini i hranljive materije odr\u017eaju zdravom ko\u017eu i dlaku<\/li>\n<li>pH u urinu od 6,0 &#8211; 6,5 mo\u017ee da umanji rizik od formiranja kamenja u be\u0161ici<\/li>\n<\/ul>\n<p><strong>Sastav:<\/strong> su\u0161eni protein piletine; pirina\u010d; integralni kukuruz; \u010dvarci; vlakna cvekle; \u017eivinska mast; su\u0161eni protein lososa; hidrolizovani \u017eivotinjski protein; minerali; su\u0161ena \u017eivinska jetra; ulje od lososa.<\/p>\n<p>Serve food in dry form with available fresh water.<br \/>\nFor your pet&#039;s health, consult a veterinarian regularly.<\/p>\n<p>Store the product in a dry, dark and cool place.<\/p>\n<p>Proizvo\u0111a\u010d: Josera petfood GmbH<br \/>\nCountry of origin: Germany<\/p>\n\n    <div class=\"xs_social_share_widget xs_share_url after_content \t\tmain_content  wslu-style-1 wslu-share-box-shaped wslu-fill-colored wslu-none wslu-share-horizontal wslu-theme-font-no wslu-main_content\">\n\n\t\t\n        <ul>\n\t\t\t        <\/ul>\n    <\/div>","protected":false},"excerpt":{"rendered":"<p>Josera Culinesse sa kvalitetnim lososom je prava stvar za zahtevne ma\u010dke<\/p>","protected":false},"featured_media":2860,"comment_status":"open","ping_status":"closed","template":"","meta":{"_acf_changed":false},"pwb-brand":[298,299],"product_cat":[149,21,23],"product_tag":[],"class_list":{"0":"post-2852","1":"product","2":"type-product","3":"status-publish","4":"has-post-thumbnail","6":"pwb-brand-josera","7":"pwb-brand-josera-hrana-za-macke","8":"product_cat-granule-za-macke","9":"product_cat-hrana-za-macke","10":"product_cat-macke","12":"first","13":"instock","14":"taxable","15":"shipping-taxable","16":"purchasable","17":"product-type-variable","18":"has-default-attributes"},"acf":[],"brands":[{"id":298,"name":"Josera","slug":"josera"},{"id":299,"name":"Josera cat food","slug":"josera-hrana-za-macke"}],"_links":{"self":[{"href":"https:\/\/pawz.rs\/en\/wp-json\/wp\/v2\/product\/2852","targetHints":{"allow":["GET"]}}],"collection":[{"href":"https:\/\/pawz.rs\/en\/wp-json\/wp\/v2\/product"}],"about":[{"href":"https:\/\/pawz.rs\/en\/wp-json\/wp\/v2\/types\/product"}],"replies":[{"embeddable":true,"href":"https:\/\/pawz.rs\/en\/wp-json\/wp\/v2\/comments?post=2852"}],"wp:featuredmedia":[{"embeddable":true,"href":"https:\/\/pawz.rs\/en\/wp-json\/wp\/v2\/media\/2860"}],"wp:attachment":[{"href":"https:\/\/pawz.rs\/en\/wp-json\/wp\/v2\/media?parent=2852"}],"wp:term":[{"taxonomy":"pwb-brand","embeddable":true,"href":"https:\/\/pawz.rs\/en\/wp-json\/wp\/v2\/pwb-brand?post=2852"},{"taxonomy":"product_cat","embeddable":true,"href":"https:\/\/pawz.rs\/en\/wp-json\/wp\/v2\/product_cat?post=2852"},{"taxonomy":"product_tag","embeddable":true,"href":"https:\/\/pawz.rs\/en\/wp-json\/wp\/v2\/product_tag?post=2852"}],"curies":[{"name":"wp","href":"https:\/\/api.w.org\/{rel}","templated":true}]}}