{"id":2863,"date":"2023-02-12T15:58:07","date_gmt":"2023-02-12T14:58:07","guid":{"rendered":"https:\/\/pawz.rs\/?post_type=product&#038;p=2863"},"modified":"2026-04-14T21:56:26","modified_gmt":"2026-04-14T19:56:26","slug":"josera-catelux","status":"publish","type":"product","link":"https:\/\/pawz.rs\/en\/josera-catelux\/","title":{"rendered":"Josera Catelux"},"content":{"rendered":"<p><strong>Josera Catelux<\/strong><\/p>\n<p class=\"pdp-info__short-desc\">Josera Catelux je sa ukusnom pa\u010detinom i krompirom prava poslastica, a sa dodatnim dijetetskim vlaknima idealna hrana za ma\u010dke, kod kojih se stvaraju dlake loptica.<\/p>\n<ul class=\"pdp-info__bullets\">\n<li>Ukusno pa\u010dije meso i krompiri za zahtevne ma\u010dke<\/li>\n<li>Posebna dijetetska vlakna poma\u017eu u prenosu prikupljene dlake kroz digestivni trakt da bi se umanjile stvaranje loptice dlaka, posebno kod ma\u010daka sa dugom dlakom. Va\u017ene masne kiseline, vitamini i hranljive materije obezbe\u0111uju zdravu ko\u017eu i sjajno krzno.<\/li>\n<li>Vrednost pH u urinu od 6,0 &#8211; 6,5 mo\u017ee da umanji rizik od formiranja kamenja u be\u0161ici.<\/li>\n<\/ul>\n<p><strong>Sastav:<\/strong> Su\u0161eni protein piletine (\u017eivinsko 20,0 %, p\u0430\u010detina 6,0 %); integralni kukuruz; \u010dvarci; \u017eivinska mast; su\u0161eni krompir; vlakna cvekle; lignoceluloze; hidrolizovani \u017eivotinjski protein; minerali; su\u0161ena \u017eivinska jetra; ljuske bokvice;<\/p>\n<p>Serve food in dry form with available fresh water.<br \/>\nFor your pet&#039;s health, consult a veterinarian regularly.<\/p>\n<p>Store the product in a dry, dark and cool place.<\/p>\n<p>Proizvo\u0111a\u010d: Josera petfood GmbH<br \/>\nCountry of origin: Germany<\/p>\n\n    <div class=\"xs_social_share_widget xs_share_url after_content \t\tmain_content  wslu-style-1 wslu-share-box-shaped wslu-fill-colored wslu-none wslu-share-horizontal wslu-theme-font-no wslu-main_content\">\n\n\t\t\n        <ul>\n\t\t\t        <\/ul>\n    <\/div>","protected":false},"excerpt":{"rendered":"<p>Josera Catelux je sa ukusnom pa\u010detinom i krompirom prava poslastica<\/p>","protected":false},"featured_media":2866,"comment_status":"open","ping_status":"closed","template":"","meta":{"_acf_changed":false},"pwb-brand":[298,299],"product_cat":[149,23,21],"product_tag":[],"class_list":{"0":"post-2863","1":"product","2":"type-product","3":"status-publish","4":"has-post-thumbnail","6":"pwb-brand-josera","7":"pwb-brand-josera-hrana-za-macke","8":"product_cat-granule-za-macke","9":"product_cat-macke","10":"product_cat-hrana-za-macke","12":"first","13":"instock","14":"taxable","15":"shipping-taxable","16":"purchasable","17":"product-type-variable","18":"has-default-attributes"},"acf":[],"brands":[{"id":298,"name":"Josera","slug":"josera"},{"id":299,"name":"Josera cat food","slug":"josera-hrana-za-macke"}],"_links":{"self":[{"href":"https:\/\/pawz.rs\/en\/wp-json\/wp\/v2\/product\/2863","targetHints":{"allow":["GET"]}}],"collection":[{"href":"https:\/\/pawz.rs\/en\/wp-json\/wp\/v2\/product"}],"about":[{"href":"https:\/\/pawz.rs\/en\/wp-json\/wp\/v2\/types\/product"}],"replies":[{"embeddable":true,"href":"https:\/\/pawz.rs\/en\/wp-json\/wp\/v2\/comments?post=2863"}],"wp:featuredmedia":[{"embeddable":true,"href":"https:\/\/pawz.rs\/en\/wp-json\/wp\/v2\/media\/2866"}],"wp:attachment":[{"href":"https:\/\/pawz.rs\/en\/wp-json\/wp\/v2\/media?parent=2863"}],"wp:term":[{"taxonomy":"pwb-brand","embeddable":true,"href":"https:\/\/pawz.rs\/en\/wp-json\/wp\/v2\/pwb-brand?post=2863"},{"taxonomy":"product_cat","embeddable":true,"href":"https:\/\/pawz.rs\/en\/wp-json\/wp\/v2\/product_cat?post=2863"},{"taxonomy":"product_tag","embeddable":true,"href":"https:\/\/pawz.rs\/en\/wp-json\/wp\/v2\/product_tag?post=2863"}],"curies":[{"name":"wp","href":"https:\/\/api.w.org\/{rel}","templated":true}]}}