{"id":28652,"date":"2024-09-07T15:40:05","date_gmt":"2024-09-07T13:40:05","guid":{"rendered":"https:\/\/pawz.rs\/?post_type=product&#038;p=28652"},"modified":"2026-05-04T19:49:04","modified_gmt":"2026-05-04T17:49:04","slug":"jbl-anti-kink-16-mm","status":"publish","type":"product","link":"https:\/\/pawz.rs\/en\/jbl-anti-kink-16-mm\/","title":{"rendered":"JBL Anti-Kink 16 mm"},"content":{"rendered":"<p><strong>JBL Anti-Kink 16 mm<\/strong><\/p>\n<p>Odr\u017eava raspr\u0161iva\u010d zraka na odgovaraju\u0107em nivou u vrtnim jezerima.<br \/>\nIzvrstan dodatak za svaki raspr\u0161iva\u010d vazduha u vrtnim jezerima. Bez plovka raspr\u0161iva\u010d \u0107e potonuti na dno ili na najni\u017ei nivo u jezeru.<br \/>\nTo mo\u017ee uzrokovati ne\u017eeljeno me\u0161anje slojeva vode. Hladnija voda oboga\u0107ena kiseonkom leti i toplija voda na dnu zimi. Sadr\u017ei za\u0161titu od petljanja creva.<\/p>\n<p>Proizvo\u0111a\u010d: JBL GmbH &amp; Co. KG Dieselstr.3, D-67141 Neuhofen, Nema\u010dka<br \/>\nZemlja podrekla: Nema\u010dka.<\/p>\n\n    <div class=\"xs_social_share_widget xs_share_url after_content \t\tmain_content  wslu-style-1 wslu-share-box-shaped wslu-fill-colored wslu-none wslu-share-horizontal wslu-theme-font-no wslu-main_content\">\n\n\t\t\n        <ul>\n\t\t\t        <\/ul>\n    <\/div>","protected":false},"excerpt":{"rendered":"<p>JBL Anti-Kink je crevo veli\u010dine 16 mm, koji odr\u017eava raspr\u0161iva\u010d zraka na odre\u0111enom nivou<\/p>","protected":false},"featured_media":28653,"comment_status":"open","ping_status":"closed","template":"","meta":{"_acf_changed":false},"pwb-brand":[1004],"product_cat":[993,994],"product_tag":[],"class_list":{"0":"post-28652","1":"product","2":"type-product","3":"status-publish","4":"has-post-thumbnail","6":"pwb-brand-jbl","7":"product_cat-akvaristika","8":"product_cat-oprema-akvaristika","10":"first","11":"instock","12":"taxable","13":"shipping-taxable","14":"purchasable","15":"product-type-simple"},"acf":[],"brands":[{"id":1004,"name":"JBL","slug":"jbl"}],"_links":{"self":[{"href":"https:\/\/pawz.rs\/en\/wp-json\/wp\/v2\/product\/28652","targetHints":{"allow":["GET"]}}],"collection":[{"href":"https:\/\/pawz.rs\/en\/wp-json\/wp\/v2\/product"}],"about":[{"href":"https:\/\/pawz.rs\/en\/wp-json\/wp\/v2\/types\/product"}],"replies":[{"embeddable":true,"href":"https:\/\/pawz.rs\/en\/wp-json\/wp\/v2\/comments?post=28652"}],"wp:featuredmedia":[{"embeddable":true,"href":"https:\/\/pawz.rs\/en\/wp-json\/wp\/v2\/media\/28653"}],"wp:attachment":[{"href":"https:\/\/pawz.rs\/en\/wp-json\/wp\/v2\/media?parent=28652"}],"wp:term":[{"taxonomy":"pwb-brand","embeddable":true,"href":"https:\/\/pawz.rs\/en\/wp-json\/wp\/v2\/pwb-brand?post=28652"},{"taxonomy":"product_cat","embeddable":true,"href":"https:\/\/pawz.rs\/en\/wp-json\/wp\/v2\/product_cat?post=28652"},{"taxonomy":"product_tag","embeddable":true,"href":"https:\/\/pawz.rs\/en\/wp-json\/wp\/v2\/product_tag?post=28652"}],"curies":[{"name":"wp","href":"https:\/\/api.w.org\/{rel}","templated":true}]}}