{"id":28658,"date":"2024-09-07T15:40:04","date_gmt":"2024-09-07T13:40:04","guid":{"rendered":"https:\/\/pawz.rs\/?post_type=product&#038;p=28658"},"modified":"2026-05-04T19:49:07","modified_gmt":"2026-05-04T17:49:07","slug":"jbl-phosex-ultra","status":"publish","type":"product","link":"https:\/\/pawz.rs\/en\/jbl-phosex-ultra\/","title":{"rendered":"JBL Phosex Ultra"},"content":{"rendered":"<p><strong>JBL Phosex Ultra<\/strong><\/p>\n<p>JBL PhosEX ultra- uklanja i spre\u010dava ne\u017eeljeni rast algi.<br \/>\nZnatno smanjuje visok nivo fosfata nakon samo 24 sata. Delotvoran otprilike 5-6 meseci u 200 l slatke i 100 l morske vode.<\/p>\n<p>Pogodan za sve konvencionalne spolaj\u0161nje filtre sa spremnikom za filter materijale.<br \/>\nNe otpu\u0161ta aluminijum ili ostale \u0161tetne supstance.<\/p>\n<p>Apsorbuje otprilike 18000 mg fosfata.<\/p>\n<p><strong>Op\u0161te smernice: <\/strong><br \/>\nU 200 l akvarijum ne prehranjenog ribljeg fonda od 1 cm ribe po litri vode, sadr\u017eaj jednog pakovanja (340 g) JBL PhosEx ultra ostaje aktivan 5 do 6 meseci.<\/p>\n<p>Preporu\u010dujemo redovne provere vode koriste\u0107i JBL Phosphate Test Set PO4.<\/p>\n<p><strong>Kori\u0161\u0107enje: <\/strong><br \/>\nPre upotrebe kratko isperite mre\u017eastu vre\u0107icu sa JBL PhosEx ultra materijalom kako bi odstranili \u010destice pra\u0161ine. Postavite vre\u0107icu s JBL PhosEx ultra izme\u0111u filter materijala akvarijumskog filtera. Bitno je postaviti filter vunu (JBL Symec) najmanje 3 do 4 cm dugu pre i nakon JBL PhosEx ultra. Na taj na\u010din \u0161titite JBL PhosEx ultra od nepotrebnog \u010di\u0161\u0107enja i otpu\u0161tanja \u010destica pra\u0161ine u akvarijum. nivo fosfata od 10 mg\/l brzo su redukovane na vrednosti manje od 1 mg\/l. JBL PhosEx ultra potrebno je zameniti pove\u0107anjem nivoa fosfata.<\/p>\n<p><strong>Napomena: <\/strong><br \/>\nProtok vode kroz filter mora biti \u0161to sporiji kako bi JBL PhosEx ultra postigao najbolji mogu\u0107i efekt.<br \/>\nOstvarite to na slede\u0107i na\u010din: smanjite nizvodni protok (na izlaznoj strani) za otprilike 50% na klasi\u010dnim komercijalnim spoljnim filterima pogonjeni motorom (JBL Cristal Profi, itd.) pomo\u0107u ventila. Puno bolje rezultate posti\u0107i \u0107ete koriste\u0107i JBL PhosEx ultra u biolo\u0161kim sporim filterima ili u zasebnoj filter posudi obilaznog toka sa samo otprilike 10% volumena vode koja prolazi glavnim filterom. Mo\u017ee se o\u010dekivati sporije otklanjanje fosfata kod kori\u0161\u0107enja nepogonjenog toka.<\/p>\n<p>Prilikom prvog kori\u0161\u0107enja PhosEx ultra mo\u017ee uzrokovati lagano pove\u0107anje karbonatne tvrdo\u0107e i pH razine. Iz tog razloga budite oprezni kada se koristi u ekstremno mekoj vodi sa nivoom pH manjom od 7.<\/p>\n<p>Sadr\u017eaj: 340 g za 200 l vode.<\/p>\n<p>Proizvo\u0111a\u010d: JBL GmbH &amp; Co. KG Dieselstr.3, D-67141 Neuhofen, Nema\u010dka<br \/>\nZemlja porekla: Nema\u010dka.<\/p>\n\n    <div class=\"xs_social_share_widget xs_share_url after_content \t\tmain_content  wslu-style-1 wslu-share-box-shaped wslu-fill-colored wslu-none wslu-share-horizontal wslu-theme-font-no wslu-main_content\">\n\n\t\t\n        <ul>\n\t\t\t        <\/ul>\n    <\/div>","protected":false},"excerpt":{"rendered":"<p>JBL Phosex Ultra predstavlja proizvod koji spre\u010dava i uklanja ne\u017eeljeni rast algi<\/p>","protected":false},"featured_media":28659,"comment_status":"open","ping_status":"closed","template":"","meta":{"_acf_changed":false},"pwb-brand":[1004],"product_cat":[993,1001],"product_tag":[],"class_list":{"0":"post-28658","1":"product","2":"type-product","3":"status-publish","4":"has-post-thumbnail","6":"pwb-brand-jbl","7":"product_cat-akvaristika","8":"product_cat-nega-i-odrzavanje","10":"first","11":"instock","12":"taxable","13":"shipping-taxable","14":"purchasable","15":"product-type-simple"},"acf":[],"brands":[{"id":1004,"name":"JBL","slug":"jbl"}],"_links":{"self":[{"href":"https:\/\/pawz.rs\/en\/wp-json\/wp\/v2\/product\/28658","targetHints":{"allow":["GET"]}}],"collection":[{"href":"https:\/\/pawz.rs\/en\/wp-json\/wp\/v2\/product"}],"about":[{"href":"https:\/\/pawz.rs\/en\/wp-json\/wp\/v2\/types\/product"}],"replies":[{"embeddable":true,"href":"https:\/\/pawz.rs\/en\/wp-json\/wp\/v2\/comments?post=28658"}],"wp:featuredmedia":[{"embeddable":true,"href":"https:\/\/pawz.rs\/en\/wp-json\/wp\/v2\/media\/28659"}],"wp:attachment":[{"href":"https:\/\/pawz.rs\/en\/wp-json\/wp\/v2\/media?parent=28658"}],"wp:term":[{"taxonomy":"pwb-brand","embeddable":true,"href":"https:\/\/pawz.rs\/en\/wp-json\/wp\/v2\/pwb-brand?post=28658"},{"taxonomy":"product_cat","embeddable":true,"href":"https:\/\/pawz.rs\/en\/wp-json\/wp\/v2\/product_cat?post=28658"},{"taxonomy":"product_tag","embeddable":true,"href":"https:\/\/pawz.rs\/en\/wp-json\/wp\/v2\/product_tag?post=28658"}],"curies":[{"name":"wp","href":"https:\/\/api.w.org\/{rel}","templated":true}]}}