{"id":28676,"date":"2024-09-07T15:40:06","date_gmt":"2024-09-07T13:40:06","guid":{"rendered":"https:\/\/pawz.rs\/?post_type=product&#038;p=28676"},"modified":"2026-05-04T19:49:13","modified_gmt":"2026-05-04T17:49:13","slug":"jbl-prosilent-control","status":"publish","type":"product","link":"https:\/\/pawz.rs\/en\/jbl-prosilent-control\/","title":{"rendered":"JBL Prosilent Control"},"content":{"rendered":"<p><strong>JBL Prosilent Control<\/strong><\/p>\n<p>1 ulaz, 2 izlaza za vazduh s preciznim individualnim pode\u0161avanjem.<\/p>\n<p>Svaki priklju\u010dak cevi je navojni i samoblokiraju\u0107i.<\/p>\n<p>Mogu\u0107nost spajanja dvostrukog ventila s dodatnim dvostrukim ventilom. I<\/p>\n<p>zborni zidni nosa\u010d.<\/p>\n<p>Zaporni ventili nisu idealni za CO2.<\/p>\n<p>Proizvo\u0111a\u010d: JBL GmbH &amp; Co. KG D-67141 Neuhofen, Nema\u010dka.<br \/>\nZemlja porijekla: Nema\u010dka.<\/p>\n\n    <div class=\"xs_social_share_widget xs_share_url after_content \t\tmain_content  wslu-style-1 wslu-share-box-shaped wslu-fill-colored wslu-none wslu-share-horizontal wslu-theme-font-no wslu-main_content\">\n\n\t\t\n        <ul>\n\t\t\t        <\/ul>\n    <\/div>","protected":false},"excerpt":{"rendered":"<p>JBL Prosilent Control predstavlja vazdu\u0161nu pumpu za akvarijume<\/p>","protected":false},"featured_media":28677,"comment_status":"open","ping_status":"closed","template":"","meta":{"_acf_changed":false},"pwb-brand":[1004],"product_cat":[993,1000],"product_tag":[],"class_list":{"0":"post-28676","1":"product","2":"type-product","3":"status-publish","4":"has-post-thumbnail","6":"pwb-brand-jbl","7":"product_cat-akvaristika","8":"product_cat-tehnika-grejanje-rasveta","10":"first","11":"instock","12":"taxable","13":"shipping-taxable","14":"purchasable","15":"product-type-simple"},"acf":[],"brands":[{"id":1004,"name":"JBL","slug":"jbl"}],"_links":{"self":[{"href":"https:\/\/pawz.rs\/en\/wp-json\/wp\/v2\/product\/28676","targetHints":{"allow":["GET"]}}],"collection":[{"href":"https:\/\/pawz.rs\/en\/wp-json\/wp\/v2\/product"}],"about":[{"href":"https:\/\/pawz.rs\/en\/wp-json\/wp\/v2\/types\/product"}],"replies":[{"embeddable":true,"href":"https:\/\/pawz.rs\/en\/wp-json\/wp\/v2\/comments?post=28676"}],"wp:featuredmedia":[{"embeddable":true,"href":"https:\/\/pawz.rs\/en\/wp-json\/wp\/v2\/media\/28677"}],"wp:attachment":[{"href":"https:\/\/pawz.rs\/en\/wp-json\/wp\/v2\/media?parent=28676"}],"wp:term":[{"taxonomy":"pwb-brand","embeddable":true,"href":"https:\/\/pawz.rs\/en\/wp-json\/wp\/v2\/pwb-brand?post=28676"},{"taxonomy":"product_cat","embeddable":true,"href":"https:\/\/pawz.rs\/en\/wp-json\/wp\/v2\/product_cat?post=28676"},{"taxonomy":"product_tag","embeddable":true,"href":"https:\/\/pawz.rs\/en\/wp-json\/wp\/v2\/product_tag?post=28676"}],"curies":[{"name":"wp","href":"https:\/\/api.w.org\/{rel}","templated":true}]}}