{"id":28764,"date":"2024-09-07T15:43:13","date_gmt":"2024-09-07T13:43:13","guid":{"rendered":"https:\/\/pawz.rs\/?post_type=product&#038;p=28764"},"modified":"2026-05-04T19:49:44","modified_gmt":"2026-05-04T17:49:44","slug":"jbl-proflora-aquabasis-plus","status":"publish","type":"product","link":"https:\/\/pawz.rs\/en\/jbl-proflora-aquabasis-plus\/","title":{"rendered":"JBL Proflora Aquabasis Plus"},"content":{"rendered":"<p><strong>JBL Aquabasis Plus\u00a0<\/strong><\/p>\n<p>Kompletan hranjivi supstrat za \u0161ljunak novih akvarijuma<\/p>\n<p>Nije potrebno me\u0161ati ga sa \u0161ljunkom.<\/p>\n<p>Sadr\u017ei sve esencijalne hranjive materije poput gvo\u017e\u0111a, minerala i elemenata u tragovima.Sadr\u017ei glinu koja skladi\u0161ti hranjive materije tako da ih ve\u017ee i kasnije otpu\u0161ta.<\/p>\n<p>Ne sadr\u017ei nitrate i fosfate koji stimuli\u0161u rast algi.Rok trajanja neogranicen.Serija i koli\u010dina utisnuti na pakovanju, \u010duvati na suvom i hladnom.<\/p>\n<p>Proizvo\u0111a\u010d: JBL GmbH &amp; Co. KG Dieselstr.3, D-67141 Neuhofen, Nema\u010dka<br \/>\nZemlja porekla: Nema\u010dka.<\/p>\n\n    <div class=\"xs_social_share_widget xs_share_url after_content \t\tmain_content  wslu-style-1 wslu-share-box-shaped wslu-fill-colored wslu-none wslu-share-horizontal wslu-theme-font-no wslu-main_content\">\n\n\t\t\n        <ul>\n\t\t\t        <\/ul>\n    <\/div>","protected":false},"excerpt":{"rendered":"<p>JBL Aquabasis Plus predstavlja kompletan hranljivi supstrat za akvarijume<\/p>","protected":false},"featured_media":28765,"comment_status":"open","ping_status":"closed","template":"","meta":{"_acf_changed":false},"pwb-brand":[1004],"product_cat":[993,1001],"product_tag":[],"class_list":{"0":"post-28764","1":"product","2":"type-product","3":"status-publish","4":"has-post-thumbnail","6":"pwb-brand-jbl","7":"product_cat-akvaristika","8":"product_cat-nega-i-odrzavanje","10":"first","11":"instock","12":"taxable","13":"shipping-taxable","14":"purchasable","15":"product-type-variable","16":"has-default-attributes"},"acf":[],"brands":[{"id":1004,"name":"JBL","slug":"jbl"}],"_links":{"self":[{"href":"https:\/\/pawz.rs\/en\/wp-json\/wp\/v2\/product\/28764","targetHints":{"allow":["GET"]}}],"collection":[{"href":"https:\/\/pawz.rs\/en\/wp-json\/wp\/v2\/product"}],"about":[{"href":"https:\/\/pawz.rs\/en\/wp-json\/wp\/v2\/types\/product"}],"replies":[{"embeddable":true,"href":"https:\/\/pawz.rs\/en\/wp-json\/wp\/v2\/comments?post=28764"}],"wp:featuredmedia":[{"embeddable":true,"href":"https:\/\/pawz.rs\/en\/wp-json\/wp\/v2\/media\/28765"}],"wp:attachment":[{"href":"https:\/\/pawz.rs\/en\/wp-json\/wp\/v2\/media?parent=28764"}],"wp:term":[{"taxonomy":"pwb-brand","embeddable":true,"href":"https:\/\/pawz.rs\/en\/wp-json\/wp\/v2\/pwb-brand?post=28764"},{"taxonomy":"product_cat","embeddable":true,"href":"https:\/\/pawz.rs\/en\/wp-json\/wp\/v2\/product_cat?post=28764"},{"taxonomy":"product_tag","embeddable":true,"href":"https:\/\/pawz.rs\/en\/wp-json\/wp\/v2\/product_tag?post=28764"}],"curies":[{"name":"wp","href":"https:\/\/api.w.org\/{rel}","templated":true}]}}