{"id":28779,"date":"2024-08-30T18:05:28","date_gmt":"2024-08-30T16:05:28","guid":{"rendered":"https:\/\/pawz.rs\/?post_type=product&#038;p=28779"},"modified":"2025-06-29T19:57:48","modified_gmt":"2025-06-29T17:57:48","slug":"versele-laga-fiberfood-cuni","status":"publish","type":"product","link":"https:\/\/pawz.rs\/en\/versele-laga-fiberfood-cuni\/","title":{"rendered":"Versele Laga Fiberfood Cuni"},"content":{"rendered":"<p><strong>Versele Laga Fiberfood Cuni<\/strong><\/p>\n<p>Kompletna izbalansirana me\u0161avina namenjena ishrani svih vrsta patuljastih ze\u010deva i kuni\u0107a koji su osetljivi na odre\u0111ene sastojke hrane<\/p>\n<ul>\n<li>Me\u0161avina bogata vlaknima koja sadr\u017ei samo najbolje sastojke koji se lako vare poput ma\u010dije trave i \u0161argarepe<\/li>\n<li>Prepuna posebno odabranih vrsta trave i bilja koje doprinose boljem zdravlju zuba i probavnog sistema<\/li>\n<li>Bez \u017eitarica radi optimalne probave<\/li>\n<li>Sadr\u017ei dodatne antioksidanse<\/li>\n<\/ul>\n<p><strong>Sastav:<br \/>\n<\/strong>Derivati biljnog porekla ( trave i bilje28%: ma\u010dija trava, je\u017eevica, engleski ljulj, Poa pratensis, Festuca pratensis, Festuca arundinacea,\u00a0 bela detelina, crvena detelina, lisi\u010diji rep, mu\u0161ka bokvica, masla\u010dak, hajdu\u010dka trava ) povr\u0107e ( gra\u0161ak 12,7%, \u0161argarepa 8% ), vo\u0107e, semenje , minerali, ekstrakti proteina iz povr\u0107a, ulja i masti, FOS, kalendula, MOS, juka, alge<\/p>\n<p><strong>Analytical composition:<br \/>\n<\/strong>Proteini 15,5%, masti 3,5%, sirova vlakna 17,5%, sirovi pepeo 8,5%, kalcijum 0,75%, fosfor 0,55%<\/p>\n<p><strong>Nutritivni dodaci po KG proizvoda:<br \/>\n<\/strong>Vitamin A 11580 IU, vitamin D3 1390 IU, vitamin E 92mg, vitamin C 36mg,\u00a0 gvo\u017e\u0111e 115mg, jod 2mg, bakar 11mg, mangan 86mg, cink 81mg, selen 0,20mg.<br \/>\n<strong>Tehnolo\u0161ki dodaci:<\/strong>\u00a0antioksisansi<\/p>\n<p><strong>Uputstvo za upotrebu:<br \/>\n<\/strong>Svakodnevno menjajte vodu i dodajte sve\u017eu hranu Va\u0161em ljubimcu. U zavisnosti od veli\u010dine i rase Va\u0161eg zeca preporu\u010duju se dnevne porcije od 50 do 105 grama.<br \/>\nUz bogat dodatak sena ma\u010dije trave i Nature Snacks Va\u0161 ljubimac \u0107e imati dovoljno raznolikosti u ishrani<\/p>\n<p>Dostupno u pakovanjima od 1kg i 2,75kg<\/p>\n<p>Proizvo\u0111a\u010d: Versle-Laga, Kapellestraat 70, Deinze, Belgium<br \/>\nZemlja porekla: Belgija (EU)<\/p>\n\n    <div class=\"xs_social_share_widget xs_share_url after_content \t\tmain_content  wslu-style-1 wslu-share-box-shaped wslu-fill-colored wslu-none wslu-share-horizontal wslu-theme-font-no wslu-main_content\">\n\n\t\t\n        <ul>\n\t\t\t        <\/ul>\n    <\/div>","protected":false},"excerpt":{"rendered":"<p>Versele Laga Fiberfood Cuni predstavlja kompletnu me\u0161avinu namenjenu ishrani patuljastih ze\u010deva i kuni\u0107a<\/p>","protected":false},"featured_media":28782,"comment_status":"open","ping_status":"closed","template":"","meta":{"_acf_changed":false},"pwb-brand":[318],"product_cat":[986,987,989],"product_tag":[],"class_list":{"0":"post-28779","1":"product","2":"type-product","3":"status-publish","4":"has-post-thumbnail","6":"pwb-brand-versele-laga","7":"product_cat-glodari","8":"product_cat-zecevi","9":"product_cat-hrana-za-zeceve","11":"first","12":"instock","13":"taxable","14":"shipping-taxable","15":"purchasable","16":"product-type-variable","17":"has-default-attributes"},"acf":[],"brands":[{"id":318,"name":"Versele-Laga","slug":"versele-laga"}],"_links":{"self":[{"href":"https:\/\/pawz.rs\/en\/wp-json\/wp\/v2\/product\/28779","targetHints":{"allow":["GET"]}}],"collection":[{"href":"https:\/\/pawz.rs\/en\/wp-json\/wp\/v2\/product"}],"about":[{"href":"https:\/\/pawz.rs\/en\/wp-json\/wp\/v2\/types\/product"}],"replies":[{"embeddable":true,"href":"https:\/\/pawz.rs\/en\/wp-json\/wp\/v2\/comments?post=28779"}],"wp:featuredmedia":[{"embeddable":true,"href":"https:\/\/pawz.rs\/en\/wp-json\/wp\/v2\/media\/28782"}],"wp:attachment":[{"href":"https:\/\/pawz.rs\/en\/wp-json\/wp\/v2\/media?parent=28779"}],"wp:term":[{"taxonomy":"pwb-brand","embeddable":true,"href":"https:\/\/pawz.rs\/en\/wp-json\/wp\/v2\/pwb-brand?post=28779"},{"taxonomy":"product_cat","embeddable":true,"href":"https:\/\/pawz.rs\/en\/wp-json\/wp\/v2\/product_cat?post=28779"},{"taxonomy":"product_tag","embeddable":true,"href":"https:\/\/pawz.rs\/en\/wp-json\/wp\/v2\/product_tag?post=28779"}],"curies":[{"name":"wp","href":"https:\/\/api.w.org\/{rel}","templated":true}]}}