{"id":28783,"date":"2024-08-30T18:04:29","date_gmt":"2024-08-30T16:04:29","guid":{"rendered":"https:\/\/pawz.rs\/?post_type=product&#038;p=28783"},"modified":"2026-02-19T18:15:58","modified_gmt":"2026-02-19T17:15:58","slug":"versele-laga-crispy-muesli-rabbits-patuljasti-zecevi","status":"publish","type":"product","link":"https:\/\/pawz.rs\/en\/versele-laga-crispy-muesli-rabbits-patuljasti-zecevi\/","title":{"rendered":"Versele Laga Crispy Muesli Rabbits-Patuljasti Ze\u010devi"},"content":{"rendered":"<p><strong>Versele Laga Crispy Muesli Rabbits-Patuljasti Ze\u010devi<\/strong><\/p>\n<p>Ukusna me\u0161avina bogata vlaknima namenjena patuljastim ze\u010devima<\/p>\n<ul>\n<li>Me\u0161avina bogata vlaknima koja doprinosi zdravlju digestivnog trakta i zuba<\/li>\n<li>Oboga\u0107ena &#8220;Happy&amp;Healthy&#8221; peletima kako bi organizam Va\u0161eg ljubimca bio u optimalnom stanju<\/li>\n<li>Laka za kori\u0161\u0107enje zahvaljuju\u0107i prakti\u010dnom pakovanju koje \u010duva sve\u017einu<\/li>\n<\/ul>\n<p><strong>Sastav:<\/strong><br \/>\nDerivati iz povr\u0107a, \u017eitarice, povr\u0107e 5%, vo\u0107e, semenje, minerali, \u0161e\u0107eri, ekstrakti proteina iz povr\u0107a<\/p>\n<p><strong>Analytical composition:<br \/>\n<\/strong>Proteini 15%, masti 3,5%, sirova vlakna 14,5%, sirovi pepeo 8%, kalcijum 1,1%, fosfor 0,55%<\/p>\n<p><strong>Dodaci po kilogramu proizvoda: nutritivni dodaci:<br \/>\n<\/strong>Vitamin A 12800 IU, vitamin D3 1500 IU, vitamin E 100 mg, 3b103 (gvo\u017e\u0111e) 128 mg, 3b202 (jodid) 2 mg, 3b405 (bakar) 12 mg, 3b502 (mangan) 96 mg, 3b603 (cink) 90 mg, 3b801 (selenijum) 0.25 mg. tehnolo\u0161ki dodaci: antioksidansi.<br \/>\n<strong>Senzorni dodaci:<\/strong>\u00a0boje za hranu<\/p>\n<p><strong>Uputstvo za hranjenje:<\/strong><br \/>\nU zavisnosti od veli\u010dine Va\u0161eg patuljastog zeca dajte mu 50 do 80 grama hrane dnevno. Sve\u017ea pija\u0107a voda mora uvek biti dostupna ljubimcu<\/p>\n<p>Dostupno u pakovanjima od 400g, 1kg, 2,75kg i 20kg<\/p>\n<p>Proizvo\u0111a\u010d: Versle-Laga, Kapellestraat 70, Deinze, Belgium<br \/>\nZemlja porekla: Belgija (EU)<\/p>\n\n    <div class=\"xs_social_share_widget xs_share_url after_content \t\tmain_content  wslu-style-1 wslu-share-box-shaped wslu-fill-colored wslu-none wslu-share-horizontal wslu-theme-font-no wslu-main_content\">\n\n\t\t\n        <ul>\n\t\t\t        <\/ul>\n    <\/div>","protected":false},"excerpt":{"rendered":"<p>Versele Laga Crispy Muesli Rabbits je hrana namenjena patuljastim ze\u010devima<\/p>","protected":false},"featured_media":28788,"comment_status":"open","ping_status":"closed","template":"","meta":{"_acf_changed":false},"pwb-brand":[318],"product_cat":[986,987,989],"product_tag":[],"class_list":{"0":"post-28783","1":"product","2":"type-product","3":"status-publish","4":"has-post-thumbnail","6":"pwb-brand-versele-laga","7":"product_cat-glodari","8":"product_cat-zecevi","9":"product_cat-hrana-za-zeceve","11":"first","12":"instock","13":"sale","14":"taxable","15":"shipping-taxable","16":"purchasable","17":"product-type-variable","18":"has-default-attributes"},"acf":[],"brands":[{"id":318,"name":"Versele-Laga","slug":"versele-laga"}],"_links":{"self":[{"href":"https:\/\/pawz.rs\/en\/wp-json\/wp\/v2\/product\/28783","targetHints":{"allow":["GET"]}}],"collection":[{"href":"https:\/\/pawz.rs\/en\/wp-json\/wp\/v2\/product"}],"about":[{"href":"https:\/\/pawz.rs\/en\/wp-json\/wp\/v2\/types\/product"}],"replies":[{"embeddable":true,"href":"https:\/\/pawz.rs\/en\/wp-json\/wp\/v2\/comments?post=28783"}],"wp:featuredmedia":[{"embeddable":true,"href":"https:\/\/pawz.rs\/en\/wp-json\/wp\/v2\/media\/28788"}],"wp:attachment":[{"href":"https:\/\/pawz.rs\/en\/wp-json\/wp\/v2\/media?parent=28783"}],"wp:term":[{"taxonomy":"pwb-brand","embeddable":true,"href":"https:\/\/pawz.rs\/en\/wp-json\/wp\/v2\/pwb-brand?post=28783"},{"taxonomy":"product_cat","embeddable":true,"href":"https:\/\/pawz.rs\/en\/wp-json\/wp\/v2\/product_cat?post=28783"},{"taxonomy":"product_tag","embeddable":true,"href":"https:\/\/pawz.rs\/en\/wp-json\/wp\/v2\/product_tag?post=28783"}],"curies":[{"name":"wp","href":"https:\/\/api.w.org\/{rel}","templated":true}]}}