{"id":28789,"date":"2024-08-30T18:04:30","date_gmt":"2024-08-30T16:04:30","guid":{"rendered":"https:\/\/pawz.rs\/?post_type=product&#038;p=28789"},"modified":"2025-06-29T19:57:44","modified_gmt":"2025-06-29T17:57:44","slug":"versele-laga-crispy-muesli-large-rabbits-2-75-kg","status":"publish","type":"product","link":"https:\/\/pawz.rs\/en\/versele-laga-crispy-muesli-large-rabbits-2-75-kg\/","title":{"rendered":"Versele Laga Crispy Muesli Large Rabbits 2.75 kg"},"content":{"rendered":"<p><strong>Versele Laga Crispy Muesli Large Rabbits 2.75 kg<\/strong><\/p>\n<p>Ukusna me\u0161avina bogata vlaknima namenjena velikim i ze\u010devima koji \u017eive napolju<\/p>\n<ul>\n<li>Me\u0161avina bogata vlaknima koja doprinosi zdravlju digestivnog trakta i zuba<\/li>\n<li>Oboga\u0107ena &#8220;Happy&amp;Healthy&#8221; peletima kako bi organizam Va\u0161eg ljubimca bio u optimalnom stanju<\/li>\n<li>Laka za kori\u0161\u0107enje zahvaljuju\u0107i prakti\u010dnom pakovanju koje \u010duve sve\u017einu<\/li>\n<li>Sa dodatim vitaminima radi pospe\u0161ivanja prirodnog imuniteta organizma<\/li>\n<\/ul>\n<p><strong>Sastav:<br \/>\n<\/strong>Derivati iz povr\u0107a, \u017eitarice, povr\u0107e, vo\u0107e, semenje, minerali, \u0161e\u0107eri, ekstrakti proteina iz povr\u0107a<\/p>\n<p><strong>Analytical composition:<br \/>\n<\/strong>Proteini 14,5%, masti 3%, sirova vlakna 15%, sirovi pepeo 8%, kalcijum 1,1%, fosfor 0,5%<\/p>\n<p><strong>Dodaci po kilogramu proizvoda: nutritivni dodaci:<br \/>\n<\/strong>Vitamin A 22100 IU, vitamin D3 1300 IU, vitamin E 85 mg, vitamin C 200 mg, 3b103 (gvo\u017e\u0111e) 107 mg, 3b202 (jodid) 2,2 mg, 3b405 (bakar) 11 mg, 3b502 (mangan) 80 mg, 3b603 (cink) 75 mg, 3b801 (selenijum) 0.2 mg. tehnolo\u0161ki dodaci: antioksidansi.<br \/>\n<strong>Senzorni dodaci:<\/strong>\u00a0boje za hranu<\/p>\n<p><strong>Uputstvo za hranjenje:<\/strong><br \/>\nU zavisnosti od veli\u010dine Va\u0161eg zeca dajte mu 80 do 150 grama hrane dnevno. Sve\u017ea pija\u0107a voda mora uvek biti dostupna ljubimcu<\/p>\n<p>Dostupno u pakovanju od 2,75kg<\/p>\n<p>Proizvo\u0111a\u010d: Versle-Laga, Kapellestraat 70, Deinze, Belgium<br \/>\nZemlja porekla: Belgija (EU)<\/p>\n\n    <div class=\"xs_social_share_widget xs_share_url after_content \t\tmain_content  wslu-style-1 wslu-share-box-shaped wslu-fill-colored wslu-none wslu-share-horizontal wslu-theme-font-no wslu-main_content\">\n\n\t\t\n        <ul>\n\t\t\t        <\/ul>\n    <\/div>","protected":false},"excerpt":{"rendered":"<p>Versele Laga Crispy Muesli Large Rabbits predstavlja hranu koja je namenjena velikim ze\u010devima i ze\u010devima koji \u017eive napolju<\/p>","protected":false},"featured_media":28794,"comment_status":"open","ping_status":"closed","template":"","meta":{"_acf_changed":false},"pwb-brand":[318],"product_cat":[986,987,989],"product_tag":[],"class_list":{"0":"post-28789","1":"product","2":"type-product","3":"status-publish","4":"has-post-thumbnail","6":"pwb-brand-versele-laga","7":"product_cat-glodari","8":"product_cat-zecevi","9":"product_cat-hrana-za-zeceve","11":"first","12":"instock","13":"taxable","14":"shipping-taxable","15":"purchasable","16":"product-type-simple"},"acf":[],"brands":[{"id":318,"name":"Versele-Laga","slug":"versele-laga"}],"_links":{"self":[{"href":"https:\/\/pawz.rs\/en\/wp-json\/wp\/v2\/product\/28789","targetHints":{"allow":["GET"]}}],"collection":[{"href":"https:\/\/pawz.rs\/en\/wp-json\/wp\/v2\/product"}],"about":[{"href":"https:\/\/pawz.rs\/en\/wp-json\/wp\/v2\/types\/product"}],"replies":[{"embeddable":true,"href":"https:\/\/pawz.rs\/en\/wp-json\/wp\/v2\/comments?post=28789"}],"wp:featuredmedia":[{"embeddable":true,"href":"https:\/\/pawz.rs\/en\/wp-json\/wp\/v2\/media\/28794"}],"wp:attachment":[{"href":"https:\/\/pawz.rs\/en\/wp-json\/wp\/v2\/media?parent=28789"}],"wp:term":[{"taxonomy":"pwb-brand","embeddable":true,"href":"https:\/\/pawz.rs\/en\/wp-json\/wp\/v2\/pwb-brand?post=28789"},{"taxonomy":"product_cat","embeddable":true,"href":"https:\/\/pawz.rs\/en\/wp-json\/wp\/v2\/product_cat?post=28789"},{"taxonomy":"product_tag","embeddable":true,"href":"https:\/\/pawz.rs\/en\/wp-json\/wp\/v2\/product_tag?post=28789"}],"curies":[{"name":"wp","href":"https:\/\/api.w.org\/{rel}","templated":true}]}}