{"id":28799,"date":"2024-08-30T18:05:40","date_gmt":"2024-08-30T16:05:40","guid":{"rendered":"https:\/\/pawz.rs\/?post_type=product&#038;p=28799"},"modified":"2025-08-06T19:56:57","modified_gmt":"2025-08-06T17:56:57","slug":"versele-laga-cuni-complete-adult","status":"publish","type":"product","link":"https:\/\/pawz.rs\/en\/versele-laga-cuni-complete-adult\/","title":{"rendered":"Versele Laga Cuni Complete Adult"},"content":{"rendered":"<p><strong>Versele Laga Cuni Complete Adult<\/strong><\/p>\n<p>Kompletna ekstrudirana hrana bogata vlaknima namenjena odraslim patuljastim ze\u010devima<\/p>\n<p>Cuni Complete Adult\u00a0je kompletna ekstrudirana hrana u obliku peleta. Time se izbegava da Va\u0161i ljubumci ne unesu neophodne nutriente zbog izbirljivosti. Formula bez \u017eitarica i sa dugim vlaknima posebno je formulisana kako bi podmirila sve nutritivne potrebe odraslih patuljastih ze\u010deva.\u00a0 Ova hrana je napravljena u saradnji sa veterinarima.<\/p>\n<ul>\n<li>Poma\u017ee u spre\u010davanju nastanka problema sa zubima kako u sebi sadr\u017ei dovoljno sastojaka kojima se zubi Va\u0161eg zeca tro\u0161e<\/li>\n<li>Ne sadr\u017ei \u017eitarice i sadr\u017ei ograni\u010denu koli\u010dinu skroba<\/li>\n<li>Sa dodatkom \u0161argarepe i bilja za optimalan rad digestivnog trakta<\/li>\n<li>Sa dodatkom Ma\u010dije trave<\/li>\n<\/ul>\n<p><strong>Sastav:<br \/>\n<\/strong>Derivati biljnog porekla ( ma\u010dija trava,\u00a0 trave i bilje 10% ), povr\u0107e ( \u0161argarepa 4% ), ekstrakt proteina biljnog porekla, semenje ( seme lana 2% ), minerali, FOS 0,3%, kalendula, juka<\/p>\n<p><strong>Analytical composition:<br \/>\n<\/strong>Proteini 14%, masti 3%, sirova vlakna 20%, sirovi pepeo 7,5%, kalcijum 0,8%, fosfor 0,6%<\/p>\n<p><strong>Dodaci po kilogramu proizvoda: nutritivni dodaci:<br \/>\n<\/strong>Vitamin A 10000 IU, vitamin D3 1200 IU, vitamin E 80 mg, vitamin C 100 mg, 3b103 (gvo\u017e\u0111e) 100 mg, 3b202 (jodid) 2 mg, E4 (bakar) 10 mg, 3b502 (mangan) 75 mg, 3b603 (cink) 70 mg, E8 (selenijum) 0.2 mg.<br \/>\n<strong>Tehnolo\u0161ki dodaci:<\/strong>\u00a0antioksidansi,<br \/>\n<strong>Senzorni dodaci:\u00a0<\/strong>boje za hranu<\/p>\n<p><strong>Uputstvo za hranjenje:<\/strong><br \/>\nU zavisnosti od veli\u010dine i rase zeca dnevna koli\u010dina hrane bi trebalo da bude od 50 do 80 grama. Sve\u017ea voda bi uvek trebalo da bude dostupna ljubimcu. Uvek dodajte i dovoljno sena<\/p>\n<p>Dostupno u pakovanjima od 500 g i 1,75 kg<\/p>\n<p>Proizvo\u0111a\u010d: Versle-Laga, Kapellestraat 70, Deinze, Belgium<br \/>\nZemlja porekla: Belgija (EU)<\/p>\n\n    <div class=\"xs_social_share_widget xs_share_url after_content \t\tmain_content  wslu-style-1 wslu-share-box-shaped wslu-fill-colored wslu-none wslu-share-horizontal wslu-theme-font-no wslu-main_content\">\n\n\t\t\n        <ul>\n\t\t\t        <\/ul>\n    <\/div>","protected":false},"excerpt":{"rendered":"<p>Versele Laga Cuni Complete Adult je kompletna hrana za patuljaste ze\u010deve<\/p>","protected":false},"featured_media":28804,"comment_status":"open","ping_status":"closed","template":"","meta":{"_acf_changed":false},"pwb-brand":[318],"product_cat":[986,987,989],"product_tag":[],"class_list":{"0":"post-28799","1":"product","2":"type-product","3":"status-publish","4":"has-post-thumbnail","6":"pwb-brand-versele-laga","7":"product_cat-glodari","8":"product_cat-zecevi","9":"product_cat-hrana-za-zeceve","11":"first","12":"instock","13":"taxable","14":"shipping-taxable","15":"purchasable","16":"product-type-variable","17":"has-default-attributes"},"acf":[],"brands":[{"id":318,"name":"Versele-Laga","slug":"versele-laga"}],"_links":{"self":[{"href":"https:\/\/pawz.rs\/en\/wp-json\/wp\/v2\/product\/28799","targetHints":{"allow":["GET"]}}],"collection":[{"href":"https:\/\/pawz.rs\/en\/wp-json\/wp\/v2\/product"}],"about":[{"href":"https:\/\/pawz.rs\/en\/wp-json\/wp\/v2\/types\/product"}],"replies":[{"embeddable":true,"href":"https:\/\/pawz.rs\/en\/wp-json\/wp\/v2\/comments?post=28799"}],"wp:featuredmedia":[{"embeddable":true,"href":"https:\/\/pawz.rs\/en\/wp-json\/wp\/v2\/media\/28804"}],"wp:attachment":[{"href":"https:\/\/pawz.rs\/en\/wp-json\/wp\/v2\/media?parent=28799"}],"wp:term":[{"taxonomy":"pwb-brand","embeddable":true,"href":"https:\/\/pawz.rs\/en\/wp-json\/wp\/v2\/pwb-brand?post=28799"},{"taxonomy":"product_cat","embeddable":true,"href":"https:\/\/pawz.rs\/en\/wp-json\/wp\/v2\/product_cat?post=28799"},{"taxonomy":"product_tag","embeddable":true,"href":"https:\/\/pawz.rs\/en\/wp-json\/wp\/v2\/product_tag?post=28799"}],"curies":[{"name":"wp","href":"https:\/\/api.w.org\/{rel}","templated":true}]}}