{"id":28805,"date":"2024-08-30T18:05:39","date_gmt":"2024-08-30T16:05:39","guid":{"rendered":"https:\/\/pawz.rs\/?post_type=product&#038;p=28805"},"modified":"2026-04-23T22:33:35","modified_gmt":"2026-04-23T20:33:35","slug":"versele-laga-cuni-complete-junior","status":"publish","type":"product","link":"https:\/\/pawz.rs\/en\/versele-laga-cuni-complete-junior\/","title":{"rendered":"Versele Laga Cuni Complete Junior"},"content":{"rendered":"<p><strong>Versele Laga Cuni Complete Junior<\/strong><\/p>\n<p>Kompletna ekstrudirana hrana bogata proteinima namenjena patuljastim ze\u010devima starosti od 6 do 8 meseci<\/p>\n<p>Cuni Complete Junior\u00a0je kompletna ekstrudirana hrana u obliku peleta. Time se izbegava da Va\u0161i ljubumci ne unesu neophodne nutriente zbog izbirljivosti. Formula bez \u017eitarica, sa dugim vlaknima i dodatim kalcijumom, proteinima i vitaminima posebno je formulisana kako bi podmirila sve nutritivne potrebe patuljastih ze\u010deva u razvoju.\u00a0 Ova hrana je napravljena u saradnji sa veterinarima.<\/p>\n<ul>\n<li>Visok sadr\u017eaj kalcijuma, proteina i vitamina za optimalan rast i razvoj<\/li>\n<li>Ne sadr\u017ei \u017eitarice; visok sadr\u017eaj proteina, duga vlakna i seno biljke alfa-alfa<\/li>\n<li>Sa dodatkom prirodnog pigmenta biljaka radi biljeg imuniteta<\/li>\n<li>Sa dodatkom miksa bilja za bolju apsorpciju nutrienata<\/li>\n<\/ul>\n<p><strong>Sastav:<br \/>\n<\/strong>Derivati biljnog porekla ( alfa-alfa 35% ), ekstrakt proteina biljnog porekla, semenje ( seme lana 2% ), minerali, FOS 0,3%, kalendula, juka<\/p>\n<p><strong>Analytical composition:<br \/>\n<\/strong>Proteini 17%, masti 3%, sirova vlakna 20%, sirovi pepeo 9,5%, kalcijum 1%, fosfor 0,8%<\/p>\n<p><strong>Dodaci po kilogramu proizvoda: nutritivni dodaci:<br \/>\n<\/strong>Vitamin A 12000 IU, vitamin D3 1400 IU, vitamin E 95 mg, vitamin C 100 mg, 3b103 (gvo\u017e\u0111e) 120 mg, 3b202 (jodid) 2.5 mg, E4 (bakar) 12 mg, 3b502 (mangan) 90 mg, 3b603 (cink) 84 mg, E8 (selenijum) 0.24 mg<br \/>\n<strong>Tehnolo\u0161ki dodaci:<\/strong>\u00a0antioksidansi,<br \/>\n<strong>Senzorni dodaci:\u00a0<\/strong>boje za hranu<\/p>\n<p><strong>Uputstvo za hranjenje:<\/strong><br \/>\nU zavisnosti od veli\u010dine i rase zeca dnevna koli\u010dina hrane bi trebalo da bude od 30 do 50 grama. Sve\u017ea voda bi uvek trebalo da bude dostupna ljubimcu. Uvek dodajte i dovoljno sena<\/p>\n<p>Dostupno u pakovanju od 500g i 1,75kg<\/p>\n<p>Proizvo\u0111a\u010d: Versle-Laga, Kapellestraat 70, Deinze, Belgium<br \/>\nZemlja porekla: Belgija (EU)<\/p>\n\n    <div class=\"xs_social_share_widget xs_share_url after_content \t\tmain_content  wslu-style-1 wslu-share-box-shaped wslu-fill-colored wslu-none wslu-share-horizontal wslu-theme-font-no wslu-main_content\">\n\n\t\t\n        <ul>\n\t\t\t        <\/ul>\n    <\/div>","protected":false},"excerpt":{"rendered":"<p>Versele Laga Cuni Complete Junior je kompletna hrana za patuljaste ze\u010deve od 6 do 8 meseci<\/p>","protected":false},"featured_media":28809,"comment_status":"open","ping_status":"closed","template":"","meta":{"_acf_changed":false},"pwb-brand":[318],"product_cat":[986,987,989],"product_tag":[],"class_list":{"0":"post-28805","1":"product","2":"type-product","3":"status-publish","4":"has-post-thumbnail","6":"pwb-brand-versele-laga","7":"product_cat-glodari","8":"product_cat-zecevi","9":"product_cat-hrana-za-zeceve","11":"first","12":"instock","13":"taxable","14":"shipping-taxable","15":"purchasable","16":"product-type-variable","17":"has-default-attributes"},"acf":[],"brands":[{"id":318,"name":"Versele-Laga","slug":"versele-laga"}],"_links":{"self":[{"href":"https:\/\/pawz.rs\/en\/wp-json\/wp\/v2\/product\/28805","targetHints":{"allow":["GET"]}}],"collection":[{"href":"https:\/\/pawz.rs\/en\/wp-json\/wp\/v2\/product"}],"about":[{"href":"https:\/\/pawz.rs\/en\/wp-json\/wp\/v2\/types\/product"}],"replies":[{"embeddable":true,"href":"https:\/\/pawz.rs\/en\/wp-json\/wp\/v2\/comments?post=28805"}],"wp:featuredmedia":[{"embeddable":true,"href":"https:\/\/pawz.rs\/en\/wp-json\/wp\/v2\/media\/28809"}],"wp:attachment":[{"href":"https:\/\/pawz.rs\/en\/wp-json\/wp\/v2\/media?parent=28805"}],"wp:term":[{"taxonomy":"pwb-brand","embeddable":true,"href":"https:\/\/pawz.rs\/en\/wp-json\/wp\/v2\/pwb-brand?post=28805"},{"taxonomy":"product_cat","embeddable":true,"href":"https:\/\/pawz.rs\/en\/wp-json\/wp\/v2\/product_cat?post=28805"},{"taxonomy":"product_tag","embeddable":true,"href":"https:\/\/pawz.rs\/en\/wp-json\/wp\/v2\/product_tag?post=28805"}],"curies":[{"name":"wp","href":"https:\/\/api.w.org\/{rel}","templated":true}]}}